{"id":1792,"date":"2023-01-28T14:00:53","date_gmt":"2023-01-28T13:00:53","guid":{"rendered":"https:\/\/atisistemas.com\/web\/?page_id=1792"},"modified":"2023-03-07T23:03:01","modified_gmt":"2023-03-07T22:03:01","slug":"rd","status":"publish","type":"page","link":"https:\/\/atisistemas.com\/web\/en\/rd\/","title":{"rendered":"R&#038;D"},"content":{"rendered":"\n<div class=\"inherit-container-width wp-block-group alignwide is-layout-constrained wp-block-group-is-layout-constrained\" id=\"intruduction\">\n<div class=\"wp-block-columns are-vertically-aligned-top is-layout-flex wp-container-core-columns-is-layout-28f84493 wp-block-columns-is-layout-flex\">\n<div class=\"wp-block-column is-layout-flow wp-block-column-is-layout-flow\" style=\"flex-basis:100px\">\n<figure class=\"wp-block-image is-resized has-custom-border is-style-editorskit-shadow\"><img decoding=\"async\" src=\"https:\/\/atisistemas.com\/web\/wp-content\/uploads\/2023\/02\/pyme_innovadora.jpg\" alt=\"PYME innovadora\" class=\"has-border-color has-ast-global-color-8-border-color wp-image-1387\" style=\"border-width:1px\" width=\"100\" srcset=\"https:\/\/atisistemas.com\/web\/wp-content\/uploads\/2023\/02\/pyme_innovadora.jpg 703w, https:\/\/atisistemas.com\/web\/wp-content\/uploads\/2023\/02\/pyme_innovadora-230x300.jpg 230w\" sizes=\"(max-width: 703px) 100vw, 703px\" \/><\/figure>\n<\/div>\n\n\n\n<div class=\"wp-block-column is-layout-flow wp-block-column-is-layout-flow\" style=\"flex-basis:85%\">\n<p>We closely collaborate with research centers and universities for more than two decades now for the development of new projects in the industrial and scientific fields, which has led us to be recognized with the Innovative SME seal by the Ministry of Science and Innovation.<\/p>\n\n\n\n<p>Over the years we have taken part in several research projects:<\/p>\n<\/div>\n<\/div>\n<\/div>\n\n\n\n<div class=\"inherit-container-width wp-block-group alignfull is-layout-constrained wp-container-core-group-is-layout-e1db180a wp-block-group-is-layout-constrained\" style=\"margin-top:0;margin-bottom:0;padding-top:var(--wp--preset--spacing--60);padding-right:var(--wp--preset--spacing--60);padding-bottom:var(--wp--preset--spacing--60);padding-left:var(--wp--preset--spacing--60)\">\n<div class=\"wp-block-columns is-layout-flex wp-container-core-columns-is-layout-28f84493 wp-block-columns-is-layout-flex\">\n<div class=\"wp-block-column is-vertically-aligned-center is-layout-flow wp-block-column-is-layout-flow\">\n<ul class=\"wp-block-list\">\n<li>Gallaecia Project (2023 &#8211; in proposal phase): \u00abDevelopment of a positron emission tomography system\u00bb, through a call of the Interreg Spain-Portugal, involving:\n<ul class=\"wp-block-list\">\n<li><a href=\"https:\/\/www.lip.pt\/\" target=\"_blank\" rel=\"noreferrer noopener\">Laborat\u00f3rio de Instrumenta\u00e7ao e F\u00edsica Experimental de Part\u00edculas<\/a><\/li>\n\n\n\n<li><a href=\"https:\/\/www.ipc.pt\/ipc\/\" target=\"_blank\" rel=\"noreferrer noopener\">Instituto Polit\u00e9cnico de Coimbra<\/a><\/li>\n\n\n\n<li><a data-ss1676894880=\"1\" href=\"https:\/\/www.uc.pt\/icnas\/\" target=\"_blank\" rel=\"noreferrer noopener\">Instituto de Ci\u00eancias<\/a><a href=\"https:\/\/www.uc.pt\/icnas\/\" target=\"_blank\" rel=\"noreferrer noopener\"> <\/a><a data-ss1676894880=\"1\" href=\"https:\/\/www.uc.pt\/icnas\/\" target=\"_blank\" rel=\"noreferrer noopener\">Nucleares Aplicadas \u00e0 Sa\u00fade<\/a><\/li>\n\n\n\n<li><a href=\"https:\/\/www.ua.pt\/pt\/\" target=\"_blank\" rel=\"noreferrer noopener\">Universidade de Aveiro<\/a><\/li>\n\n\n\n<li>Santiago de Compostela&#8217;s University <a data-ss1676897335=\"1\" href=\"https:\/\/investigacion.usc.gal\/grupos\/4776\/detalle?lang=es\" target=\"_blank\" rel=\"noreferrer noopener\">Molecular Imaging and Medical Physics Group<\/a>.<\/li>\n\n\n\n<li>Santiago de Compostela University &#8211; Institute for heath research&#8217;s <a data-ss1676897335=\"1\" href=\"https:\/\/www.idisantiago.es\/plataformas-de-apoyo-comun\/unidad-de-imagen-experimental-unime\/\" target=\"_blank\" rel=\"noreferrer noopener\">Experimental Imaging Unit (UNIME)<\/a>.<\/li>\n\n\n\n<li>Vigo University School of Industrial Engineering&#8217;s <a data-ss1676897335=\"1\" href=\"https:\/\/cima.uvigo.es\/es\/\" target=\"_blank\" rel=\"noreferrer noopener\">CIMA group<\/a>.<\/li>\n\n\n\n<li><a data-ss1676897335=\"1\" href=\"https:\/\/galaria.sergas.gal\/\" target=\"_blank\" rel=\"noreferrer noopener\">Galaria Empresa P\u00fablica de Servicios Sanitarios (SERGAS)&#8217;s<\/a> PET Galicia Radiopharmaceutical Unit.<\/li>\n\n\n\n<li><a href=\"https:\/\/www.ri-te.pt\/\" target=\"_blank\" rel=\"noreferrer noopener\">Radiation Images Technologies Lda.<\/a><\/li>\n\n\n\n<li><a href=\"https:\/\/qubiotech.com\/\" target=\"_blank\" rel=\"noreferrer noopener\">QuBiotech SL<\/a><\/li>\n<\/ul>\n<\/li>\n\n\n\n<li>HUMAP Project (2018): \u00abMoisture homogenization system in wood boards\u00bb, through an Interconecta call, together with the Universidad de Vigo&#8217;s <a href=\"http:\/\/dept03.webs.uvigo.es\/index.php\/es\/gruinv\/gte.html\" target=\"_blank\" rel=\"noreferrer noopener\">GTE research group<\/a> and the company <a href=\"https:\/\/www.garnica.one\/\" target=\"_blank\" rel=\"noreferrer noopener\">Garnica<\/a>.<\/li>\n\n\n\n<li>NOVEC Project (2018): \u00abInnovative condensation\/Evaporation system with dielectric refrigerant fluid in closed cycle with industrial application\u00bb, through a call Conecta PEME and together with Universidad de Vigo&#8217;s <a data-ss1676897335=\"1\" href=\"http:\/\/dept03.webs.uvigo.es\/index.php\/es\/gruinv\/gte.html\" target=\"_blank\" rel=\"noreferrer noopener\">GTE research group<\/a> and the companies <a href=\"http:\/\/www.dinakchimeneas.com\/\" target=\"_blank\" rel=\"noreferrer noopener\">DINAK<\/a> and <a href=\"https:\/\/integasa.com\/\" target=\"_blank\" rel=\"noreferrer noopener\">Integasa<\/a>.<\/li>\n\n\n\n<li>CARE Project (2017): \u00abDevelopment of an automatic control system for Radon concentration in buildings\u00bb through a RETOS call together with University of Santiago de Compostela&#8217;s <a href=\"https:\/\/igfae.usc.es\/lar\/\" target=\"_blank\" rel=\"noreferrer noopener\">Radiation Analysis Laboratory (LAR)<\/a> , <a href=\"https:\/\/www.csic.es\/es\" target=\"_blank\" rel=\"noreferrer noopener\">CSIC<\/a> and the companies <a href=\"https:\/\/alibavasystems.com\/\" target=\"_blank\" rel=\"noreferrer noopener\">Alibava Systems<\/a>, <a href=\"https:\/\/www.radiansa.com\/\" target=\"_blank\" rel=\"noreferrer noopener\">Radiansa<\/a> and <a href=\"https:\/\/www.sensingcontrol.com\/\" target=\"_blank\" rel=\"noreferrer noopener\">Sensing &amp; control<\/a>.<\/li>\n\n\n\n<li>BIGs Project (2016): \u00abBiosphere Industrial Green Solutions\u00bb, through a Conecta PEME call together with Universidad de Vigo&#8217;s <a data-ss1676897335=\"1\" href=\"http:\/\/dept03.webs.uvigo.es\/index.php\/es\/gruinv\/gte.html\" target=\"_blank\" rel=\"noreferrer noopener\">GTE research group<\/a> and the companies <a href=\"https:\/\/dosmasdos.com\/\" target=\"_blank\" rel=\"noreferrer noopener\">GRG Dosmasdos<\/a> and <a href=\"https:\/\/www.termocalor.com\/\" target=\"_blank\" rel=\"noreferrer noopener\">Termocalor<\/a>.<\/li>\n\n\n\n<li>TECRA Project (2016): \u00abDevelopment of new technologies for Radon protection\u00bb, carried out through a Conecta PEME call, together with University of Santiago de Compostela&#8217;s <a href=\"https:\/\/igfae.usc.es\/lar\/\" target=\"_blank\" rel=\"noreferrer noopener\">Radiation Analysis Laboratory (LAR)<\/a> and the companies Padreiro, <a href=\"https:\/\/arraela.com\/\" target=\"_blank\" rel=\"noreferrer noopener\">Arraela<\/a> and <a href=\"https:\/\/galaicontrol.com\/\" target=\"_blank\" rel=\"noreferrer noopener\">Galaicontrol<\/a>.<\/li>\n\n\n\n<li>SIREP Project (2016): \u00abIntelligent system for electrostatic retention of particles with high added value\u00bb, carried out through a Conecta PEME call, together with Universidad de Vigo&#8217;s <a data-ss1676897335=\"1\" href=\"http:\/\/dept03.webs.uvigo.es\/index.php\/es\/gruinv\/gte.html\" target=\"_blank\" rel=\"noreferrer noopener\">GTE research group<\/a> and the company DINAK.<\/li>\n\n\n\n<li>ICH15 Project (2014): \u00abDesign of proton accelerator with CH\/IH type structure for radioactive isotope production and treatment of uveal tumors\u00bb, carried out through a RETOS call of the Ministry of Science and Innovation, together with the Universities of <a href=\"https:\/\/www.uhu.es\/\" target=\"_blank\" rel=\"noreferrer noopener\">Huelva<\/a> and <a href=\"https:\/\/www.ugr.es\/\" target=\"_blank\" rel=\"noreferrer noopener\">Granada<\/a> and the companies <a href=\"https:\/\/faysol.es\/\" target=\"_blank\" rel=\"noreferrer noopener\">Faysol<\/a> and TTI.<\/li>\n\n\n\n<li>INHORMES Project (2007): \u00abIndustrial research on concrete for a sustainable market\u00bb, carried out through a call Conecta PEME of the<a data-ss1676897335=\"1\" href=\"http:\/\/gain.xunta.gal\/\" target=\"_blank\" rel=\"noreferrer noopener\"> Axencia Galega de Innovaci\u00f3n<\/a>, in collaboration with the Universities of <a data-ss1676897335=\"1\" href=\"https:\/\/www.uvigo.gal\/\" target=\"_blank\" rel=\"noreferrer noopener\">Vigo<\/a> and <a data-ss1676897335=\"1\" href=\"https:\/\/www.usc.gal\" target=\"_blank\" rel=\"noreferrer noopener\">Santiago de Compostela<\/a>, the <a data-ss1676897335=\"1\" href=\"http:\/\/fundacionramondominguez.es\/\" target=\"_blank\" rel=\"noreferrer noopener\">Ram\u00f3n Dom\u00ednguez Foundation<\/a> and the companies <a data-ss1676897335=\"1\" href=\"https:\/\/www.xpertenlared.com\/\" target=\"_blank\" rel=\"noreferrer noopener\">XPERT<\/a> and <a data-ss1676897335=\"1\" href=\"https:\/\/www.utilvigo.es\/\" target=\"_blank\" rel=\"noreferrer noopener\">Utilvigo Ingenier\u00eda<\/a>.<\/li>\n<\/ul>\n<\/div>\n\n\n\n<div class=\"wp-block-column is-vertically-aligned-center is-layout-flow wp-container-core-column-is-layout-6c14632b wp-block-column-is-layout-flow\" style=\"flex-basis:300px\">\n<figure class=\"wp-block-image aligncenter size-large is-resized has-custom-border\"><img decoding=\"async\" src=\"https:\/\/atisistemas.com\/web\/wp-content\/uploads\/2023\/02\/CARE_rotulo-1024x724.jpg\" alt=\"\" class=\"has-border-color has-ast-global-color-8-border-color wp-image-1587\" style=\"border-width:1px;border-radius:5px\" width=\"300\" srcset=\"https:\/\/atisistemas.com\/web\/wp-content\/uploads\/2023\/02\/CARE_rotulo-1024x724.jpg 1024w, https:\/\/atisistemas.com\/web\/wp-content\/uploads\/2023\/02\/CARE_rotulo-300x212.jpg 300w, https:\/\/atisistemas.com\/web\/wp-content\/uploads\/2023\/02\/CARE_rotulo-768x543.jpg 768w, https:\/\/atisistemas.com\/web\/wp-content\/uploads\/2023\/02\/CARE_rotulo-1536x1085.jpg 1536w, https:\/\/atisistemas.com\/web\/wp-content\/uploads\/2023\/02\/CARE_rotulo.jpg 1684w\" sizes=\"(max-width: 1024px) 100vw, 1024px\" \/><\/figure>\n\n\n\n<figure class=\"wp-block-image aligncenter size-full is-resized has-custom-border\"><img decoding=\"async\" src=\"https:\/\/atisistemas.com\/web\/wp-content\/uploads\/2023\/02\/TECRA_rotulo.jpg\" alt=\"\" class=\"has-border-color has-ast-global-color-8-border-color wp-image-1585\" style=\"border-width:1px;border-radius:5px\" width=\"300\" srcset=\"https:\/\/atisistemas.com\/web\/wp-content\/uploads\/2023\/02\/TECRA_rotulo.jpg 878w, https:\/\/atisistemas.com\/web\/wp-content\/uploads\/2023\/02\/TECRA_rotulo-300x208.jpg 300w, https:\/\/atisistemas.com\/web\/wp-content\/uploads\/2023\/02\/TECRA_rotulo-768x532.jpg 768w\" sizes=\"(max-width: 878px) 100vw, 878px\" \/><\/figure>\n\n\n\n<figure class=\"wp-block-image aligncenter size-full is-resized has-custom-border\"><img decoding=\"async\" src=\"https:\/\/atisistemas.com\/web\/wp-content\/uploads\/2023\/02\/SIREP_rotulo.jpg\" alt=\"\" class=\"has-border-color has-ast-global-color-8-border-color wp-image-1581\" style=\"border-width:1px;border-radius:5px\" width=\"300\" srcset=\"https:\/\/atisistemas.com\/web\/wp-content\/uploads\/2023\/02\/SIREP_rotulo.jpg 649w, https:\/\/atisistemas.com\/web\/wp-content\/uploads\/2023\/02\/SIREP_rotulo-300x185.jpg 300w\" sizes=\"(max-width: 649px) 100vw, 649px\" \/><\/figure>\n\n\n\n<figure class=\"wp-block-image aligncenter size-full is-resized has-custom-border\"><img decoding=\"async\" src=\"https:\/\/atisistemas.com\/web\/wp-content\/uploads\/2023\/02\/INHORMES_rotulo.png\" alt=\"\" class=\"has-border-color has-ast-global-color-8-border-color wp-image-1579\" style=\"border-width:1px;border-radius:5px\" width=\"300\" srcset=\"https:\/\/atisistemas.com\/web\/wp-content\/uploads\/2023\/02\/INHORMES_rotulo.png 488w, https:\/\/atisistemas.com\/web\/wp-content\/uploads\/2023\/02\/INHORMES_rotulo-300x191.png 300w\" sizes=\"(max-width: 488px) 100vw, 488px\" \/><\/figure>\n<\/div>\n<\/div>\n\n\n\n<div class=\"wp-block-columns is-layout-flex wp-container-core-columns-is-layout-28f84493 wp-block-columns-is-layout-flex\">\n<div class=\"wp-block-column is-vertically-aligned-center is-layout-flow wp-block-column-is-layout-flow\" style=\"flex-basis:300px\">\n<figure class=\"wp-block-image aligncenter size-large is-resized has-custom-border\"><img decoding=\"async\" src=\"https:\/\/atisistemas.com\/web\/wp-content\/uploads\/2023\/02\/colaboracion-universidad-1024x683.jpg\" alt=\"\" class=\"has-border-color has-ast-global-color-8-border-color wp-image-1592\" style=\"border-width:1px;border-radius:5px\" width=\"300\" srcset=\"https:\/\/atisistemas.com\/web\/wp-content\/uploads\/2023\/02\/colaboracion-universidad-1024x683.jpg 1024w, https:\/\/atisistemas.com\/web\/wp-content\/uploads\/2023\/02\/colaboracion-universidad-300x200.jpg 300w, https:\/\/atisistemas.com\/web\/wp-content\/uploads\/2023\/02\/colaboracion-universidad-768x512.jpg 768w, https:\/\/atisistemas.com\/web\/wp-content\/uploads\/2023\/02\/colaboracion-universidad-1536x1024.jpg 1536w, https:\/\/atisistemas.com\/web\/wp-content\/uploads\/2023\/02\/colaboracion-universidad.jpg 1920w\" sizes=\"(max-width: 1024px) 100vw, 1024px\" \/><\/figure>\n<\/div>\n\n\n\n<div class=\"wp-block-column is-layout-flow wp-block-column-is-layout-flow\">\n<p>In addition to research lines, we collaborate with universities through scholarships for engineers and doctoral students, mainly in the fields of engineering, electronics or chemistry, establishing a mutually beneficial relationship that has facilitated the incorporation of students to a highly qualified labor market or the development of new research.<br><br>We manufacture customized engineering solutions for laboratories and pilot plants, relying on our experience in automation and industrial control to enhance the highest possible automation of the installation. In this field, we have developed customized solutions for entities such as CIEMAT, the University of Ja\u00e9n or the University of Antwerp.<\/p>\n<\/div>\n<\/div>\n<\/div>\n","protected":false},"excerpt":{"rendered":"<p>We closely collaborate with research centers and universities for more than two decades now for the development of new projects in the industrial and scientific fields, which has led us to be recognized with the Innovative SME seal by the Ministry of Science and Innovation. Over the years we have taken part in several research [&hellip;]<\/p>\n","protected":false},"author":1,"featured_media":1387,"parent":0,"menu_order":0,"comment_status":"closed","ping_status":"closed","template":"","meta":{"_editorskit_title_hidden":false,"_editorskit_reading_time":2,"_editorskit_is_block_options_detached":false,"_editorskit_block_options_position":"{}","site-sidebar-layout":"default","site-content-layout":"","ast-site-content-layout":"default","site-content-style":"default","site-sidebar-style":"default","ast-global-header-display":"","ast-banner-title-visibility":"","ast-main-header-display":"","ast-hfb-above-header-display":"","ast-hfb-below-header-display":"","ast-hfb-mobile-header-display":"","site-post-title":"","ast-breadcrumbs-content":"","ast-featured-img":"","footer-sml-layout":"","ast-disable-related-posts":"","theme-transparent-header-meta":"","adv-header-id-meta":"","stick-header-meta":"","header-above-stick-meta":"","header-main-stick-meta":"","header-below-stick-meta":"","astra-migrate-meta-layouts":"default","ast-page-background-enabled":"default","ast-page-background-meta":{"desktop":{"background-color":"var(--ast-global-color-4)","background-image":"","background-repeat":"repeat","background-position":"center center","background-size":"auto","background-attachment":"scroll","background-type":"","background-media":"","overlay-type":"","overlay-color":"","overlay-opacity":"","overlay-gradient":""},"tablet":{"background-color":"","background-image":"","background-repeat":"repeat","background-position":"center center","background-size":"auto","background-attachment":"scroll","background-type":"","background-media":"","overlay-type":"","overlay-color":"","overlay-opacity":"","overlay-gradient":""},"mobile":{"background-color":"","background-image":"","background-repeat":"repeat","background-position":"center center","background-size":"auto","background-attachment":"scroll","background-type":"","background-media":"","overlay-type":"","overlay-color":"","overlay-opacity":"","overlay-gradient":""}},"ast-content-background-meta":{"desktop":{"background-color":"var(--ast-global-color-5)","background-image":"","background-repeat":"repeat","background-position":"center center","background-size":"auto","background-attachment":"scroll","background-type":"","background-media":"","overlay-type":"","overlay-color":"","overlay-opacity":"","overlay-gradient":""},"tablet":{"background-color":"var(--ast-global-color-5)","background-image":"","background-repeat":"repeat","background-position":"center center","background-size":"auto","background-attachment":"scroll","background-type":"","background-media":"","overlay-type":"","overlay-color":"","overlay-opacity":"","overlay-gradient":""},"mobile":{"background-color":"var(--ast-global-color-5)","background-image":"","background-repeat":"repeat","background-position":"center center","background-size":"auto","background-attachment":"scroll","background-type":"","background-media":"","overlay-type":"","overlay-color":"","overlay-opacity":"","overlay-gradient":""}},"footnotes":""},"class_list":["post-1792","page","type-page","status-publish","has-post-thumbnail","hentry"],"yoast_head":"<!-- This site is optimized with the Yoast SEO plugin v27.4 - https:\/\/yoast.com\/product\/yoast-seo-wordpress\/ -->\n<title>R&amp;D | ATI Sistemas<\/title>\n<meta name=\"description\" content=\"Research projects. Collaboration with universities and manufacturing of tailored research equipment.\" \/>\n<meta name=\"robots\" content=\"index, follow, max-snippet:-1, max-image-preview:large, max-video-preview:-1\" \/>\n<link rel=\"canonical\" href=\"https:\/\/atisistemas.com\/web\/en\/rd\/\" \/>\n<meta property=\"og:locale\" content=\"es_ES\" \/>\n<meta property=\"og:type\" content=\"article\" \/>\n<meta property=\"og:title\" content=\"R&amp;D | ATI Sistemas\" \/>\n<meta property=\"og:description\" content=\"Research projects. Collaboration with universities and manufacturing of tailored research equipment.\" \/>\n<meta property=\"og:url\" content=\"https:\/\/atisistemas.com\/web\/en\/rd\/\" \/>\n<meta property=\"og:site_name\" content=\"ATI Sistemas\" \/>\n<meta property=\"article:modified_time\" content=\"2023-03-07T22:03:01+00:00\" \/>\n<meta property=\"og:image\" content=\"https:\/\/atisistemas.com\/web\/wp-content\/uploads\/2023\/02\/pyme_innovadora.jpg\" \/>\n\t<meta property=\"og:image:width\" content=\"703\" \/>\n\t<meta property=\"og:image:height\" content=\"915\" \/>\n\t<meta property=\"og:image:type\" content=\"image\/jpeg\" \/>\n<meta name=\"twitter:card\" content=\"summary_large_image\" \/>\n<meta name=\"twitter:label1\" content=\"Tiempo de lectura\" \/>\n\t<meta name=\"twitter:data1\" content=\"4 minutos\" \/>\n<script type=\"application\/ld+json\" class=\"yoast-schema-graph\">{\"@context\":\"https:\\\/\\\/schema.org\",\"@graph\":[{\"@type\":\"WebPage\",\"@id\":\"https:\\\/\\\/atisistemas.com\\\/web\\\/en\\\/rd\\\/\",\"url\":\"https:\\\/\\\/atisistemas.com\\\/web\\\/en\\\/rd\\\/\",\"name\":\"R&D | ATI Sistemas\",\"isPartOf\":{\"@id\":\"https:\\\/\\\/atisistemas.com\\\/web\\\/#website\"},\"primaryImageOfPage\":{\"@id\":\"https:\\\/\\\/atisistemas.com\\\/web\\\/en\\\/rd\\\/#primaryimage\"},\"image\":{\"@id\":\"https:\\\/\\\/atisistemas.com\\\/web\\\/en\\\/rd\\\/#primaryimage\"},\"thumbnailUrl\":\"https:\\\/\\\/atisistemas.com\\\/web\\\/wp-content\\\/uploads\\\/2023\\\/02\\\/pyme_innovadora.jpg\",\"datePublished\":\"2023-01-28T13:00:53+00:00\",\"dateModified\":\"2023-03-07T22:03:01+00:00\",\"description\":\"Research projects. Collaboration with universities and manufacturing of tailored research equipment.\",\"breadcrumb\":{\"@id\":\"https:\\\/\\\/atisistemas.com\\\/web\\\/en\\\/rd\\\/#breadcrumb\"},\"inLanguage\":\"es\",\"potentialAction\":[{\"@type\":\"ReadAction\",\"target\":[\"https:\\\/\\\/atisistemas.com\\\/web\\\/en\\\/rd\\\/\"]}]},{\"@type\":\"ImageObject\",\"inLanguage\":\"es\",\"@id\":\"https:\\\/\\\/atisistemas.com\\\/web\\\/en\\\/rd\\\/#primaryimage\",\"url\":\"https:\\\/\\\/atisistemas.com\\\/web\\\/wp-content\\\/uploads\\\/2023\\\/02\\\/pyme_innovadora.jpg\",\"contentUrl\":\"https:\\\/\\\/atisistemas.com\\\/web\\\/wp-content\\\/uploads\\\/2023\\\/02\\\/pyme_innovadora.jpg\",\"width\":703,\"height\":915,\"caption\":\"PYME innovadora\"},{\"@type\":\"BreadcrumbList\",\"@id\":\"https:\\\/\\\/atisistemas.com\\\/web\\\/en\\\/rd\\\/#breadcrumb\",\"itemListElement\":[{\"@type\":\"ListItem\",\"position\":1,\"name\":\"Inicio\",\"item\":\"https:\\\/\\\/atisistemas.com\\\/web\\\/es\\\/inicio\\\/\"},{\"@type\":\"ListItem\",\"position\":2,\"name\":\"R&#038;D\"}]},{\"@type\":\"WebSite\",\"@id\":\"https:\\\/\\\/atisistemas.com\\\/web\\\/#website\",\"url\":\"https:\\\/\\\/atisistemas.com\\\/web\\\/\",\"name\":\"ATI Sistemas\",\"description\":\"ATI Sistemas\",\"publisher\":{\"@id\":\"https:\\\/\\\/atisistemas.com\\\/web\\\/#organization\"},\"alternateName\":\"ATI\",\"potentialAction\":[{\"@type\":\"SearchAction\",\"target\":{\"@type\":\"EntryPoint\",\"urlTemplate\":\"https:\\\/\\\/atisistemas.com\\\/web\\\/?s={search_term_string}\"},\"query-input\":{\"@type\":\"PropertyValueSpecification\",\"valueRequired\":true,\"valueName\":\"search_term_string\"}}],\"inLanguage\":\"es\"},{\"@type\":\"Organization\",\"@id\":\"https:\\\/\\\/atisistemas.com\\\/web\\\/#organization\",\"name\":\"ATI Sistemas\",\"alternateName\":\"ATI\",\"url\":\"https:\\\/\\\/atisistemas.com\\\/web\\\/\",\"logo\":{\"@type\":\"ImageObject\",\"inLanguage\":\"es\",\"@id\":\"https:\\\/\\\/atisistemas.com\\\/web\\\/#\\\/schema\\\/logo\\\/image\\\/\",\"url\":\"https:\\\/\\\/atisistemas.com\\\/web\\\/wp-content\\\/uploads\\\/2023\\\/01\\\/logo-transparente.png\",\"contentUrl\":\"https:\\\/\\\/atisistemas.com\\\/web\\\/wp-content\\\/uploads\\\/2023\\\/01\\\/logo-transparente.png\",\"width\":180,\"height\":75,\"caption\":\"ATI Sistemas\"},\"image\":{\"@id\":\"https:\\\/\\\/atisistemas.com\\\/web\\\/#\\\/schema\\\/logo\\\/image\\\/\"}}]}<\/script>\n<!-- \/ Yoast SEO plugin. -->","yoast_head_json":{"title":"R&D | ATI Sistemas","description":"Research projects. Collaboration with universities and manufacturing of tailored research equipment.","robots":{"index":"index","follow":"follow","max-snippet":"max-snippet:-1","max-image-preview":"max-image-preview:large","max-video-preview":"max-video-preview:-1"},"canonical":"https:\/\/atisistemas.com\/web\/en\/rd\/","og_locale":"es_ES","og_type":"article","og_title":"R&D | ATI Sistemas","og_description":"Research projects. Collaboration with universities and manufacturing of tailored research equipment.","og_url":"https:\/\/atisistemas.com\/web\/en\/rd\/","og_site_name":"ATI Sistemas","article_modified_time":"2023-03-07T22:03:01+00:00","og_image":[{"width":703,"height":915,"url":"https:\/\/atisistemas.com\/web\/wp-content\/uploads\/2023\/02\/pyme_innovadora.jpg","type":"image\/jpeg"}],"twitter_card":"summary_large_image","twitter_misc":{"Tiempo de lectura":"4 minutos"},"schema":{"@context":"https:\/\/schema.org","@graph":[{"@type":"WebPage","@id":"https:\/\/atisistemas.com\/web\/en\/rd\/","url":"https:\/\/atisistemas.com\/web\/en\/rd\/","name":"R&D | ATI Sistemas","isPartOf":{"@id":"https:\/\/atisistemas.com\/web\/#website"},"primaryImageOfPage":{"@id":"https:\/\/atisistemas.com\/web\/en\/rd\/#primaryimage"},"image":{"@id":"https:\/\/atisistemas.com\/web\/en\/rd\/#primaryimage"},"thumbnailUrl":"https:\/\/atisistemas.com\/web\/wp-content\/uploads\/2023\/02\/pyme_innovadora.jpg","datePublished":"2023-01-28T13:00:53+00:00","dateModified":"2023-03-07T22:03:01+00:00","description":"Research projects. Collaboration with universities and manufacturing of tailored research equipment.","breadcrumb":{"@id":"https:\/\/atisistemas.com\/web\/en\/rd\/#breadcrumb"},"inLanguage":"es","potentialAction":[{"@type":"ReadAction","target":["https:\/\/atisistemas.com\/web\/en\/rd\/"]}]},{"@type":"ImageObject","inLanguage":"es","@id":"https:\/\/atisistemas.com\/web\/en\/rd\/#primaryimage","url":"https:\/\/atisistemas.com\/web\/wp-content\/uploads\/2023\/02\/pyme_innovadora.jpg","contentUrl":"https:\/\/atisistemas.com\/web\/wp-content\/uploads\/2023\/02\/pyme_innovadora.jpg","width":703,"height":915,"caption":"PYME innovadora"},{"@type":"BreadcrumbList","@id":"https:\/\/atisistemas.com\/web\/en\/rd\/#breadcrumb","itemListElement":[{"@type":"ListItem","position":1,"name":"Inicio","item":"https:\/\/atisistemas.com\/web\/es\/inicio\/"},{"@type":"ListItem","position":2,"name":"R&#038;D"}]},{"@type":"WebSite","@id":"https:\/\/atisistemas.com\/web\/#website","url":"https:\/\/atisistemas.com\/web\/","name":"ATI Sistemas","description":"ATI Sistemas","publisher":{"@id":"https:\/\/atisistemas.com\/web\/#organization"},"alternateName":"ATI","potentialAction":[{"@type":"SearchAction","target":{"@type":"EntryPoint","urlTemplate":"https:\/\/atisistemas.com\/web\/?s={search_term_string}"},"query-input":{"@type":"PropertyValueSpecification","valueRequired":true,"valueName":"search_term_string"}}],"inLanguage":"es"},{"@type":"Organization","@id":"https:\/\/atisistemas.com\/web\/#organization","name":"ATI Sistemas","alternateName":"ATI","url":"https:\/\/atisistemas.com\/web\/","logo":{"@type":"ImageObject","inLanguage":"es","@id":"https:\/\/atisistemas.com\/web\/#\/schema\/logo\/image\/","url":"https:\/\/atisistemas.com\/web\/wp-content\/uploads\/2023\/01\/logo-transparente.png","contentUrl":"https:\/\/atisistemas.com\/web\/wp-content\/uploads\/2023\/01\/logo-transparente.png","width":180,"height":75,"caption":"ATI Sistemas"},"image":{"@id":"https:\/\/atisistemas.com\/web\/#\/schema\/logo\/image\/"}}]}},"_links":{"self":[{"href":"https:\/\/atisistemas.com\/web\/wp-json\/wp\/v2\/pages\/1792","targetHints":{"allow":["GET"]}}],"collection":[{"href":"https:\/\/atisistemas.com\/web\/wp-json\/wp\/v2\/pages"}],"about":[{"href":"https:\/\/atisistemas.com\/web\/wp-json\/wp\/v2\/types\/page"}],"author":[{"embeddable":true,"href":"https:\/\/atisistemas.com\/web\/wp-json\/wp\/v2\/users\/1"}],"replies":[{"embeddable":true,"href":"https:\/\/atisistemas.com\/web\/wp-json\/wp\/v2\/comments?post=1792"}],"version-history":[{"count":8,"href":"https:\/\/atisistemas.com\/web\/wp-json\/wp\/v2\/pages\/1792\/revisions"}],"predecessor-version":[{"id":3837,"href":"https:\/\/atisistemas.com\/web\/wp-json\/wp\/v2\/pages\/1792\/revisions\/3837"}],"wp:featuredmedia":[{"embeddable":true,"href":"https:\/\/atisistemas.com\/web\/wp-json\/wp\/v2\/media\/1387"}],"wp:attachment":[{"href":"https:\/\/atisistemas.com\/web\/wp-json\/wp\/v2\/media?parent=1792"}],"curies":[{"name":"wp","href":"https:\/\/api.w.org\/{rel}","templated":true}]}}