{"id":350,"date":"2023-01-30T17:55:38","date_gmt":"2023-01-30T16:55:38","guid":{"rendered":"https:\/\/atisistemas.com\/web\/?page_id=350"},"modified":"2024-05-07T18:09:01","modified_gmt":"2024-05-07T16:09:01","slug":"automatizacion-de-procesos","status":"publish","type":"page","link":"https:\/\/atisistemas.com\/web\/es\/servicios\/automatizacion-de-procesos\/","title":{"rendered":"Automatizaci\u00f3n de procesos"},"content":{"rendered":"\n<p id=\"introduccion\">Aplicada a la industria, la automatizaci\u00f3n de procesos es la disciplina por la cual se coordina el funcionamiento de diversos elementos o sistemas computerizados, electromec\u00e1nicos, electroneum\u00e1ticos y electrohidr\u00e1ulicos para desarrollar la ejecuci\u00f3n y\/o supervisi\u00f3n de un proceso industrial. Como una disciplina de la ingenier\u00eda m\u00e1s amplia que un sistema de control, engloba a la instrumentaci\u00f3n industrial, que incluye los sensores y transmisores de campo, los sistemas de control y supervisi\u00f3n, las redes de comunicaci\u00f3n y las aplicaciones de software en tiempo real necesarias para garantizar la correcta ejecuci\u00f3n del proceso, teniendo en cuenta puntos de vista tan dispares como la calidad del producto final, la eficiencia del proceso o la seguridad en todas sus vertientes.<\/p>\n\n\n\n<p>Desde nuestra fundaci\u00f3n en 1993 contamos en nuestra plantilla con expertos en automatizaci\u00f3n, tanto a nivel de ingenier\u00eda como de trabajo en campo, y esa experiencia no ha hecho m\u00e1s que aumentar en este tiempo con la evoluci\u00f3n de la industria desde los sistemas habituales de entonces, en algunos casos casi completamente mec\u00e1nicos, hasta las \u00faltimas evoluciones de la industria con redes de campo descentralizadas, posibilidades de gesti\u00f3n remota 24&#215;7 y avanzados sistemas de minado de datos y ayuda a la toma de decisiones.<\/p>\n\n\n\n<div class=\"wp-block-cover alignfull has-parallax has-custom-content-position is-position-top-center box is-style-editorskit-shadow\" style=\"padding-top:0;padding-right:0;padding-bottom:0;padding-left:0;min-height:300px;aspect-ratio:unset;\" id=\"campos_aplicacion\"><span aria-hidden=\"true\" class=\"wp-block-cover__background has-ast-global-color-5-background-color has-background-dim-70 has-background-dim\"><\/span><div class=\"wp-block-cover__image-background wp-image-861 has-parallax\" style=\"background-position:50% 50%;background-image:url(https:\/\/atisistemas.com\/web\/wp-content\/uploads\/2023\/02\/automatizacion-de-procesos.jpg)\"><\/div><div class=\"wp-block-cover__inner-container is-layout-flow wp-block-cover-is-layout-flow\">\n<div class=\"wp-block-columns is-layout-flex wp-container-core-columns-is-layout-d7d455e7 wp-block-columns-is-layout-flex\" style=\"padding-top:0;padding-right:0;padding-bottom:0;padding-left:0\">\n<div class=\"wp-block-column is-vertically-aligned-center is-layout-flow wp-block-column-is-layout-flow\" style=\"padding-top:0;padding-right:0;padding-bottom:0;padding-left:0;flex-basis:40%\"><\/div>\n\n\n\n<div class=\"wp-block-column is-vertically-aligned-top has-ast-global-color-2-color has-text-color has-background is-layout-flow wp-block-column-is-layout-flow\" style=\"background-color:#ffffffcc;padding-top:2em;padding-right:2em;padding-bottom:2em;padding-left:2em;flex-basis:60%\">\n<h2 class=\"wp-block-heading has-text-align-left has-ast-global-color-2-color has-text-color has-medium-font-size\" style=\"margin-top:1em;margin-right:1em;margin-bottom:1em;margin-left:1em\">Campos de aplicaci\u00f3n<\/h2>\n\n\n\n<ul class=\"wp-block-list\">\n<li>Generaci\u00f3n y distribuci\u00f3n el\u00e9ctrica<\/li>\n\n\n\n<li>Log\u00edstica y transporte<\/li>\n\n\n\n<li>Qu\u00edmica\/petroqu\u00edmica<\/li>\n\n\n\n<li>Alimentaria<\/li>\n\n\n\n<li>Dom\u00f3tica<\/li>\n<\/ul>\n<\/div>\n<\/div>\n<\/div><\/div>\n\n\n\n<p id=\"fabricantes\">Tenemos experiencia con los equipos y sistemas de los principales fabricantes en la industria. En especial, somos <a href=\"https:\/\/www.beckhoff.com\/es-es\/support\/solution-provider-program\/ati-sistemas-s-l.html\" target=\"_blank\" aria-label=\" (opens in a new tab)\" rel=\"noreferrer noopener\" class=\"ek-link\">Solution Provider<\/a> oficial de Beckhoff, especialista en automatizaci\u00f3n de alto rendimiento basada en PC y EtherCAT.<\/p>\n\n\n\n<div class=\"wp-block-group has-mobile-text-align-center is-content-justification-center is-layout-flex wp-container-core-group-is-layout-b02886af wp-block-group-is-layout-flex\">\n<figure class=\"wp-block-image size-full\"><a href=\"https:\/\/www.beckhoff.com\/\" target=\"_blank\" rel=\"noreferrer noopener\"><img loading=\"lazy\" decoding=\"async\" width=\"300\" height=\"188\" src=\"https:\/\/atisistemas.com\/web\/wp-content\/uploads\/2023\/06\/logo_Beckhoff.jpg\" alt=\"Beckhoff automation\" class=\"wp-image-3995\"\/><\/a><\/figure>\n\n\n\n<figure class=\"wp-block-image size-medium\"><a href=\"https:\/\/www.emerson.com\/es-es\/automation\/home\" target=\"_blank\" rel=\"noreferrer noopener\"><img loading=\"lazy\" decoding=\"async\" width=\"300\" height=\"126\" src=\"https:\/\/atisistemas.com\/web\/wp-content\/uploads\/2023\/02\/logo-emerson-300x126.jpg\" alt=\"\" class=\"wp-image-1638\" srcset=\"https:\/\/atisistemas.com\/web\/wp-content\/uploads\/2023\/02\/logo-emerson-300x126.jpg 300w, https:\/\/atisistemas.com\/web\/wp-content\/uploads\/2023\/02\/logo-emerson-1024x429.jpg 1024w, https:\/\/atisistemas.com\/web\/wp-content\/uploads\/2023\/02\/logo-emerson-768x322.jpg 768w, https:\/\/atisistemas.com\/web\/wp-content\/uploads\/2023\/02\/logo-emerson-1536x643.jpg 1536w, https:\/\/atisistemas.com\/web\/wp-content\/uploads\/2023\/02\/logo-emerson.jpg 1583w\" sizes=\"auto, (max-width: 300px) 100vw, 300px\" \/><\/a><\/figure>\n<\/div>\n","protected":false},"excerpt":{"rendered":"<p>Aplicada a la industria, la automatizaci\u00f3n de procesos es la disciplina por la cual se coordina el funcionamiento de diversos elementos o sistemas computerizados, electromec\u00e1nicos, electroneum\u00e1ticos y electrohidr\u00e1ulicos para desarrollar la ejecuci\u00f3n y\/o supervisi\u00f3n de un proceso industrial. Como una disciplina de la ingenier\u00eda m\u00e1s amplia que un sistema de control, engloba a la instrumentaci\u00f3n [&hellip;]<\/p>\n","protected":false},"author":1,"featured_media":0,"parent":11,"menu_order":0,"comment_status":"closed","ping_status":"closed","template":"","meta":{"_editorskit_title_hidden":false,"_editorskit_reading_time":0,"_editorskit_is_block_options_detached":false,"_editorskit_block_options_position":"{}","site-sidebar-layout":"default","site-content-layout":"","ast-site-content-layout":"default","site-content-style":"default","site-sidebar-style":"default","ast-global-header-display":"","ast-banner-title-visibility":"","ast-main-header-display":"","ast-hfb-above-header-display":"","ast-hfb-below-header-display":"","ast-hfb-mobile-header-display":"","site-post-title":"","ast-breadcrumbs-content":"","ast-featured-img":"","footer-sml-layout":"","ast-disable-related-posts":"","theme-transparent-header-meta":"","adv-header-id-meta":"","stick-header-meta":"","header-above-stick-meta":"","header-main-stick-meta":"","header-below-stick-meta":"","astra-migrate-meta-layouts":"set","ast-page-background-enabled":"default","ast-page-background-meta":{"desktop":{"background-color":"var(--ast-global-color-4)","background-image":"","background-repeat":"repeat","background-position":"center center","background-size":"auto","background-attachment":"scroll","background-type":"","background-media":"","overlay-type":"","overlay-color":"","overlay-opacity":"","overlay-gradient":""},"tablet":{"background-color":"","background-image":"","background-repeat":"repeat","background-position":"center center","background-size":"auto","background-attachment":"scroll","background-type":"","background-media":"","overlay-type":"","overlay-color":"","overlay-opacity":"","overlay-gradient":""},"mobile":{"background-color":"","background-image":"","background-repeat":"repeat","background-position":"center center","background-size":"auto","background-attachment":"scroll","background-type":"","background-media":"","overlay-type":"","overlay-color":"","overlay-opacity":"","overlay-gradient":""}},"ast-content-background-meta":{"desktop":{"background-color":"var(--ast-global-color-5)","background-image":"","background-repeat":"repeat","background-position":"center center","background-size":"auto","background-attachment":"scroll","background-type":"","background-media":"","overlay-type":"","overlay-color":"","overlay-opacity":"","overlay-gradient":""},"tablet":{"background-color":"var(--ast-global-color-5)","background-image":"","background-repeat":"repeat","background-position":"center center","background-size":"auto","background-attachment":"scroll","background-type":"","background-media":"","overlay-type":"","overlay-color":"","overlay-opacity":"","overlay-gradient":""},"mobile":{"background-color":"var(--ast-global-color-5)","background-image":"","background-repeat":"repeat","background-position":"center center","background-size":"auto","background-attachment":"scroll","background-type":"","background-media":"","overlay-type":"","overlay-color":"","overlay-opacity":"","overlay-gradient":""}},"footnotes":""},"class_list":["post-350","page","type-page","status-publish","hentry"],"yoast_head":"<!-- This site is optimized with the Yoast SEO plugin v27.5 - https:\/\/yoast.com\/product\/yoast-seo-wordpress\/ -->\n<title>Automatizaci\u00f3n de procesos | ATI Sistemas<\/title>\n<meta name=\"robots\" content=\"index, follow, max-snippet:-1, max-image-preview:large, max-video-preview:-1\" \/>\n<link rel=\"canonical\" href=\"https:\/\/atisistemas.com\/web\/es\/servicios\/automatizacion-de-procesos\/\" \/>\n<meta property=\"og:locale\" content=\"es_ES\" \/>\n<meta property=\"og:type\" content=\"article\" \/>\n<meta property=\"og:title\" content=\"Automatizaci\u00f3n de procesos | ATI Sistemas\" \/>\n<meta property=\"og:description\" content=\"Aplicada a la industria, la automatizaci\u00f3n de procesos es la disciplina por la cual se coordina el funcionamiento de diversos elementos o sistemas computerizados, electromec\u00e1nicos, electroneum\u00e1ticos y electrohidr\u00e1ulicos para desarrollar la ejecuci\u00f3n y\/o supervisi\u00f3n de un proceso industrial. Como una disciplina de la ingenier\u00eda m\u00e1s amplia que un sistema de control, engloba a la instrumentaci\u00f3n [&hellip;]\" \/>\n<meta property=\"og:url\" content=\"https:\/\/atisistemas.com\/web\/es\/servicios\/automatizacion-de-procesos\/\" \/>\n<meta property=\"og:site_name\" content=\"ATI Sistemas\" \/>\n<meta property=\"article:modified_time\" content=\"2024-05-07T16:09:01+00:00\" \/>\n<meta property=\"og:image\" content=\"https:\/\/atisistemas.com\/web\/wp-content\/uploads\/2023\/06\/logo_Beckhoff.jpg\" \/>\n<meta name=\"twitter:card\" content=\"summary_large_image\" \/>\n<meta name=\"twitter:label1\" content=\"Tiempo de lectura\" \/>\n\t<meta name=\"twitter:data1\" content=\"2 minutos\" \/>\n<script type=\"application\/ld+json\" class=\"yoast-schema-graph\">{\"@context\":\"https:\\\/\\\/schema.org\",\"@graph\":[{\"@type\":\"WebPage\",\"@id\":\"https:\\\/\\\/atisistemas.com\\\/web\\\/es\\\/servicios\\\/automatizacion-de-procesos\\\/\",\"url\":\"https:\\\/\\\/atisistemas.com\\\/web\\\/es\\\/servicios\\\/automatizacion-de-procesos\\\/\",\"name\":\"Automatizaci\u00f3n de procesos | ATI Sistemas\",\"isPartOf\":{\"@id\":\"https:\\\/\\\/atisistemas.com\\\/web\\\/#website\"},\"primaryImageOfPage\":{\"@id\":\"https:\\\/\\\/atisistemas.com\\\/web\\\/es\\\/servicios\\\/automatizacion-de-procesos\\\/#primaryimage\"},\"image\":{\"@id\":\"https:\\\/\\\/atisistemas.com\\\/web\\\/es\\\/servicios\\\/automatizacion-de-procesos\\\/#primaryimage\"},\"thumbnailUrl\":\"https:\\\/\\\/atisistemas.com\\\/web\\\/wp-content\\\/uploads\\\/2023\\\/06\\\/logo_Beckhoff.jpg\",\"datePublished\":\"2023-01-30T16:55:38+00:00\",\"dateModified\":\"2024-05-07T16:09:01+00:00\",\"breadcrumb\":{\"@id\":\"https:\\\/\\\/atisistemas.com\\\/web\\\/es\\\/servicios\\\/automatizacion-de-procesos\\\/#breadcrumb\"},\"inLanguage\":\"es\",\"potentialAction\":[{\"@type\":\"ReadAction\",\"target\":[\"https:\\\/\\\/atisistemas.com\\\/web\\\/es\\\/servicios\\\/automatizacion-de-procesos\\\/\"]}]},{\"@type\":\"ImageObject\",\"inLanguage\":\"es\",\"@id\":\"https:\\\/\\\/atisistemas.com\\\/web\\\/es\\\/servicios\\\/automatizacion-de-procesos\\\/#primaryimage\",\"url\":\"https:\\\/\\\/atisistemas.com\\\/web\\\/wp-content\\\/uploads\\\/2023\\\/06\\\/logo_Beckhoff.jpg\",\"contentUrl\":\"https:\\\/\\\/atisistemas.com\\\/web\\\/wp-content\\\/uploads\\\/2023\\\/06\\\/logo_Beckhoff.jpg\",\"width\":300,\"height\":188,\"caption\":\"Beckhoff automation\"},{\"@type\":\"BreadcrumbList\",\"@id\":\"https:\\\/\\\/atisistemas.com\\\/web\\\/es\\\/servicios\\\/automatizacion-de-procesos\\\/#breadcrumb\",\"itemListElement\":[{\"@type\":\"ListItem\",\"position\":1,\"name\":\"Inicio\",\"item\":\"https:\\\/\\\/atisistemas.com\\\/web\\\/es\\\/inicio\\\/\"},{\"@type\":\"ListItem\",\"position\":2,\"name\":\"Servicios\",\"item\":\"https:\\\/\\\/atisistemas.com\\\/web\\\/es\\\/servicios\\\/\"},{\"@type\":\"ListItem\",\"position\":3,\"name\":\"Automatizaci\u00f3n de procesos\"}]},{\"@type\":\"WebSite\",\"@id\":\"https:\\\/\\\/atisistemas.com\\\/web\\\/#website\",\"url\":\"https:\\\/\\\/atisistemas.com\\\/web\\\/\",\"name\":\"ATI Sistemas\",\"description\":\"ATI Sistemas\",\"publisher\":{\"@id\":\"https:\\\/\\\/atisistemas.com\\\/web\\\/#organization\"},\"alternateName\":\"ATI\",\"potentialAction\":[{\"@type\":\"SearchAction\",\"target\":{\"@type\":\"EntryPoint\",\"urlTemplate\":\"https:\\\/\\\/atisistemas.com\\\/web\\\/?s={search_term_string}\"},\"query-input\":{\"@type\":\"PropertyValueSpecification\",\"valueRequired\":true,\"valueName\":\"search_term_string\"}}],\"inLanguage\":\"es\"},{\"@type\":\"Organization\",\"@id\":\"https:\\\/\\\/atisistemas.com\\\/web\\\/#organization\",\"name\":\"ATI Sistemas\",\"alternateName\":\"ATI\",\"url\":\"https:\\\/\\\/atisistemas.com\\\/web\\\/\",\"logo\":{\"@type\":\"ImageObject\",\"inLanguage\":\"es\",\"@id\":\"https:\\\/\\\/atisistemas.com\\\/web\\\/#\\\/schema\\\/logo\\\/image\\\/\",\"url\":\"https:\\\/\\\/atisistemas.com\\\/web\\\/wp-content\\\/uploads\\\/2023\\\/01\\\/logo-transparente.png\",\"contentUrl\":\"https:\\\/\\\/atisistemas.com\\\/web\\\/wp-content\\\/uploads\\\/2023\\\/01\\\/logo-transparente.png\",\"width\":180,\"height\":75,\"caption\":\"ATI Sistemas\"},\"image\":{\"@id\":\"https:\\\/\\\/atisistemas.com\\\/web\\\/#\\\/schema\\\/logo\\\/image\\\/\"}}]}<\/script>\n<!-- \/ Yoast SEO plugin. -->","yoast_head_json":{"title":"Automatizaci\u00f3n de procesos | ATI Sistemas","robots":{"index":"index","follow":"follow","max-snippet":"max-snippet:-1","max-image-preview":"max-image-preview:large","max-video-preview":"max-video-preview:-1"},"canonical":"https:\/\/atisistemas.com\/web\/es\/servicios\/automatizacion-de-procesos\/","og_locale":"es_ES","og_type":"article","og_title":"Automatizaci\u00f3n de procesos | ATI Sistemas","og_description":"Aplicada a la industria, la automatizaci\u00f3n de procesos es la disciplina por la cual se coordina el funcionamiento de diversos elementos o sistemas computerizados, electromec\u00e1nicos, electroneum\u00e1ticos y electrohidr\u00e1ulicos para desarrollar la ejecuci\u00f3n y\/o supervisi\u00f3n de un proceso industrial. Como una disciplina de la ingenier\u00eda m\u00e1s amplia que un sistema de control, engloba a la instrumentaci\u00f3n [&hellip;]","og_url":"https:\/\/atisistemas.com\/web\/es\/servicios\/automatizacion-de-procesos\/","og_site_name":"ATI Sistemas","article_modified_time":"2024-05-07T16:09:01+00:00","og_image":[{"url":"https:\/\/atisistemas.com\/web\/wp-content\/uploads\/2023\/06\/logo_Beckhoff.jpg","type":"","width":"","height":""}],"twitter_card":"summary_large_image","twitter_misc":{"Tiempo de lectura":"2 minutos"},"schema":{"@context":"https:\/\/schema.org","@graph":[{"@type":"WebPage","@id":"https:\/\/atisistemas.com\/web\/es\/servicios\/automatizacion-de-procesos\/","url":"https:\/\/atisistemas.com\/web\/es\/servicios\/automatizacion-de-procesos\/","name":"Automatizaci\u00f3n de procesos | ATI Sistemas","isPartOf":{"@id":"https:\/\/atisistemas.com\/web\/#website"},"primaryImageOfPage":{"@id":"https:\/\/atisistemas.com\/web\/es\/servicios\/automatizacion-de-procesos\/#primaryimage"},"image":{"@id":"https:\/\/atisistemas.com\/web\/es\/servicios\/automatizacion-de-procesos\/#primaryimage"},"thumbnailUrl":"https:\/\/atisistemas.com\/web\/wp-content\/uploads\/2023\/06\/logo_Beckhoff.jpg","datePublished":"2023-01-30T16:55:38+00:00","dateModified":"2024-05-07T16:09:01+00:00","breadcrumb":{"@id":"https:\/\/atisistemas.com\/web\/es\/servicios\/automatizacion-de-procesos\/#breadcrumb"},"inLanguage":"es","potentialAction":[{"@type":"ReadAction","target":["https:\/\/atisistemas.com\/web\/es\/servicios\/automatizacion-de-procesos\/"]}]},{"@type":"ImageObject","inLanguage":"es","@id":"https:\/\/atisistemas.com\/web\/es\/servicios\/automatizacion-de-procesos\/#primaryimage","url":"https:\/\/atisistemas.com\/web\/wp-content\/uploads\/2023\/06\/logo_Beckhoff.jpg","contentUrl":"https:\/\/atisistemas.com\/web\/wp-content\/uploads\/2023\/06\/logo_Beckhoff.jpg","width":300,"height":188,"caption":"Beckhoff automation"},{"@type":"BreadcrumbList","@id":"https:\/\/atisistemas.com\/web\/es\/servicios\/automatizacion-de-procesos\/#breadcrumb","itemListElement":[{"@type":"ListItem","position":1,"name":"Inicio","item":"https:\/\/atisistemas.com\/web\/es\/inicio\/"},{"@type":"ListItem","position":2,"name":"Servicios","item":"https:\/\/atisistemas.com\/web\/es\/servicios\/"},{"@type":"ListItem","position":3,"name":"Automatizaci\u00f3n de procesos"}]},{"@type":"WebSite","@id":"https:\/\/atisistemas.com\/web\/#website","url":"https:\/\/atisistemas.com\/web\/","name":"ATI Sistemas","description":"ATI Sistemas","publisher":{"@id":"https:\/\/atisistemas.com\/web\/#organization"},"alternateName":"ATI","potentialAction":[{"@type":"SearchAction","target":{"@type":"EntryPoint","urlTemplate":"https:\/\/atisistemas.com\/web\/?s={search_term_string}"},"query-input":{"@type":"PropertyValueSpecification","valueRequired":true,"valueName":"search_term_string"}}],"inLanguage":"es"},{"@type":"Organization","@id":"https:\/\/atisistemas.com\/web\/#organization","name":"ATI Sistemas","alternateName":"ATI","url":"https:\/\/atisistemas.com\/web\/","logo":{"@type":"ImageObject","inLanguage":"es","@id":"https:\/\/atisistemas.com\/web\/#\/schema\/logo\/image\/","url":"https:\/\/atisistemas.com\/web\/wp-content\/uploads\/2023\/01\/logo-transparente.png","contentUrl":"https:\/\/atisistemas.com\/web\/wp-content\/uploads\/2023\/01\/logo-transparente.png","width":180,"height":75,"caption":"ATI Sistemas"},"image":{"@id":"https:\/\/atisistemas.com\/web\/#\/schema\/logo\/image\/"}}]}},"_links":{"self":[{"href":"https:\/\/atisistemas.com\/web\/wp-json\/wp\/v2\/pages\/350","targetHints":{"allow":["GET"]}}],"collection":[{"href":"https:\/\/atisistemas.com\/web\/wp-json\/wp\/v2\/pages"}],"about":[{"href":"https:\/\/atisistemas.com\/web\/wp-json\/wp\/v2\/types\/page"}],"author":[{"embeddable":true,"href":"https:\/\/atisistemas.com\/web\/wp-json\/wp\/v2\/users\/1"}],"replies":[{"embeddable":true,"href":"https:\/\/atisistemas.com\/web\/wp-json\/wp\/v2\/comments?post=350"}],"version-history":[{"count":12,"href":"https:\/\/atisistemas.com\/web\/wp-json\/wp\/v2\/pages\/350\/revisions"}],"predecessor-version":[{"id":4199,"href":"https:\/\/atisistemas.com\/web\/wp-json\/wp\/v2\/pages\/350\/revisions\/4199"}],"up":[{"embeddable":true,"href":"https:\/\/atisistemas.com\/web\/wp-json\/wp\/v2\/pages\/11"}],"wp:attachment":[{"href":"https:\/\/atisistemas.com\/web\/wp-json\/wp\/v2\/media?parent=350"}],"curies":[{"name":"wp","href":"https:\/\/api.w.org\/{rel}","templated":true}]}}