{"id":355,"date":"2023-01-30T17:57:35","date_gmt":"2023-01-30T16:57:35","guid":{"rendered":"https:\/\/atisistemas.com\/web\/?page_id=355"},"modified":"2024-05-29T15:55:08","modified_gmt":"2024-05-29T13:55:08","slug":"instrumentacion-cientifica","status":"publish","type":"page","link":"https:\/\/atisistemas.com\/web\/es\/productos\/instrumentacion-cientifica\/","title":{"rendered":"Instrumentaci\u00f3n cient\u00edfica"},"content":{"rendered":"\n<div class=\"inherit-container-width wp-block-group alignfull is-layout-constrained wp-container-core-group-is-layout-e1db180a wp-block-group-is-layout-constrained\" style=\"margin-top:0;margin-bottom:0;padding-top:var(--wp--preset--spacing--60);padding-right:var(--wp--preset--spacing--60);padding-bottom:var(--wp--preset--spacing--60);padding-left:var(--wp--preset--spacing--60)\">\n<div class=\"wp-block-columns is-layout-flex wp-container-core-columns-is-layout-28f84493 wp-block-columns-is-layout-flex\">\n<div class=\"wp-block-column is-vertically-aligned-center is-layout-flow wp-block-column-is-layout-flow\" style=\"flex-basis:33%\">\n<figure class=\"wp-block-image aligncenter size-full\"><a href=\"https:\/\/www.caen.it\/\" target=\"_blank\" rel=\"noreferrer noopener\"><img loading=\"lazy\" decoding=\"async\" width=\"680\" height=\"227\" src=\"https:\/\/atisistemas.com\/web\/wp-content\/uploads\/2023\/02\/logo_caen.png\" alt=\"CAEN SpA\" class=\"wp-image-1541\" srcset=\"https:\/\/atisistemas.com\/web\/wp-content\/uploads\/2023\/02\/logo_caen.png 680w, https:\/\/atisistemas.com\/web\/wp-content\/uploads\/2023\/02\/logo_caen-300x100.png 300w\" sizes=\"auto, (max-width: 680px) 100vw, 680px\" \/><\/a><\/figure>\n<\/div>\n\n\n\n<div class=\"wp-block-column is-vertically-aligned-center is-layout-flow wp-block-column-is-layout-flow\" style=\"flex-basis:66%\">\n<p>Somos distribuidores exclusivos para Espa\u00f1a de <a data-ss1676060851=\"1\" href=\"https:\/\/www.caen.it\/\" target=\"_blank\" rel=\"noreferrer noopener\"><strong>CAEN SpA<\/strong><\/a>, la \u00fanica empresa del mundo capaz de suministrar una gama completa de sistemas de alimentaci\u00f3n de alta y baja tensi\u00f3n y m\u00f3dulos de adquisici\u00f3n de datos frontales que cumplen las normas IEEE para f\u00edsica nuclear y de part\u00edculas.<\/p>\n\n\n\n<p>Sus amplias capacidades de investigaci\u00f3n y desarrollo les han permitido desarrollar un importante papel en este campo, en el que siempre han estado a la vanguardia. Sus productos atraen a un amplio abanico de clientes, entre los que se encuentran ingenieros, cient\u00edficos y profesionales t\u00e9cnicos, que conf\u00edan en sus productos para alcanzar sus objetivos con la m\u00e1xima calidad y eficacia.<\/p>\n<\/div>\n<\/div>\n<\/div>\n\n\n\n<div class=\"inherit-container-width wp-block-group alignfull is-layout-constrained wp-container-core-group-is-layout-e1db180a wp-block-group-is-layout-constrained\" style=\"margin-top:0;margin-bottom:0;padding-top:var(--wp--preset--spacing--60);padding-right:var(--wp--preset--spacing--60);padding-bottom:var(--wp--preset--spacing--60);padding-left:var(--wp--preset--spacing--60)\">\n<div class=\"wp-block-columns is-layout-flex wp-container-core-columns-is-layout-28f84493 wp-block-columns-is-layout-flex\">\n<div class=\"wp-block-column is-vertically-aligned-center is-layout-flow wp-block-column-is-layout-flow\" style=\"flex-basis:66%\">\n<p><strong><a data-ss1676060851=\"1\" data-ss1676896529=\"1\" data-ss1716990894=\"1\" href=\"http:\/\/www.micronsemiconductor.co.uk\/\" target=\"_blank\" rel=\"noreferrer noopener\">Micron Semiconductor<\/a><\/strong> es uno de los principales fabricantes de detectores de Silicio y diamante para los mercados de la f\u00edsica de altas energ\u00edas, investigaci\u00f3n espacial, nuclear y m\u00e9dica, y cuenta con una l\u00ednea de producto espec\u00edfico para fabricantes de producto originales (OEM). Est\u00e1s especializados en la fabricaci\u00f3n a medida de detectores de Silicio de una o dos caras, de CA y CC, y tambi\u00e9n de detectores de diamante policristalinos y monocristalinos.<\/p>\n<\/div>\n\n\n\n<div class=\"wp-block-column is-vertically-aligned-center is-layout-flow wp-block-column-is-layout-flow\" style=\"flex-basis:33%\">\n<figure class=\"wp-block-image aligncenter size-full\"><a href=\"http:\/\/www.micronsemiconductor.co.uk\/\" target=\"_blank\" rel=\"noreferrer noopener\"><img loading=\"lazy\" decoding=\"async\" width=\"277\" height=\"66\" src=\"https:\/\/atisistemas.com\/web\/wp-content\/uploads\/2023\/02\/logo_micronsemiconductors-1.png\" alt=\"Micron Semiconductor\" class=\"wp-image-1601\"\/><\/a><\/figure>\n<\/div>\n<\/div>\n<\/div>\n\n\n\n<div class=\"inherit-container-width wp-block-group alignfull is-layout-constrained wp-container-core-group-is-layout-e1db180a wp-block-group-is-layout-constrained\" style=\"margin-top:0;margin-bottom:0;padding-top:var(--wp--preset--spacing--60);padding-right:var(--wp--preset--spacing--60);padding-bottom:var(--wp--preset--spacing--60);padding-left:var(--wp--preset--spacing--60)\">\n<div class=\"wp-block-columns is-layout-flex wp-container-core-columns-is-layout-28f84493 wp-block-columns-is-layout-flex\">\n<div class=\"wp-block-column is-vertically-aligned-center is-layout-flow wp-block-column-is-layout-flow\" style=\"flex-basis:33%\">\n<figure class=\"wp-block-image aligncenter size-full\"><a href=\"https:\/\/scionix.nl\/\" target=\"_blank\" rel=\"noreferrer noopener\"><img loading=\"lazy\" decoding=\"async\" width=\"600\" height=\"257\" src=\"https:\/\/atisistemas.com\/web\/wp-content\/uploads\/2023\/02\/logo-scionix.png\" alt=\"SCIONIX\" class=\"wp-image-1605\" srcset=\"https:\/\/atisistemas.com\/web\/wp-content\/uploads\/2023\/02\/logo-scionix.png 600w, https:\/\/atisistemas.com\/web\/wp-content\/uploads\/2023\/02\/logo-scionix-300x129.png 300w\" sizes=\"auto, (max-width: 600px) 100vw, 600px\" \/><\/a><\/figure>\n<\/div>\n\n\n\n<div class=\"wp-block-column is-vertically-aligned-center is-layout-flow wp-block-column-is-layout-flow\" style=\"flex-basis:66%\">\n<p><strong><a href=\"https:\/\/scionix.nl\/\" target=\"_blank\" rel=\"noreferrer noopener\">SCIONIX<\/a><\/strong> fabrica equipos y componentes para instrumentos de detecci\u00f3n de radiaciones empleando cristales y materiales de centelleo. Su gama de productos cuenta con instrumentos de detecci\u00f3n de centelleo con la electr\u00f3nica de entrada asociada y a menudo incorporada en el conjunto del detector. Destacan por su r\u00e1pida interacci\u00f3n en los nuevos desarrollos cient\u00edficos en cuanto a materiales y t\u00e9cnicas de detecci\u00f3n y una estrecha relaci\u00f3n con los usuarios finales de sus productos.<\/p>\n<\/div>\n<\/div>\n<\/div>\n\n\n\n<div class=\"inherit-container-width wp-block-group alignfull is-layout-constrained wp-container-core-group-is-layout-e1db180a wp-block-group-is-layout-constrained\" style=\"margin-top:0;margin-bottom:0;padding-top:var(--wp--preset--spacing--60);padding-right:var(--wp--preset--spacing--60);padding-bottom:var(--wp--preset--spacing--60);padding-left:var(--wp--preset--spacing--60)\">\n<div class=\"wp-block-columns is-layout-flex wp-container-core-columns-is-layout-28f84493 wp-block-columns-is-layout-flex\">\n<div class=\"wp-block-column is-vertically-aligned-center is-layout-flow wp-block-column-is-layout-flow\" style=\"flex-basis:66%\">\n<p><a href=\"http:\/\/www.hitechglobal.com\/\" target=\"_blank\" rel=\"noreferrer noopener\"><strong>HiTech Global, LLC<\/strong><\/a>. Con sede en San Jos\u00e9, California, sus productos incluyen n\u00facleos IP, placas de evaluaci\u00f3n y prototipado basadas en FPGA de Xilinx, AMD e Intel, m\u00f3dulos de aplicaci\u00f3n espec\u00edfica (para DSP, procesamiento de v\u00eddeo, &#8230;), sistemas de alimentaci\u00f3n espec\u00edfica y fabricaci\u00f3n a medida. Complementa su cat\u00e1logo de productos con servicios de dise\u00f1o de FPGA, ASIC, SoC y PCB.<\/p>\n<\/div>\n\n\n\n<div class=\"wp-block-column is-vertically-aligned-center is-layout-flow wp-block-column-is-layout-flow\" style=\"flex-basis:33%\">\n<figure class=\"wp-block-image aligncenter size-full\"><a href=\"http:\/\/www.hitechglobal.com\/\" target=\"_blank\" rel=\"noreferrer noopener\"><img loading=\"lazy\" decoding=\"async\" width=\"683\" height=\"453\" src=\"https:\/\/atisistemas.com\/web\/wp-content\/uploads\/2023\/02\/logo-hitechglobal.png\" alt=\"HiTech Global\" class=\"wp-image-1608\" srcset=\"https:\/\/atisistemas.com\/web\/wp-content\/uploads\/2023\/02\/logo-hitechglobal.png 683w, https:\/\/atisistemas.com\/web\/wp-content\/uploads\/2023\/02\/logo-hitechglobal-300x199.png 300w\" sizes=\"auto, (max-width: 683px) 100vw, 683px\" \/><\/a><\/figure>\n<\/div>\n<\/div>\n<\/div>\n","protected":false},"excerpt":{"rendered":"<p>Somos distribuidores exclusivos para Espa\u00f1a de CAEN SpA, la \u00fanica empresa del mundo capaz de suministrar una gama completa de sistemas de alimentaci\u00f3n de alta y baja tensi\u00f3n y m\u00f3dulos de adquisici\u00f3n de datos frontales que cumplen las normas IEEE para f\u00edsica nuclear y de part\u00edculas. Sus amplias capacidades de investigaci\u00f3n y desarrollo les han [&hellip;]<\/p>\n","protected":false},"author":1,"featured_media":0,"parent":62,"menu_order":0,"comment_status":"closed","ping_status":"closed","template":"","meta":{"_editorskit_title_hidden":false,"_editorskit_reading_time":2,"_editorskit_is_block_options_detached":false,"_editorskit_block_options_position":"{}","site-sidebar-layout":"default","site-content-layout":"","ast-site-content-layout":"default","site-content-style":"default","site-sidebar-style":"default","ast-global-header-display":"","ast-banner-title-visibility":"","ast-main-header-display":"","ast-hfb-above-header-display":"","ast-hfb-below-header-display":"","ast-hfb-mobile-header-display":"","site-post-title":"","ast-breadcrumbs-content":"","ast-featured-img":"","footer-sml-layout":"","ast-disable-related-posts":"","theme-transparent-header-meta":"","adv-header-id-meta":"","stick-header-meta":"","header-above-stick-meta":"","header-main-stick-meta":"","header-below-stick-meta":"","astra-migrate-meta-layouts":"set","ast-page-background-enabled":"default","ast-page-background-meta":{"desktop":{"background-color":"var(--ast-global-color-4)","background-image":"","background-repeat":"repeat","background-position":"center center","background-size":"auto","background-attachment":"scroll","background-type":"","background-media":"","overlay-type":"","overlay-color":"","overlay-opacity":"","overlay-gradient":""},"tablet":{"background-color":"","background-image":"","background-repeat":"repeat","background-position":"center center","background-size":"auto","background-attachment":"scroll","background-type":"","background-media":"","overlay-type":"","overlay-color":"","overlay-opacity":"","overlay-gradient":""},"mobile":{"background-color":"","background-image":"","background-repeat":"repeat","background-position":"center center","background-size":"auto","background-attachment":"scroll","background-type":"","background-media":"","overlay-type":"","overlay-color":"","overlay-opacity":"","overlay-gradient":""}},"ast-content-background-meta":{"desktop":{"background-color":"var(--ast-global-color-5)","background-image":"","background-repeat":"repeat","background-position":"center center","background-size":"auto","background-attachment":"scroll","background-type":"","background-media":"","overlay-type":"","overlay-color":"","overlay-opacity":"","overlay-gradient":""},"tablet":{"background-color":"var(--ast-global-color-5)","background-image":"","background-repeat":"repeat","background-position":"center center","background-size":"auto","background-attachment":"scroll","background-type":"","background-media":"","overlay-type":"","overlay-color":"","overlay-opacity":"","overlay-gradient":""},"mobile":{"background-color":"var(--ast-global-color-5)","background-image":"","background-repeat":"repeat","background-position":"center center","background-size":"auto","background-attachment":"scroll","background-type":"","background-media":"","overlay-type":"","overlay-color":"","overlay-opacity":"","overlay-gradient":""}},"footnotes":""},"class_list":["post-355","page","type-page","status-publish","hentry"],"yoast_head":"<!-- This site is optimized with the Yoast SEO plugin v27.5 - https:\/\/yoast.com\/product\/yoast-seo-wordpress\/ -->\n<title>Instrumentaci\u00f3n cient\u00edfica | ATI Sistemas<\/title>\n<meta name=\"description\" content=\"Suministro de instrumentaci\u00f3n para investigaci\u00f3n. Distribuci\u00f3n exclusiva de CAEN SpA para Espa\u00f1a.\" \/>\n<meta name=\"robots\" content=\"index, follow, max-snippet:-1, max-image-preview:large, max-video-preview:-1\" \/>\n<link rel=\"canonical\" href=\"https:\/\/atisistemas.com\/web\/es\/productos\/instrumentacion-cientifica\/\" \/>\n<meta property=\"og:locale\" content=\"es_ES\" \/>\n<meta property=\"og:type\" content=\"article\" \/>\n<meta property=\"og:title\" content=\"Instrumentaci\u00f3n cient\u00edfica | ATI Sistemas\" \/>\n<meta property=\"og:description\" content=\"Suministro de instrumentaci\u00f3n para investigaci\u00f3n. Distribuci\u00f3n exclusiva de CAEN SpA para Espa\u00f1a.\" \/>\n<meta property=\"og:url\" content=\"https:\/\/atisistemas.com\/web\/es\/productos\/instrumentacion-cientifica\/\" \/>\n<meta property=\"og:site_name\" content=\"ATI Sistemas\" \/>\n<meta property=\"article:modified_time\" content=\"2024-05-29T13:55:08+00:00\" \/>\n<meta property=\"og:image\" content=\"https:\/\/atisistemas.com\/web\/wp-content\/uploads\/2023\/02\/logo_caen.png\" \/>\n<meta name=\"twitter:card\" content=\"summary_large_image\" \/>\n<meta name=\"twitter:label1\" content=\"Tiempo de lectura\" \/>\n\t<meta name=\"twitter:data1\" content=\"3 minutos\" \/>\n<script type=\"application\/ld+json\" class=\"yoast-schema-graph\">{\"@context\":\"https:\\\/\\\/schema.org\",\"@graph\":[{\"@type\":\"WebPage\",\"@id\":\"https:\\\/\\\/atisistemas.com\\\/web\\\/es\\\/productos\\\/instrumentacion-cientifica\\\/\",\"url\":\"https:\\\/\\\/atisistemas.com\\\/web\\\/es\\\/productos\\\/instrumentacion-cientifica\\\/\",\"name\":\"Instrumentaci\u00f3n cient\u00edfica | ATI Sistemas\",\"isPartOf\":{\"@id\":\"https:\\\/\\\/atisistemas.com\\\/web\\\/#website\"},\"primaryImageOfPage\":{\"@id\":\"https:\\\/\\\/atisistemas.com\\\/web\\\/es\\\/productos\\\/instrumentacion-cientifica\\\/#primaryimage\"},\"image\":{\"@id\":\"https:\\\/\\\/atisistemas.com\\\/web\\\/es\\\/productos\\\/instrumentacion-cientifica\\\/#primaryimage\"},\"thumbnailUrl\":\"https:\\\/\\\/atisistemas.com\\\/web\\\/wp-content\\\/uploads\\\/2023\\\/02\\\/logo_caen.png\",\"datePublished\":\"2023-01-30T16:57:35+00:00\",\"dateModified\":\"2024-05-29T13:55:08+00:00\",\"description\":\"Suministro de instrumentaci\u00f3n para investigaci\u00f3n. Distribuci\u00f3n exclusiva de CAEN SpA para Espa\u00f1a.\",\"breadcrumb\":{\"@id\":\"https:\\\/\\\/atisistemas.com\\\/web\\\/es\\\/productos\\\/instrumentacion-cientifica\\\/#breadcrumb\"},\"inLanguage\":\"es\",\"potentialAction\":[{\"@type\":\"ReadAction\",\"target\":[\"https:\\\/\\\/atisistemas.com\\\/web\\\/es\\\/productos\\\/instrumentacion-cientifica\\\/\"]}]},{\"@type\":\"ImageObject\",\"inLanguage\":\"es\",\"@id\":\"https:\\\/\\\/atisistemas.com\\\/web\\\/es\\\/productos\\\/instrumentacion-cientifica\\\/#primaryimage\",\"url\":\"https:\\\/\\\/atisistemas.com\\\/web\\\/wp-content\\\/uploads\\\/2023\\\/02\\\/logo_caen.png\",\"contentUrl\":\"https:\\\/\\\/atisistemas.com\\\/web\\\/wp-content\\\/uploads\\\/2023\\\/02\\\/logo_caen.png\",\"width\":680,\"height\":227},{\"@type\":\"BreadcrumbList\",\"@id\":\"https:\\\/\\\/atisistemas.com\\\/web\\\/es\\\/productos\\\/instrumentacion-cientifica\\\/#breadcrumb\",\"itemListElement\":[{\"@type\":\"ListItem\",\"position\":1,\"name\":\"Inicio\",\"item\":\"https:\\\/\\\/atisistemas.com\\\/web\\\/es\\\/inicio\\\/\"},{\"@type\":\"ListItem\",\"position\":2,\"name\":\"Productos\",\"item\":\"https:\\\/\\\/atisistemas.com\\\/web\\\/es\\\/productos\\\/\"},{\"@type\":\"ListItem\",\"position\":3,\"name\":\"Instrumentaci\u00f3n cient\u00edfica\"}]},{\"@type\":\"WebSite\",\"@id\":\"https:\\\/\\\/atisistemas.com\\\/web\\\/#website\",\"url\":\"https:\\\/\\\/atisistemas.com\\\/web\\\/\",\"name\":\"ATI Sistemas\",\"description\":\"ATI Sistemas\",\"publisher\":{\"@id\":\"https:\\\/\\\/atisistemas.com\\\/web\\\/#organization\"},\"alternateName\":\"ATI\",\"potentialAction\":[{\"@type\":\"SearchAction\",\"target\":{\"@type\":\"EntryPoint\",\"urlTemplate\":\"https:\\\/\\\/atisistemas.com\\\/web\\\/?s={search_term_string}\"},\"query-input\":{\"@type\":\"PropertyValueSpecification\",\"valueRequired\":true,\"valueName\":\"search_term_string\"}}],\"inLanguage\":\"es\"},{\"@type\":\"Organization\",\"@id\":\"https:\\\/\\\/atisistemas.com\\\/web\\\/#organization\",\"name\":\"ATI Sistemas\",\"alternateName\":\"ATI\",\"url\":\"https:\\\/\\\/atisistemas.com\\\/web\\\/\",\"logo\":{\"@type\":\"ImageObject\",\"inLanguage\":\"es\",\"@id\":\"https:\\\/\\\/atisistemas.com\\\/web\\\/#\\\/schema\\\/logo\\\/image\\\/\",\"url\":\"https:\\\/\\\/atisistemas.com\\\/web\\\/wp-content\\\/uploads\\\/2023\\\/01\\\/logo-transparente.png\",\"contentUrl\":\"https:\\\/\\\/atisistemas.com\\\/web\\\/wp-content\\\/uploads\\\/2023\\\/01\\\/logo-transparente.png\",\"width\":180,\"height\":75,\"caption\":\"ATI Sistemas\"},\"image\":{\"@id\":\"https:\\\/\\\/atisistemas.com\\\/web\\\/#\\\/schema\\\/logo\\\/image\\\/\"}}]}<\/script>\n<!-- \/ Yoast SEO plugin. -->","yoast_head_json":{"title":"Instrumentaci\u00f3n cient\u00edfica | ATI Sistemas","description":"Suministro de instrumentaci\u00f3n para investigaci\u00f3n. Distribuci\u00f3n exclusiva de CAEN SpA para Espa\u00f1a.","robots":{"index":"index","follow":"follow","max-snippet":"max-snippet:-1","max-image-preview":"max-image-preview:large","max-video-preview":"max-video-preview:-1"},"canonical":"https:\/\/atisistemas.com\/web\/es\/productos\/instrumentacion-cientifica\/","og_locale":"es_ES","og_type":"article","og_title":"Instrumentaci\u00f3n cient\u00edfica | ATI Sistemas","og_description":"Suministro de instrumentaci\u00f3n para investigaci\u00f3n. Distribuci\u00f3n exclusiva de CAEN SpA para Espa\u00f1a.","og_url":"https:\/\/atisistemas.com\/web\/es\/productos\/instrumentacion-cientifica\/","og_site_name":"ATI Sistemas","article_modified_time":"2024-05-29T13:55:08+00:00","og_image":[{"url":"https:\/\/atisistemas.com\/web\/wp-content\/uploads\/2023\/02\/logo_caen.png","type":"","width":"","height":""}],"twitter_card":"summary_large_image","twitter_misc":{"Tiempo de lectura":"3 minutos"},"schema":{"@context":"https:\/\/schema.org","@graph":[{"@type":"WebPage","@id":"https:\/\/atisistemas.com\/web\/es\/productos\/instrumentacion-cientifica\/","url":"https:\/\/atisistemas.com\/web\/es\/productos\/instrumentacion-cientifica\/","name":"Instrumentaci\u00f3n cient\u00edfica | ATI Sistemas","isPartOf":{"@id":"https:\/\/atisistemas.com\/web\/#website"},"primaryImageOfPage":{"@id":"https:\/\/atisistemas.com\/web\/es\/productos\/instrumentacion-cientifica\/#primaryimage"},"image":{"@id":"https:\/\/atisistemas.com\/web\/es\/productos\/instrumentacion-cientifica\/#primaryimage"},"thumbnailUrl":"https:\/\/atisistemas.com\/web\/wp-content\/uploads\/2023\/02\/logo_caen.png","datePublished":"2023-01-30T16:57:35+00:00","dateModified":"2024-05-29T13:55:08+00:00","description":"Suministro de instrumentaci\u00f3n para investigaci\u00f3n. Distribuci\u00f3n exclusiva de CAEN SpA para Espa\u00f1a.","breadcrumb":{"@id":"https:\/\/atisistemas.com\/web\/es\/productos\/instrumentacion-cientifica\/#breadcrumb"},"inLanguage":"es","potentialAction":[{"@type":"ReadAction","target":["https:\/\/atisistemas.com\/web\/es\/productos\/instrumentacion-cientifica\/"]}]},{"@type":"ImageObject","inLanguage":"es","@id":"https:\/\/atisistemas.com\/web\/es\/productos\/instrumentacion-cientifica\/#primaryimage","url":"https:\/\/atisistemas.com\/web\/wp-content\/uploads\/2023\/02\/logo_caen.png","contentUrl":"https:\/\/atisistemas.com\/web\/wp-content\/uploads\/2023\/02\/logo_caen.png","width":680,"height":227},{"@type":"BreadcrumbList","@id":"https:\/\/atisistemas.com\/web\/es\/productos\/instrumentacion-cientifica\/#breadcrumb","itemListElement":[{"@type":"ListItem","position":1,"name":"Inicio","item":"https:\/\/atisistemas.com\/web\/es\/inicio\/"},{"@type":"ListItem","position":2,"name":"Productos","item":"https:\/\/atisistemas.com\/web\/es\/productos\/"},{"@type":"ListItem","position":3,"name":"Instrumentaci\u00f3n cient\u00edfica"}]},{"@type":"WebSite","@id":"https:\/\/atisistemas.com\/web\/#website","url":"https:\/\/atisistemas.com\/web\/","name":"ATI Sistemas","description":"ATI Sistemas","publisher":{"@id":"https:\/\/atisistemas.com\/web\/#organization"},"alternateName":"ATI","potentialAction":[{"@type":"SearchAction","target":{"@type":"EntryPoint","urlTemplate":"https:\/\/atisistemas.com\/web\/?s={search_term_string}"},"query-input":{"@type":"PropertyValueSpecification","valueRequired":true,"valueName":"search_term_string"}}],"inLanguage":"es"},{"@type":"Organization","@id":"https:\/\/atisistemas.com\/web\/#organization","name":"ATI Sistemas","alternateName":"ATI","url":"https:\/\/atisistemas.com\/web\/","logo":{"@type":"ImageObject","inLanguage":"es","@id":"https:\/\/atisistemas.com\/web\/#\/schema\/logo\/image\/","url":"https:\/\/atisistemas.com\/web\/wp-content\/uploads\/2023\/01\/logo-transparente.png","contentUrl":"https:\/\/atisistemas.com\/web\/wp-content\/uploads\/2023\/01\/logo-transparente.png","width":180,"height":75,"caption":"ATI Sistemas"},"image":{"@id":"https:\/\/atisistemas.com\/web\/#\/schema\/logo\/image\/"}}]}},"_links":{"self":[{"href":"https:\/\/atisistemas.com\/web\/wp-json\/wp\/v2\/pages\/355","targetHints":{"allow":["GET"]}}],"collection":[{"href":"https:\/\/atisistemas.com\/web\/wp-json\/wp\/v2\/pages"}],"about":[{"href":"https:\/\/atisistemas.com\/web\/wp-json\/wp\/v2\/types\/page"}],"author":[{"embeddable":true,"href":"https:\/\/atisistemas.com\/web\/wp-json\/wp\/v2\/users\/1"}],"replies":[{"embeddable":true,"href":"https:\/\/atisistemas.com\/web\/wp-json\/wp\/v2\/comments?post=355"}],"version-history":[{"count":28,"href":"https:\/\/atisistemas.com\/web\/wp-json\/wp\/v2\/pages\/355\/revisions"}],"predecessor-version":[{"id":4235,"href":"https:\/\/atisistemas.com\/web\/wp-json\/wp\/v2\/pages\/355\/revisions\/4235"}],"up":[{"embeddable":true,"href":"https:\/\/atisistemas.com\/web\/wp-json\/wp\/v2\/pages\/62"}],"wp:attachment":[{"href":"https:\/\/atisistemas.com\/web\/wp-json\/wp\/v2\/media?parent=355"}],"curies":[{"name":"wp","href":"https:\/\/api.w.org\/{rel}","templated":true}]}}