{"id":357,"date":"2023-01-30T17:57:55","date_gmt":"2023-01-30T16:57:55","guid":{"rendered":"https:\/\/atisistemas.com\/web\/?page_id=357"},"modified":"2023-06-09T16:11:37","modified_gmt":"2023-06-09T14:11:37","slug":"traceado-electrico","status":"publish","type":"page","link":"https:\/\/atisistemas.com\/web\/es\/productos\/traceado-electrico\/","title":{"rendered":"Traceado el\u00e9ctrico"},"content":{"rendered":"\n<div class=\"inherit-container-width wp-block-group alignwide is-layout-constrained wp-block-group-is-layout-constrained\" id=\"intruduccion\">\n<p>La tecnolog\u00eda de traceado el\u00e9ctrico busca solucionar las necesidades de control y estabilizaci\u00f3n de temperatura, no solo en elementos de proceso como tanques o reactores, sino en componentes de trasiego como tuber\u00edas, v\u00e1lvulas o instrumentos. Destaca por ser un sistema limpio y eficaz que ha probado su coste reducido en comparaci\u00f3n a otras tecnolog\u00edas, especialmente cuando va acompa\u00f1ado de un control de tiempo y temperatura a medida.<\/p>\n\n\n\n<p>Suministramos sistemas completos de traceado el\u00e9ctrico, desde el dise\u00f1o hasta la instalaci\u00f3n, supervisi\u00f3n y puesta en marcha, incluyendo tanto los elementos espec\u00edficos del traceado (cables, sistemas de alimentaci\u00f3n, &#8230;) como los elementos de control, supervisi\u00f3n e integraci\u00f3n con los sistemas de control de planta preexistentes.<\/p>\n<\/div>\n\n\n\n<div class=\"wp-block-cover alignfull has-parallax has-custom-content-position is-position-top-center box is-style-editorskit-shadow\" style=\"margin-top:2em;margin-bottom:2em;padding-top:0;padding-right:0;padding-bottom:0;padding-left:0\" id=\"aplicaciones\"><span aria-hidden=\"true\" class=\"wp-block-cover__background has-ast-global-color-5-background-color has-background-dim-70 has-background-dim\"><\/span><div role=\"img\" class=\"wp-block-cover__image-background wp-image-2548 has-parallax\" style=\"background-position:50% 50%;background-image:url(https:\/\/atisistemas.com\/web\/wp-content\/uploads\/2023\/02\/traceado_electrico.jpg)\"><\/div><div class=\"wp-block-cover__inner-container is-layout-flow wp-block-cover-is-layout-flow\">\n<div class=\"wp-block-columns is-layout-flex wp-container-core-columns-is-layout-d7d455e7 wp-block-columns-is-layout-flex\" style=\"padding-top:0;padding-right:0;padding-bottom:0;padding-left:0\">\n<div class=\"wp-block-column has-background is-layout-flow wp-block-column-is-layout-flow\" style=\"background-color:#ffffffcc;padding-top:2em;padding-right:2em;padding-bottom:2em;padding-left:2em;flex-basis:60%\">\n<h2 class=\"wp-block-heading has-text-align-left has-ast-global-color-2-color has-text-color has-medium-font-size\">Aplicaciones<\/h2>\n\n\n\n<ul class=\"is-style-arrow has-ast-global-color-2-color has-text-color has-list-bullet-color wp-block-list\" style=\"--ek-bullet-color:var(--ast-global-color-0)\">\n<li>Prevenci\u00f3n de congelaci\u00f3n en fluidos de tuber\u00edas de proceso.<\/li>\n\n\n\n<li>Mejora de bombeo mediante la reducci\u00f3n de viscosidad.<\/li>\n\n\n\n<li>Estabilizaci\u00f3n de temperatura y compensaci\u00f3n de p\u00e9rdidas de calor en productos especialmente sensibles a esta variaci\u00f3n: melazas, chocolate, &#8230;<\/li>\n\n\n\n<li>Incremento de temperatura de proceso tras intervalos de parada.<\/li>\n\n\n\n<li>Eliminaci\u00f3n de condensaci\u00f3n y la generaci\u00f3n de atascos en materiales pulverulentos secos.<\/li>\n\n\n\n<li>Prevenci\u00f3n de hidrataci\u00f3n de gases.<\/li>\n\n\n\n<li>Prevenci\u00f3n de la formaci\u00f3n de hidratos y parafinas en hidrocarburos.<\/li>\n\n\n\n<li>Calefacci\u00f3n mediante suelo radiante.<\/li>\n\n\n\n<li>Prevenci\u00f3n de congelaci\u00f3n en canalizaciones<\/li>\n\n\n\n<li>Prevenci\u00f3n de acumulaci\u00f3n de nieve o hielo en carreteras, caminos, tejados, &#8230;<\/li>\n\n\n\n<li>Prevenci\u00f3n de congelaci\u00f3n en cambios de aguja en trazados ferroviarios.<\/li>\n<\/ul>\n<\/div>\n\n\n\n<div class=\"wp-block-column is-vertically-aligned-center is-layout-flow wp-block-column-is-layout-flow\"><\/div>\n<\/div>\n<\/div><\/div>\n\n\n\n<div class=\"wp-block-cover alignfull has-parallax has-custom-content-position is-position-top-center box is-style-editorskit-shadow\" style=\"padding-top:0;padding-right:0;padding-bottom:0;padding-left:0\" id=\"productos\"><span aria-hidden=\"true\" class=\"wp-block-cover__background has-ast-global-color-5-background-color has-background-dim-70 has-background-dim\"><\/span><div role=\"img\" class=\"wp-block-cover__image-background wp-image-2545 has-parallax\" style=\"background-position:50% 50%;background-image:url(https:\/\/atisistemas.com\/web\/wp-content\/uploads\/2023\/02\/cable_taceado.jpg)\"><\/div><div class=\"wp-block-cover__inner-container is-layout-flow wp-block-cover-is-layout-flow\">\n<div class=\"wp-block-columns has-ast-global-color-2-color has-text-color is-layout-flex wp-container-core-columns-is-layout-d7d455e7 wp-block-columns-is-layout-flex\" style=\"padding-top:0;padding-right:0;padding-bottom:0;padding-left:0\">\n<div class=\"wp-block-column is-vertically-aligned-center is-layout-flow wp-block-column-is-layout-flow\"><\/div>\n\n\n\n<div class=\"wp-block-column has-background is-layout-flow wp-block-column-is-layout-flow\" style=\"background-color:#ffffffcc;padding-top:2em;padding-right:2em;padding-bottom:2em;padding-left:2em;flex-basis:60%\">\n<h2 class=\"wp-block-heading has-text-align-left has-ast-global-color-2-color has-text-color has-medium-font-size\">Productos<\/h2>\n\n\n\n<ul class=\"is-style-arrow has-list-bullet-color wp-block-list\" style=\"--ek-bullet-color:var(--ast-global-color-0)\">\n<li><strong>Cable serie de aislamiento mineral (MI)<\/strong>. Este tipo de cable utiliza conductores resistivos \u00fanicos o m\u00faltiples para crear un circuito de calefacci\u00f3n, proporcionando una potencia de salida proporcional al voltaje aplicado, la longitud del tramo y la resistencia del conductor. Este tipo de conductor se suministra terminado de f\u00e1brica.<\/li>\n\n\n\n<li><strong>Cable paralelo de potencia constante<\/strong>. Los cables calefactores de este tipo se construyen con dos cables de bus paralelos con aislamiento de pol\u00edmero, con un elemento de calentamiento de alambre de aleaci\u00f3n de N\u00edquel envuelto alternativamente a lo largo de los conductores. Estas conexiones se realizan en el punto \u00abNODO\u00bb, donde el elemento calefactor de aleaci\u00f3n est\u00e1 unido. Estos cables pueden soportar temperaturas de hasta 425 \u00baC y ser cortados a medida.<\/li>\n\n\n\n<li><strong>Cable paralelo autorregulante<\/strong>. Son el \u00faltimo avance en tecnolog\u00eda de traceado el\u00e9ctrico y ofrecen la m\u00e1xima versatilidad. Est\u00e1n dise\u00f1ados y construidos para regular su producci\u00f3n seg\u00fan las necesidades de proceso, es decir, a medida que baja la temperatura del proceso aumenta la potencia entregada por el cable y, por contra, a medida que el proceso recupera temperatura la potencia entregada por el cable disminuye. Este cable consta de un n\u00facleo de pol\u00edmero extru\u00eddo en dos conductores paralelos que contiene material semiconductor con un alto contenido en Carbono, generalmente grafito, lo que permite que la electricidad fluya de un cable a otro y crea resistencias infinitamente paralelas. La resistencia del n\u00facleo cambia proporcionalmente con la temperatura, y la potencia var\u00eda a lo largo del cable dependiendo de la temperatura del n\u00facleo del calentador. Se puede cortar a la medida requerida y soporta temperaturas de hasta 300 \u00baC, lo que lo hace apto para el 90% de las aplicaciones industriales.<\/li>\n\n\n\n<li><strong>Skin-tracing<\/strong>: en este sistema el calor se genera en la superficie interna de un tubo de calor ferromagn\u00e9tico que est\u00e1 t\u00e9rmicamente acoplado (soldado) a la tuber\u00eda que se va a rastrear por calor. Se coloca un material conductor no magn\u00e9tico (t\u00edpicamente, Cobre o Aluminio) dentro del tubo de calor y se conecta al tubo en el otro extremo, conectando el tubo y el conductor a una fuente de tensi\u00f3n CA en serie. Al aplicar la tensi\u00f3n de esta manera la corriente en el conductor fluye en una direcci\u00f3n y retorna a trav\u00e9s del tubo calor en la direcci\u00f3n opuesta. La corriente completa fluye en la superficie interior del tubo mientras en su superficie exterior est\u00e1 pr\u00e1cticamente ausente. Se emplea en circuitos extremadamente largos, con puntos de suministro el\u00e9ctrico distanciados hasta 30km.<\/li>\n<\/ul>\n<\/div>\n<\/div>\n<\/div><\/div>\n","protected":false},"excerpt":{"rendered":"<p>La tecnolog\u00eda de traceado el\u00e9ctrico busca solucionar las necesidades de control y estabilizaci\u00f3n de temperatura, no solo en elementos de proceso como tanques o reactores, sino en componentes de trasiego como tuber\u00edas, v\u00e1lvulas o instrumentos. Destaca por ser un sistema limpio y eficaz que ha probado su coste reducido en comparaci\u00f3n a otras tecnolog\u00edas, especialmente [&hellip;]<\/p>\n","protected":false},"author":1,"featured_media":0,"parent":62,"menu_order":0,"comment_status":"closed","ping_status":"closed","template":"","meta":{"_editorskit_title_hidden":false,"_editorskit_reading_time":3,"_editorskit_is_block_options_detached":false,"_editorskit_block_options_position":"{}","site-sidebar-layout":"default","site-content-layout":"","ast-site-content-layout":"default","site-content-style":"default","site-sidebar-style":"default","ast-global-header-display":"","ast-banner-title-visibility":"","ast-main-header-display":"","ast-hfb-above-header-display":"","ast-hfb-below-header-display":"","ast-hfb-mobile-header-display":"","site-post-title":"","ast-breadcrumbs-content":"","ast-featured-img":"","footer-sml-layout":"","ast-disable-related-posts":"","theme-transparent-header-meta":"","adv-header-id-meta":"","stick-header-meta":"","header-above-stick-meta":"","header-main-stick-meta":"","header-below-stick-meta":"","astra-migrate-meta-layouts":"default","ast-page-background-enabled":"default","ast-page-background-meta":{"desktop":{"background-color":"var(--ast-global-color-4)","background-image":"","background-repeat":"repeat","background-position":"center center","background-size":"auto","background-attachment":"scroll","background-type":"","background-media":"","overlay-type":"","overlay-color":"","overlay-opacity":"","overlay-gradient":""},"tablet":{"background-color":"","background-image":"","background-repeat":"repeat","background-position":"center center","background-size":"auto","background-attachment":"scroll","background-type":"","background-media":"","overlay-type":"","overlay-color":"","overlay-opacity":"","overlay-gradient":""},"mobile":{"background-color":"","background-image":"","background-repeat":"repeat","background-position":"center center","background-size":"auto","background-attachment":"scroll","background-type":"","background-media":"","overlay-type":"","overlay-color":"","overlay-opacity":"","overlay-gradient":""}},"ast-content-background-meta":{"desktop":{"background-color":"var(--ast-global-color-5)","background-image":"","background-repeat":"repeat","background-position":"center center","background-size":"auto","background-attachment":"scroll","background-type":"","background-media":"","overlay-type":"","overlay-color":"","overlay-opacity":"","overlay-gradient":""},"tablet":{"background-color":"var(--ast-global-color-5)","background-image":"","background-repeat":"repeat","background-position":"center center","background-size":"auto","background-attachment":"scroll","background-type":"","background-media":"","overlay-type":"","overlay-color":"","overlay-opacity":"","overlay-gradient":""},"mobile":{"background-color":"var(--ast-global-color-5)","background-image":"","background-repeat":"repeat","background-position":"center center","background-size":"auto","background-attachment":"scroll","background-type":"","background-media":"","overlay-type":"","overlay-color":"","overlay-opacity":"","overlay-gradient":""}},"footnotes":""},"class_list":["post-357","page","type-page","status-publish","hentry"],"yoast_head":"<!-- This site is optimized with the Yoast SEO plugin v27.5 - https:\/\/yoast.com\/product\/yoast-seo-wordpress\/ -->\n<title>Traceado el\u00e9ctrico | ATI Sistemas<\/title>\n<meta name=\"description\" content=\"Traceado el\u00e9ctrico. Prevenci\u00f3n de congelaci\u00f3n. Control de temperatura de proceso.\" \/>\n<meta name=\"robots\" content=\"index, follow, max-snippet:-1, max-image-preview:large, max-video-preview:-1\" \/>\n<link rel=\"canonical\" href=\"https:\/\/atisistemas.com\/web\/es\/productos\/traceado-electrico\/\" \/>\n<meta property=\"og:locale\" content=\"es_ES\" \/>\n<meta property=\"og:type\" content=\"article\" \/>\n<meta property=\"og:title\" content=\"Traceado el\u00e9ctrico | ATI Sistemas\" \/>\n<meta property=\"og:description\" content=\"Traceado el\u00e9ctrico. Prevenci\u00f3n de congelaci\u00f3n. Control de temperatura de proceso.\" \/>\n<meta property=\"og:url\" content=\"https:\/\/atisistemas.com\/web\/es\/productos\/traceado-electrico\/\" \/>\n<meta property=\"og:site_name\" content=\"ATI Sistemas\" \/>\n<meta property=\"article:modified_time\" content=\"2023-06-09T14:11:37+00:00\" \/>\n<meta property=\"og:image\" content=\"https:\/\/atisistemas.com\/web\/wp-content\/uploads\/2023\/01\/logo-transparente.png\" \/>\n\t<meta property=\"og:image:width\" content=\"180\" \/>\n\t<meta property=\"og:image:height\" content=\"75\" \/>\n\t<meta property=\"og:image:type\" content=\"image\/png\" \/>\n<meta name=\"twitter:card\" content=\"summary_large_image\" \/>\n<meta name=\"twitter:label1\" content=\"Tiempo de lectura\" \/>\n\t<meta name=\"twitter:data1\" content=\"3 minutos\" \/>\n<script type=\"application\/ld+json\" class=\"yoast-schema-graph\">{\"@context\":\"https:\\\/\\\/schema.org\",\"@graph\":[{\"@type\":\"WebPage\",\"@id\":\"https:\\\/\\\/atisistemas.com\\\/web\\\/es\\\/productos\\\/traceado-electrico\\\/\",\"url\":\"https:\\\/\\\/atisistemas.com\\\/web\\\/es\\\/productos\\\/traceado-electrico\\\/\",\"name\":\"Traceado el\u00e9ctrico | ATI Sistemas\",\"isPartOf\":{\"@id\":\"https:\\\/\\\/atisistemas.com\\\/web\\\/#website\"},\"datePublished\":\"2023-01-30T16:57:55+00:00\",\"dateModified\":\"2023-06-09T14:11:37+00:00\",\"description\":\"Traceado el\u00e9ctrico. Prevenci\u00f3n de congelaci\u00f3n. Control de temperatura de proceso.\",\"breadcrumb\":{\"@id\":\"https:\\\/\\\/atisistemas.com\\\/web\\\/es\\\/productos\\\/traceado-electrico\\\/#breadcrumb\"},\"inLanguage\":\"es\",\"potentialAction\":[{\"@type\":\"ReadAction\",\"target\":[\"https:\\\/\\\/atisistemas.com\\\/web\\\/es\\\/productos\\\/traceado-electrico\\\/\"]}]},{\"@type\":\"BreadcrumbList\",\"@id\":\"https:\\\/\\\/atisistemas.com\\\/web\\\/es\\\/productos\\\/traceado-electrico\\\/#breadcrumb\",\"itemListElement\":[{\"@type\":\"ListItem\",\"position\":1,\"name\":\"Inicio\",\"item\":\"https:\\\/\\\/atisistemas.com\\\/web\\\/es\\\/inicio\\\/\"},{\"@type\":\"ListItem\",\"position\":2,\"name\":\"Productos\",\"item\":\"https:\\\/\\\/atisistemas.com\\\/web\\\/es\\\/productos\\\/\"},{\"@type\":\"ListItem\",\"position\":3,\"name\":\"Traceado el\u00e9ctrico\"}]},{\"@type\":\"WebSite\",\"@id\":\"https:\\\/\\\/atisistemas.com\\\/web\\\/#website\",\"url\":\"https:\\\/\\\/atisistemas.com\\\/web\\\/\",\"name\":\"ATI Sistemas\",\"description\":\"ATI Sistemas\",\"publisher\":{\"@id\":\"https:\\\/\\\/atisistemas.com\\\/web\\\/#organization\"},\"alternateName\":\"ATI\",\"potentialAction\":[{\"@type\":\"SearchAction\",\"target\":{\"@type\":\"EntryPoint\",\"urlTemplate\":\"https:\\\/\\\/atisistemas.com\\\/web\\\/?s={search_term_string}\"},\"query-input\":{\"@type\":\"PropertyValueSpecification\",\"valueRequired\":true,\"valueName\":\"search_term_string\"}}],\"inLanguage\":\"es\"},{\"@type\":\"Organization\",\"@id\":\"https:\\\/\\\/atisistemas.com\\\/web\\\/#organization\",\"name\":\"ATI Sistemas\",\"alternateName\":\"ATI\",\"url\":\"https:\\\/\\\/atisistemas.com\\\/web\\\/\",\"logo\":{\"@type\":\"ImageObject\",\"inLanguage\":\"es\",\"@id\":\"https:\\\/\\\/atisistemas.com\\\/web\\\/#\\\/schema\\\/logo\\\/image\\\/\",\"url\":\"https:\\\/\\\/atisistemas.com\\\/web\\\/wp-content\\\/uploads\\\/2023\\\/01\\\/logo-transparente.png\",\"contentUrl\":\"https:\\\/\\\/atisistemas.com\\\/web\\\/wp-content\\\/uploads\\\/2023\\\/01\\\/logo-transparente.png\",\"width\":180,\"height\":75,\"caption\":\"ATI Sistemas\"},\"image\":{\"@id\":\"https:\\\/\\\/atisistemas.com\\\/web\\\/#\\\/schema\\\/logo\\\/image\\\/\"}}]}<\/script>\n<!-- \/ Yoast SEO plugin. -->","yoast_head_json":{"title":"Traceado el\u00e9ctrico | ATI Sistemas","description":"Traceado el\u00e9ctrico. Prevenci\u00f3n de congelaci\u00f3n. Control de temperatura de proceso.","robots":{"index":"index","follow":"follow","max-snippet":"max-snippet:-1","max-image-preview":"max-image-preview:large","max-video-preview":"max-video-preview:-1"},"canonical":"https:\/\/atisistemas.com\/web\/es\/productos\/traceado-electrico\/","og_locale":"es_ES","og_type":"article","og_title":"Traceado el\u00e9ctrico | ATI Sistemas","og_description":"Traceado el\u00e9ctrico. Prevenci\u00f3n de congelaci\u00f3n. Control de temperatura de proceso.","og_url":"https:\/\/atisistemas.com\/web\/es\/productos\/traceado-electrico\/","og_site_name":"ATI Sistemas","article_modified_time":"2023-06-09T14:11:37+00:00","og_image":[{"width":180,"height":75,"url":"https:\/\/atisistemas.com\/web\/wp-content\/uploads\/2023\/01\/logo-transparente.png","type":"image\/png"}],"twitter_card":"summary_large_image","twitter_misc":{"Tiempo de lectura":"3 minutos"},"schema":{"@context":"https:\/\/schema.org","@graph":[{"@type":"WebPage","@id":"https:\/\/atisistemas.com\/web\/es\/productos\/traceado-electrico\/","url":"https:\/\/atisistemas.com\/web\/es\/productos\/traceado-electrico\/","name":"Traceado el\u00e9ctrico | ATI Sistemas","isPartOf":{"@id":"https:\/\/atisistemas.com\/web\/#website"},"datePublished":"2023-01-30T16:57:55+00:00","dateModified":"2023-06-09T14:11:37+00:00","description":"Traceado el\u00e9ctrico. Prevenci\u00f3n de congelaci\u00f3n. Control de temperatura de proceso.","breadcrumb":{"@id":"https:\/\/atisistemas.com\/web\/es\/productos\/traceado-electrico\/#breadcrumb"},"inLanguage":"es","potentialAction":[{"@type":"ReadAction","target":["https:\/\/atisistemas.com\/web\/es\/productos\/traceado-electrico\/"]}]},{"@type":"BreadcrumbList","@id":"https:\/\/atisistemas.com\/web\/es\/productos\/traceado-electrico\/#breadcrumb","itemListElement":[{"@type":"ListItem","position":1,"name":"Inicio","item":"https:\/\/atisistemas.com\/web\/es\/inicio\/"},{"@type":"ListItem","position":2,"name":"Productos","item":"https:\/\/atisistemas.com\/web\/es\/productos\/"},{"@type":"ListItem","position":3,"name":"Traceado el\u00e9ctrico"}]},{"@type":"WebSite","@id":"https:\/\/atisistemas.com\/web\/#website","url":"https:\/\/atisistemas.com\/web\/","name":"ATI Sistemas","description":"ATI Sistemas","publisher":{"@id":"https:\/\/atisistemas.com\/web\/#organization"},"alternateName":"ATI","potentialAction":[{"@type":"SearchAction","target":{"@type":"EntryPoint","urlTemplate":"https:\/\/atisistemas.com\/web\/?s={search_term_string}"},"query-input":{"@type":"PropertyValueSpecification","valueRequired":true,"valueName":"search_term_string"}}],"inLanguage":"es"},{"@type":"Organization","@id":"https:\/\/atisistemas.com\/web\/#organization","name":"ATI Sistemas","alternateName":"ATI","url":"https:\/\/atisistemas.com\/web\/","logo":{"@type":"ImageObject","inLanguage":"es","@id":"https:\/\/atisistemas.com\/web\/#\/schema\/logo\/image\/","url":"https:\/\/atisistemas.com\/web\/wp-content\/uploads\/2023\/01\/logo-transparente.png","contentUrl":"https:\/\/atisistemas.com\/web\/wp-content\/uploads\/2023\/01\/logo-transparente.png","width":180,"height":75,"caption":"ATI Sistemas"},"image":{"@id":"https:\/\/atisistemas.com\/web\/#\/schema\/logo\/image\/"}}]}},"_links":{"self":[{"href":"https:\/\/atisistemas.com\/web\/wp-json\/wp\/v2\/pages\/357","targetHints":{"allow":["GET"]}}],"collection":[{"href":"https:\/\/atisistemas.com\/web\/wp-json\/wp\/v2\/pages"}],"about":[{"href":"https:\/\/atisistemas.com\/web\/wp-json\/wp\/v2\/types\/page"}],"author":[{"embeddable":true,"href":"https:\/\/atisistemas.com\/web\/wp-json\/wp\/v2\/users\/1"}],"replies":[{"embeddable":true,"href":"https:\/\/atisistemas.com\/web\/wp-json\/wp\/v2\/comments?post=357"}],"version-history":[{"count":37,"href":"https:\/\/atisistemas.com\/web\/wp-json\/wp\/v2\/pages\/357\/revisions"}],"predecessor-version":[{"id":3994,"href":"https:\/\/atisistemas.com\/web\/wp-json\/wp\/v2\/pages\/357\/revisions\/3994"}],"up":[{"embeddable":true,"href":"https:\/\/atisistemas.com\/web\/wp-json\/wp\/v2\/pages\/62"}],"wp:attachment":[{"href":"https:\/\/atisistemas.com\/web\/wp-json\/wp\/v2\/media?parent=357"}],"curies":[{"name":"wp","href":"https:\/\/api.w.org\/{rel}","templated":true}]}}