{"id":4027,"date":"2023-10-28T10:06:28","date_gmt":"2023-10-28T08:06:28","guid":{"rendered":"https:\/\/atisistemas.com\/web\/?page_id=4027"},"modified":"2023-11-10T23:29:18","modified_gmt":"2023-11-10T22:29:18","slug":"climatizacion","status":"publish","type":"page","link":"https:\/\/atisistemas.com\/web\/es\/servicios\/climatizacion\/","title":{"rendered":"Climatizaci\u00f3n"},"content":{"rendered":"\n<div class=\"inherit-container-width wp-block-group alignwide is-layout-constrained wp-block-group-is-layout-constrained\" id=\"intruduccion\">\n<p>La refrigeraci\u00f3n, ventilaci\u00f3n y climatizaci\u00f3n juegan un papel fundamental en nuestra sociedad actual, desde la conservaci\u00f3n de alimentos hasta el confort y bienestar de la personas. Es crucial en sectores como la salud, industria, procesos productivos, electr\u00f3nica y tecnolog\u00eda.<\/p>\n\n\n\n<p>Conscientes del papel tan importante que la climatizaci\u00f3n tiene en nuestras vidas en ATI Sistemas nos hemos especializado en satisfacer las necesidades de nuestros clientes en un amplio abanico de sectores, para lo que contamos con equipo humano profesional, comprometido y altamente cualificado en el asesoramiento, dise\u00f1o, instalaci\u00f3n, reparaci\u00f3n y mantenimiento de sistemas de refrigeraci\u00f3n y climatizaci\u00f3n, con una dilatada experiencia y con el compromiso diario de mantenernos actualizados en las \u00faltimas tendencias y avances en este campo, en constante evoluci\u00f3n, con el fin de brindar las soluciones m\u00e1s vanguardistas, eficientes y comprometidas con el medio ambiente a nuestros clientes.<\/p>\n<\/div>\n\n\n\n<div class=\"wp-block-cover alignfull has-parallax box is-style-editorskit-shadow\" style=\"padding-top:0;padding-right:0;padding-bottom:0;padding-left:0;min-height:250px;aspect-ratio:unset;\" id=\"capacidad\"><span aria-hidden=\"true\" class=\"wp-block-cover__background has-ast-global-color-5-background-color has-background-dim-70 has-background-dim\"><\/span><div role=\"img\" class=\"wp-block-cover__image-background wp-image-4028 has-parallax\" style=\"background-position:50% 50%;background-image:url(https:\/\/atisistemas.com\/web\/wp-content\/uploads\/2023\/10\/climatizacion.jpeg)\"><\/div><div class=\"wp-block-cover__inner-container is-layout-flow wp-block-cover-is-layout-flow\">\n<div class=\"wp-block-columns is-layout-flex wp-container-core-columns-is-layout-d7d455e7 wp-block-columns-is-layout-flex\" style=\"padding-top:0;padding-right:0;padding-bottom:0;padding-left:0\">\n<div class=\"wp-block-column is-vertically-aligned-center is-layout-flow wp-block-column-is-layout-flow\"><\/div>\n\n\n\n<div class=\"wp-block-column has-background is-layout-flow wp-block-column-is-layout-flow\" style=\"background-color:#ffffffcc;padding-top:2em;padding-right:2em;padding-bottom:2em;padding-left:2em;flex-basis:60%\">\n<h2 class=\"wp-block-heading has-text-align-left has-ast-global-color-2-color has-text-color has-medium-font-size\">\u00c1mbitos de aplicaci\u00f3n<\/h2>\n\n\n\n<ul style=\"--ek-bullet-color:var(--ast-global-color-0)\" class=\"is-style-arrow has-ast-global-color-2-color has-text-color has-list-bullet-color wp-block-list\">\n<li>Sistemas de calefacci\u00f3n, ventilaci\u00f3n y aire acondicionado (HVAC) que regulan la temperatura, humedad y calidad del aire en el \u00e1mbito dom\u00e9stico, residencial, oficinas, etc.<\/li>\n\n\n\n<li>Humidificaci\u00f3n, control de temperatura y filtraci\u00f3n de aire en procesos industriales e industria alimentaria.<\/li>\n\n\n\n<li>Control de temperatura y humedad en centros de procesamiento de datos (CPD).<\/li>\n\n\n\n<li>Control de temperatura y humedad en armarios y equipos el\u00e9ctricos expuestos a condiciones clim\u00e1ticas extremas.<\/li>\n\n\n\n<li>Sistemas de enfriamiento para procesos exot\u00e9rmicos o de alto calor residual.<\/li>\n<\/ul>\n<\/div>\n<\/div>\n<\/div><\/div>\n","protected":false},"excerpt":{"rendered":"<p>La refrigeraci\u00f3n, ventilaci\u00f3n y climatizaci\u00f3n juegan un papel fundamental en nuestra sociedad actual, desde la conservaci\u00f3n de alimentos hasta el confort y bienestar de la personas. Es crucial en sectores como la salud, industria, procesos productivos, electr\u00f3nica y tecnolog\u00eda. Conscientes del papel tan importante que la climatizaci\u00f3n tiene en nuestras vidas en ATI Sistemas nos [&hellip;]<\/p>\n","protected":false},"author":1,"featured_media":0,"parent":11,"menu_order":0,"comment_status":"closed","ping_status":"closed","template":"","meta":{"_editorskit_title_hidden":false,"_editorskit_reading_time":0,"_editorskit_is_block_options_detached":false,"_editorskit_block_options_position":"{}","site-sidebar-layout":"default","site-content-layout":"","ast-site-content-layout":"default","site-content-style":"default","site-sidebar-style":"default","ast-global-header-display":"","ast-banner-title-visibility":"","ast-main-header-display":"","ast-hfb-above-header-display":"","ast-hfb-below-header-display":"","ast-hfb-mobile-header-display":"","site-post-title":"","ast-breadcrumbs-content":"","ast-featured-img":"","footer-sml-layout":"","ast-disable-related-posts":"","theme-transparent-header-meta":"","adv-header-id-meta":"","stick-header-meta":"","header-above-stick-meta":"","header-main-stick-meta":"","header-below-stick-meta":"","astra-migrate-meta-layouts":"set","ast-page-background-enabled":"default","ast-page-background-meta":{"desktop":{"background-color":"var(--ast-global-color-4)","background-image":"","background-repeat":"repeat","background-position":"center center","background-size":"auto","background-attachment":"scroll","background-type":"","background-media":"","overlay-type":"","overlay-color":"","overlay-opacity":"","overlay-gradient":""},"tablet":{"background-color":"","background-image":"","background-repeat":"repeat","background-position":"center center","background-size":"auto","background-attachment":"scroll","background-type":"","background-media":"","overlay-type":"","overlay-color":"","overlay-opacity":"","overlay-gradient":""},"mobile":{"background-color":"","background-image":"","background-repeat":"repeat","background-position":"center center","background-size":"auto","background-attachment":"scroll","background-type":"","background-media":"","overlay-type":"","overlay-color":"","overlay-opacity":"","overlay-gradient":""}},"ast-content-background-meta":{"desktop":{"background-color":"var(--ast-global-color-5)","background-image":"","background-repeat":"repeat","background-position":"center center","background-size":"auto","background-attachment":"scroll","background-type":"","background-media":"","overlay-type":"","overlay-color":"","overlay-opacity":"","overlay-gradient":""},"tablet":{"background-color":"var(--ast-global-color-5)","background-image":"","background-repeat":"repeat","background-position":"center center","background-size":"auto","background-attachment":"scroll","background-type":"","background-media":"","overlay-type":"","overlay-color":"","overlay-opacity":"","overlay-gradient":""},"mobile":{"background-color":"var(--ast-global-color-5)","background-image":"","background-repeat":"repeat","background-position":"center center","background-size":"auto","background-attachment":"scroll","background-type":"","background-media":"","overlay-type":"","overlay-color":"","overlay-opacity":"","overlay-gradient":""}},"footnotes":""},"class_list":["post-4027","page","type-page","status-publish","hentry"],"yoast_head":"<!-- This site is optimized with the Yoast SEO plugin v27.5 - https:\/\/yoast.com\/product\/yoast-seo-wordpress\/ -->\n<title>Climatizaci\u00f3n | ATI Sistemas<\/title>\n<meta name=\"description\" content=\"La refrigeraci\u00f3n, ventilaci\u00f3n y climatizaci\u00f3n juegan un papel fundamental en nuestra sociedad actual, desde la conservaci\u00f3n de alimentos hasta el confort y bienestar de la personas. Es crucial en sectores como la salud, industria, procesos productivos, electr\u00f3nica y tecnolog\u00eda.\" \/>\n<meta name=\"robots\" content=\"index, follow, max-snippet:-1, max-image-preview:large, max-video-preview:-1\" \/>\n<link rel=\"canonical\" href=\"https:\/\/atisistemas.com\/web\/es\/servicios\/climatizacion\/\" \/>\n<meta property=\"og:locale\" content=\"es_ES\" \/>\n<meta property=\"og:type\" content=\"article\" \/>\n<meta property=\"og:title\" content=\"Climatizaci\u00f3n | ATI Sistemas\" \/>\n<meta property=\"og:description\" content=\"La refrigeraci\u00f3n, ventilaci\u00f3n y climatizaci\u00f3n juegan un papel fundamental en nuestra sociedad actual, desde la conservaci\u00f3n de alimentos hasta el confort y bienestar de la personas. Es crucial en sectores como la salud, industria, procesos productivos, electr\u00f3nica y tecnolog\u00eda.\" \/>\n<meta property=\"og:url\" content=\"https:\/\/atisistemas.com\/web\/es\/servicios\/climatizacion\/\" \/>\n<meta property=\"og:site_name\" content=\"ATI Sistemas\" \/>\n<meta property=\"article:modified_time\" content=\"2023-11-10T22:29:18+00:00\" \/>\n<meta property=\"og:image\" content=\"https:\/\/atisistemas.com\/web\/wp-content\/uploads\/2023\/01\/logo-transparente.png\" \/>\n\t<meta property=\"og:image:width\" content=\"180\" \/>\n\t<meta property=\"og:image:height\" content=\"75\" \/>\n\t<meta property=\"og:image:type\" content=\"image\/png\" \/>\n<meta name=\"twitter:card\" content=\"summary_large_image\" \/>\n<meta name=\"twitter:label1\" content=\"Tiempo de lectura\" \/>\n\t<meta name=\"twitter:data1\" content=\"1 minuto\" \/>\n<script type=\"application\/ld+json\" class=\"yoast-schema-graph\">{\"@context\":\"https:\\\/\\\/schema.org\",\"@graph\":[{\"@type\":\"WebPage\",\"@id\":\"https:\\\/\\\/atisistemas.com\\\/web\\\/es\\\/servicios\\\/climatizacion\\\/\",\"url\":\"https:\\\/\\\/atisistemas.com\\\/web\\\/es\\\/servicios\\\/climatizacion\\\/\",\"name\":\"Climatizaci\u00f3n | ATI Sistemas\",\"isPartOf\":{\"@id\":\"https:\\\/\\\/atisistemas.com\\\/web\\\/#website\"},\"datePublished\":\"2023-10-28T08:06:28+00:00\",\"dateModified\":\"2023-11-10T22:29:18+00:00\",\"description\":\"La refrigeraci\u00f3n, ventilaci\u00f3n y climatizaci\u00f3n juegan un papel fundamental en nuestra sociedad actual, desde la conservaci\u00f3n de alimentos hasta el confort y bienestar de la personas. Es crucial en sectores como la salud, industria, procesos productivos, electr\u00f3nica y tecnolog\u00eda.\",\"breadcrumb\":{\"@id\":\"https:\\\/\\\/atisistemas.com\\\/web\\\/es\\\/servicios\\\/climatizacion\\\/#breadcrumb\"},\"inLanguage\":\"es\",\"potentialAction\":[{\"@type\":\"ReadAction\",\"target\":[\"https:\\\/\\\/atisistemas.com\\\/web\\\/es\\\/servicios\\\/climatizacion\\\/\"]}]},{\"@type\":\"BreadcrumbList\",\"@id\":\"https:\\\/\\\/atisistemas.com\\\/web\\\/es\\\/servicios\\\/climatizacion\\\/#breadcrumb\",\"itemListElement\":[{\"@type\":\"ListItem\",\"position\":1,\"name\":\"Inicio\",\"item\":\"https:\\\/\\\/atisistemas.com\\\/web\\\/es\\\/inicio\\\/\"},{\"@type\":\"ListItem\",\"position\":2,\"name\":\"Servicios\",\"item\":\"https:\\\/\\\/atisistemas.com\\\/web\\\/es\\\/servicios\\\/\"},{\"@type\":\"ListItem\",\"position\":3,\"name\":\"Climatizaci\u00f3n\"}]},{\"@type\":\"WebSite\",\"@id\":\"https:\\\/\\\/atisistemas.com\\\/web\\\/#website\",\"url\":\"https:\\\/\\\/atisistemas.com\\\/web\\\/\",\"name\":\"ATI Sistemas\",\"description\":\"ATI Sistemas\",\"publisher\":{\"@id\":\"https:\\\/\\\/atisistemas.com\\\/web\\\/#organization\"},\"alternateName\":\"ATI\",\"potentialAction\":[{\"@type\":\"SearchAction\",\"target\":{\"@type\":\"EntryPoint\",\"urlTemplate\":\"https:\\\/\\\/atisistemas.com\\\/web\\\/?s={search_term_string}\"},\"query-input\":{\"@type\":\"PropertyValueSpecification\",\"valueRequired\":true,\"valueName\":\"search_term_string\"}}],\"inLanguage\":\"es\"},{\"@type\":\"Organization\",\"@id\":\"https:\\\/\\\/atisistemas.com\\\/web\\\/#organization\",\"name\":\"ATI Sistemas\",\"alternateName\":\"ATI\",\"url\":\"https:\\\/\\\/atisistemas.com\\\/web\\\/\",\"logo\":{\"@type\":\"ImageObject\",\"inLanguage\":\"es\",\"@id\":\"https:\\\/\\\/atisistemas.com\\\/web\\\/#\\\/schema\\\/logo\\\/image\\\/\",\"url\":\"https:\\\/\\\/atisistemas.com\\\/web\\\/wp-content\\\/uploads\\\/2023\\\/01\\\/logo-transparente.png\",\"contentUrl\":\"https:\\\/\\\/atisistemas.com\\\/web\\\/wp-content\\\/uploads\\\/2023\\\/01\\\/logo-transparente.png\",\"width\":180,\"height\":75,\"caption\":\"ATI Sistemas\"},\"image\":{\"@id\":\"https:\\\/\\\/atisistemas.com\\\/web\\\/#\\\/schema\\\/logo\\\/image\\\/\"}}]}<\/script>\n<!-- \/ Yoast SEO plugin. -->","yoast_head_json":{"title":"Climatizaci\u00f3n | ATI Sistemas","description":"La refrigeraci\u00f3n, ventilaci\u00f3n y climatizaci\u00f3n juegan un papel fundamental en nuestra sociedad actual, desde la conservaci\u00f3n de alimentos hasta el confort y bienestar de la personas. Es crucial en sectores como la salud, industria, procesos productivos, electr\u00f3nica y tecnolog\u00eda.","robots":{"index":"index","follow":"follow","max-snippet":"max-snippet:-1","max-image-preview":"max-image-preview:large","max-video-preview":"max-video-preview:-1"},"canonical":"https:\/\/atisistemas.com\/web\/es\/servicios\/climatizacion\/","og_locale":"es_ES","og_type":"article","og_title":"Climatizaci\u00f3n | ATI Sistemas","og_description":"La refrigeraci\u00f3n, ventilaci\u00f3n y climatizaci\u00f3n juegan un papel fundamental en nuestra sociedad actual, desde la conservaci\u00f3n de alimentos hasta el confort y bienestar de la personas. Es crucial en sectores como la salud, industria, procesos productivos, electr\u00f3nica y tecnolog\u00eda.","og_url":"https:\/\/atisistemas.com\/web\/es\/servicios\/climatizacion\/","og_site_name":"ATI Sistemas","article_modified_time":"2023-11-10T22:29:18+00:00","og_image":[{"width":180,"height":75,"url":"https:\/\/atisistemas.com\/web\/wp-content\/uploads\/2023\/01\/logo-transparente.png","type":"image\/png"}],"twitter_card":"summary_large_image","twitter_misc":{"Tiempo de lectura":"1 minuto"},"schema":{"@context":"https:\/\/schema.org","@graph":[{"@type":"WebPage","@id":"https:\/\/atisistemas.com\/web\/es\/servicios\/climatizacion\/","url":"https:\/\/atisistemas.com\/web\/es\/servicios\/climatizacion\/","name":"Climatizaci\u00f3n | ATI Sistemas","isPartOf":{"@id":"https:\/\/atisistemas.com\/web\/#website"},"datePublished":"2023-10-28T08:06:28+00:00","dateModified":"2023-11-10T22:29:18+00:00","description":"La refrigeraci\u00f3n, ventilaci\u00f3n y climatizaci\u00f3n juegan un papel fundamental en nuestra sociedad actual, desde la conservaci\u00f3n de alimentos hasta el confort y bienestar de la personas. Es crucial en sectores como la salud, industria, procesos productivos, electr\u00f3nica y tecnolog\u00eda.","breadcrumb":{"@id":"https:\/\/atisistemas.com\/web\/es\/servicios\/climatizacion\/#breadcrumb"},"inLanguage":"es","potentialAction":[{"@type":"ReadAction","target":["https:\/\/atisistemas.com\/web\/es\/servicios\/climatizacion\/"]}]},{"@type":"BreadcrumbList","@id":"https:\/\/atisistemas.com\/web\/es\/servicios\/climatizacion\/#breadcrumb","itemListElement":[{"@type":"ListItem","position":1,"name":"Inicio","item":"https:\/\/atisistemas.com\/web\/es\/inicio\/"},{"@type":"ListItem","position":2,"name":"Servicios","item":"https:\/\/atisistemas.com\/web\/es\/servicios\/"},{"@type":"ListItem","position":3,"name":"Climatizaci\u00f3n"}]},{"@type":"WebSite","@id":"https:\/\/atisistemas.com\/web\/#website","url":"https:\/\/atisistemas.com\/web\/","name":"ATI Sistemas","description":"ATI Sistemas","publisher":{"@id":"https:\/\/atisistemas.com\/web\/#organization"},"alternateName":"ATI","potentialAction":[{"@type":"SearchAction","target":{"@type":"EntryPoint","urlTemplate":"https:\/\/atisistemas.com\/web\/?s={search_term_string}"},"query-input":{"@type":"PropertyValueSpecification","valueRequired":true,"valueName":"search_term_string"}}],"inLanguage":"es"},{"@type":"Organization","@id":"https:\/\/atisistemas.com\/web\/#organization","name":"ATI Sistemas","alternateName":"ATI","url":"https:\/\/atisistemas.com\/web\/","logo":{"@type":"ImageObject","inLanguage":"es","@id":"https:\/\/atisistemas.com\/web\/#\/schema\/logo\/image\/","url":"https:\/\/atisistemas.com\/web\/wp-content\/uploads\/2023\/01\/logo-transparente.png","contentUrl":"https:\/\/atisistemas.com\/web\/wp-content\/uploads\/2023\/01\/logo-transparente.png","width":180,"height":75,"caption":"ATI Sistemas"},"image":{"@id":"https:\/\/atisistemas.com\/web\/#\/schema\/logo\/image\/"}}]}},"_links":{"self":[{"href":"https:\/\/atisistemas.com\/web\/wp-json\/wp\/v2\/pages\/4027","targetHints":{"allow":["GET"]}}],"collection":[{"href":"https:\/\/atisistemas.com\/web\/wp-json\/wp\/v2\/pages"}],"about":[{"href":"https:\/\/atisistemas.com\/web\/wp-json\/wp\/v2\/types\/page"}],"author":[{"embeddable":true,"href":"https:\/\/atisistemas.com\/web\/wp-json\/wp\/v2\/users\/1"}],"replies":[{"embeddable":true,"href":"https:\/\/atisistemas.com\/web\/wp-json\/wp\/v2\/comments?post=4027"}],"version-history":[{"count":3,"href":"https:\/\/atisistemas.com\/web\/wp-json\/wp\/v2\/pages\/4027\/revisions"}],"predecessor-version":[{"id":4043,"href":"https:\/\/atisistemas.com\/web\/wp-json\/wp\/v2\/pages\/4027\/revisions\/4043"}],"up":[{"embeddable":true,"href":"https:\/\/atisistemas.com\/web\/wp-json\/wp\/v2\/pages\/11"}],"wp:attachment":[{"href":"https:\/\/atisistemas.com\/web\/wp-json\/wp\/v2\/media?parent=4027"}],"curies":[{"name":"wp","href":"https:\/\/api.w.org\/{rel}","templated":true}]}}