{"id":4080,"date":"2024-04-07T19:57:47","date_gmt":"2024-04-07T17:57:47","guid":{"rendered":"https:\/\/atisistemas.com\/web\/?page_id=4080"},"modified":"2024-04-22T16:37:47","modified_gmt":"2024-04-22T14:37:47","slug":"fabricacion","status":"publish","type":"page","link":"https:\/\/atisistemas.com\/web\/es\/servicios\/fabricacion\/","title":{"rendered":"Fabricaci\u00f3n"},"content":{"rendered":"\n<div class=\"inherit-container-width wp-block-group alignwide is-layout-constrained wp-block-group-is-layout-constrained\" id=\"introduction\">\n<p>La fabricaci\u00f3n de equipos o componentes es una de las fases fundamentales del proceso industrial. A partir del dise\u00f1o y la selecci\u00f3n de materiales se definen los tiempos y calidades de fabricaci\u00f3n de los equipos que a su vez se integrar\u00e1n en la instalaci\u00f3n.<\/p>\n<\/div>\n\n\n\n<div class=\"wp-block-cover alignfull has-parallax box is-style-editorskit-shadow\" style=\"padding-top:0;padding-right:0;padding-bottom:0;padding-left:0;min-height:150px;aspect-ratio:unset;\" id=\"capacity\"><span aria-hidden=\"true\" class=\"wp-block-cover__background has-ast-global-color-5-background-color has-background-dim-70 has-background-dim\"><\/span><div role=\"img\" aria-label=\"Fabricaci\u00f3n\" class=\"wp-block-cover__image-background wp-image-4085 has-parallax\" style=\"background-position:50% 50%;background-image:url(https:\/\/atisistemas.com\/web\/wp-content\/uploads\/2024\/04\/fabricacion-scaled.jpg)\"><\/div><div class=\"wp-block-cover__inner-container is-layout-flow wp-block-cover-is-layout-flow\">\n<div class=\"wp-block-columns is-layout-flex wp-container-core-columns-is-layout-d7d455e7 wp-block-columns-is-layout-flex\" style=\"padding-top:0;padding-right:0;padding-bottom:0;padding-left:0\">\n<div class=\"wp-block-column has-background is-layout-flow wp-block-column-is-layout-flow\" style=\"background-color:#ffffffcc;padding-top:2em;padding-right:2em;padding-bottom:2em;padding-left:2em;flex-basis:60%\">\n<h2 class=\"wp-block-heading has-text-align-left has-ast-global-color-2-color has-text-color has-medium-font-size\">Cuadros el\u00e9ctricos, de control y CCM<\/h2>\n\n\n\n<p class=\"has-ast-global-color-2-color has-text-color has-link-color wp-elements-6ba7d33d822ef6fb21dbddeff4d30054\">Dise\u00f1amos y fabricamos cabinas y cuadros el\u00e9ctricos de distribuci\u00f3n en alta y baja tensi\u00f3n, electr\u00f3nica de potencia y electr\u00f3nica de control para estaciones remotas, armarios de control y protecci\u00f3n, cuadros el\u00e9ctricos de servicios auxiliares, tomas de muestra y equipamiento para todo tipo de instalaciones industriales.<\/p>\n<\/div>\n\n\n\n<div class=\"wp-block-column is-vertically-aligned-center is-layout-flow wp-block-column-is-layout-flow\"><\/div>\n<\/div>\n<\/div><\/div>\n\n\n\n<div class=\"wp-block-cover alignfull has-parallax box is-style-editorskit-shadow\" style=\"padding-top:0;padding-right:0;padding-bottom:0;padding-left:0;min-height:250px;aspect-ratio:unset;\" id=\"capacity\"><span aria-hidden=\"true\" class=\"wp-block-cover__background has-ast-global-color-5-background-color has-background-dim-70 has-background-dim\"><\/span><div role=\"img\" aria-label=\"Climatizaci\u00f3n\" class=\"wp-block-cover__image-background wp-image-4028 has-parallax\" style=\"background-position:50% 50%;background-image:url(https:\/\/atisistemas.com\/web\/wp-content\/uploads\/2023\/10\/climatizacion.jpeg)\"><\/div><div class=\"wp-block-cover__inner-container is-layout-flow wp-block-cover-is-layout-flow\">\n<div class=\"wp-block-columns is-layout-flex wp-container-core-columns-is-layout-d7d455e7 wp-block-columns-is-layout-flex\" style=\"padding-top:0;padding-right:0;padding-bottom:0;padding-left:0\">\n<div class=\"wp-block-column is-vertically-aligned-center is-layout-flow wp-block-column-is-layout-flow\"><\/div>\n\n\n\n<div class=\"wp-block-column has-background is-layout-flow wp-block-column-is-layout-flow\" style=\"background-color:#ffffffcc;padding-top:2em;padding-right:2em;padding-bottom:2em;padding-left:2em;flex-basis:60%\">\n<h1 class=\"wp-block-heading has-ast-global-color-2-color has-text-color has-link-color wp-elements-7420349c7beaec1ba910e7c3ebfad66a\">Sistemas completos<\/h1>\n\n\n\n<p class=\"has-ast-global-color-2-color has-text-color has-link-color wp-elements-10a93526881bc18b113670ae3ea1e5ce\">Ya sea con base en ingenier\u00eda del cliente o con el apoyo de nuestro departamento de ingenier\u00eda, fabricamos sistemas completos llave en mano, listos para instalar en las instalaciones del cliente final:<\/p>\n\n\n\n<ul style=\"--ek-bullet-color:var(--ast-global-color-0)\" class=\"is-style-arrow has-ast-global-color-2-color has-text-color has-link-color has-list-bullet-color wp-block-list wp-elements-4933143993bdc3aac856a2a512934835\">\n<li>Gesti\u00f3n energ\u00e9tica<\/li>\n\n\n\n<li>Tratamiento de aguas<\/li>\n\n\n\n<li>Tratamiento de res\u00edduos biocontaminados<\/li>\n\n\n\n<li>Plantas piloto para investigaci\u00f3n<\/li>\n<\/ul>\n<\/div>\n<\/div>\n<\/div><\/div>\n\n\n\n<div class=\"wp-block-cover alignfull has-parallax box is-style-editorskit-shadow\" style=\"padding-top:0;padding-right:0;padding-bottom:0;padding-left:0;min-height:250px;aspect-ratio:unset;\" id=\"capacity\"><span aria-hidden=\"true\" class=\"wp-block-cover__background has-ast-global-color-5-background-color has-background-dim-70 has-background-dim\"><\/span><div role=\"img\" aria-label=\"Fabricaci\u00f3n\" class=\"wp-block-cover__image-background wp-image-4085 has-parallax\" style=\"background-position:50% 50%;background-image:url(https:\/\/atisistemas.com\/web\/wp-content\/uploads\/2024\/04\/fabricacion-scaled.jpg)\"><\/div><div class=\"wp-block-cover__inner-container is-layout-flow wp-block-cover-is-layout-flow\">\n<div class=\"wp-block-columns is-layout-flex wp-container-core-columns-is-layout-d7d455e7 wp-block-columns-is-layout-flex\" style=\"padding-top:0;padding-right:0;padding-bottom:0;padding-left:0\">\n<div class=\"wp-block-column has-ast-global-color-2-color has-text-color has-background has-link-color wp-elements-1ac9085e41e138f65b7428efc33592c6\" style=\"background-color:#ffffffcc;padding-top:2em;padding-right:2em;padding-bottom:2em;padding-left:2em;flex-basis:60%\">\n<h1 class=\"wp-block-heading has-ast-global-color-2-color has-text-color has-link-color wp-elements-37d561a88a1598258c58b434d9126cb0\">Montaje el\u00e9ctrico<\/h1>\n\n\n\n<p>La instalaci\u00f3n el\u00e9ctrica es el conjunto de elementos que permiten transportar y distribuir la energ\u00eda el\u00e9ctrica desde el punto de suministro hasta los equipos productivos. Toda instalaci\u00f3n el\u00e9ctrica debe ser:<\/p>\n\n\n\n<ul class=\"wp-block-list\">\n<li>Segura, tanto para las personas como para las instalaciones y equipos, ya sean las propias que reciben el suministro el\u00e9ctrico como las colindantes. En este aspecto es especialmente sensible la detecci\u00f3n y correcci\u00f3n de interferencias entre las instalaciones el\u00e9ctricas de potencia y las de control.<\/li>\n\n\n\n<li>Fiable, garantizando que las condiciones del suministro, dimensionamiento y protecciones son las adecuadas para garantizar la disponibilidad permanente del equipo alimentado.<\/li>\n\n\n\n<li>Eficiente, garantizando el m\u00ednimo desaprovechamiento energ\u00e9tico de la instalaci\u00f3n.<\/li>\n\n\n\n<li>Econ\u00f3mica, tanto durante la etapa de montaje como durante la operaci\u00f3n y mantenimiento.<\/li>\n\n\n\n<li>Flexible y escalable, permitiendo ampliaciones y modificaciones con facilidad, y teniendo en cuenta las necesidades de crecimiento futuras de la instalaci\u00f3n.<\/li>\n\n\n\n<li>Simple: f\u00e1cil de operar y mantener, sin requerir medios o cualificaciones desproporcionadas.<\/li>\n\n\n\n<li>Correcta en su ejecuci\u00f3n: una instalaci\u00f3n t\u00e9cnicamente bien ejecutada, adem\u00e1s de simplemente \u201cverse bien\u201d, facilita las tareas de verificaci\u00f3n y mantenimiento durante toda su vida \u00fatil.<\/li>\n<\/ul>\n\n\n\n<p>Contamos con amplia experiencia en instalaciones el\u00e9ctricas, tanto en entornos industriales como terciarios o residenciales, desde peque\u00f1os montajes modulares hasta instalaciones completas. Tenemos igualmente experiencia en instalaciones t\u00e9cnicamente complejas, como espacios confinados, atm\u00f3sferas con riesgo de explosi\u00f3n, trabajos verticales y procesos en general delicados por sus condiciones de ejecuci\u00f3n (temperatura, presi\u00f3n, riesgos ambientales).<\/p>\n<\/div>\n\n\n\n<div class=\"wp-block-column is-vertically-aligned-center is-layout-flow wp-block-column-is-layout-flow\"><\/div>\n<\/div>\n<\/div><\/div>\n\n\n\n<div class=\"wp-block-cover alignfull has-parallax box is-style-editorskit-shadow\" style=\"padding-top:0;padding-right:0;padding-bottom:0;padding-left:0;min-height:250px;aspect-ratio:unset;\" id=\"capacity\"><span aria-hidden=\"true\" class=\"wp-block-cover__background has-ast-global-color-5-background-color has-background-dim-70 has-background-dim\"><\/span><div role=\"img\" aria-label=\"Automatizaci\u00f3n de procesos\" class=\"wp-block-cover__image-background wp-image-861 has-parallax\" style=\"background-position:50% 50%;background-image:url(https:\/\/atisistemas.com\/web\/wp-content\/uploads\/2023\/02\/automatizacion-de-procesos.jpg)\"><\/div><div class=\"wp-block-cover__inner-container is-layout-flow wp-block-cover-is-layout-flow\">\n<div class=\"wp-block-columns is-layout-flex wp-container-core-columns-is-layout-d7d455e7 wp-block-columns-is-layout-flex\" style=\"padding-top:0;padding-right:0;padding-bottom:0;padding-left:0\">\n<div class=\"wp-block-column is-vertically-aligned-center is-layout-flow wp-block-column-is-layout-flow\"><\/div>\n\n\n\n<div class=\"wp-block-column has-ast-global-color-2-color has-text-color has-background has-link-color wp-elements-e489b3e2eda6c8248d3ff78abcaf146f\" style=\"background-color:#ffffffcc;padding-top:2em;padding-right:2em;padding-bottom:2em;padding-left:2em;flex-basis:60%\">\n<h1 class=\"wp-block-heading has-ast-global-color-2-color has-text-color has-link-color wp-elements-07c0c0c7149a1f992d2a48fdfd4815e7\">Montaje de instrumentaci\u00f3n<\/h1>\n\n\n\n<p>La instrumentaci\u00f3n de mejor calidad puede resultar inservible si su posicionamiento es incorrecto, si no se han considerado redundancias en equipos cr\u00edticos o si el cableado de control es defectuoso. De la correcta instalaci\u00f3n y conexionado de la instrumentaci\u00f3n depender\u00e1 el buen funcionamiento de toda la instalaci\u00f3n, su rendimiento, seguridad y rentabilidad econ\u00f3mica.<\/p>\n\n\n\n<p>Nuestra empresa se funda como especialista en instrumentaci\u00f3n y control, y la combinaci\u00f3n del departamento de montaje con nuestro laboratorio de calibraci\u00f3n nos permite asegurara la verificaci\u00f3n de los ajustes de cada instrumento, ejecutando a continuaci\u00f3n el montaje en la configuraci\u00f3n \u00f3ptima en cada caso. Durante la ejecuci\u00f3n de nuestro trabajo adaptamos las estructuras de soportaci\u00f3n y la ubicaci\u00f3n de forma que se faciliten en todo momento las tomas de lectura y recogida de la informaci\u00f3n, cruciales para el posterior funcionamiento del proceso.<\/p>\n\n\n\n<p>Realizamos trabajos de montaje de todo tipo de instrumentos:<\/p>\n\n\n\n<ul class=\"wp-block-list\">\n<li>Analizadores de gases<\/li>\n\n\n\n<li>Medici\u00f3n y control de caudal<\/li>\n\n\n\n<li>Medici\u00f3n y control de presi\u00f3n<\/li>\n\n\n\n<li>Medici\u00f3n y control de temperatura<\/li>\n\n\n\n<li>Medici\u00f3n de masa y dimensionales<\/li>\n\n\n\n<li>Medici\u00f3n y control de par\u00e1metros el\u00e9ctricos<\/li>\n\n\n\n<li>Control de maniobra<\/li>\n<\/ul>\n<\/div>\n<\/div>\n<\/div><\/div>\n\n\n\n<div class=\"wp-block-cover alignfull has-parallax box is-style-editorskit-shadow\" style=\"padding-top:0;padding-right:0;padding-bottom:0;padding-left:0;min-height:250px;aspect-ratio:unset;\" id=\"capacity\"><span aria-hidden=\"true\" class=\"wp-block-cover__background has-ast-global-color-5-background-color has-background-dim-70 has-background-dim\"><\/span><div class=\"wp-block-cover__image-background wp-image-3272 has-parallax\" style=\"background-position:50% 50%;background-image:url(https:\/\/atisistemas.com\/web\/wp-content\/uploads\/2023\/02\/traceado_electrico-1.jpg)\"><\/div><div class=\"wp-block-cover__inner-container is-layout-flow wp-block-cover-is-layout-flow\">\n<div class=\"wp-block-columns is-layout-flex wp-container-core-columns-is-layout-d7d455e7 wp-block-columns-is-layout-flex\" style=\"padding-top:0;padding-right:0;padding-bottom:0;padding-left:0\">\n<div class=\"wp-block-column has-ast-global-color-2-color has-text-color has-background has-link-color wp-elements-ed31c60074f10acd9aa53d5a5c742e87\" style=\"background-color:#ffffffcc;padding-top:2em;padding-right:2em;padding-bottom:2em;padding-left:2em;flex-basis:60%\">\n<h1 class=\"wp-block-heading has-ast-global-color-2-color has-text-color has-link-color wp-elements-97b3da9896e19b303b12697488646987\">Montaje mec\u00e1nico<\/h1>\n\n\n\n<p>Realizamos trabajos de montaje mec\u00e1nico en todo tipo de entorno industrial, incluyendo ubicaciones cr\u00edticas o con consideraciones importantes de seguridad (espacios confinados, atm\u00f3sfera explosiva, trabajos verticales, \u2026)<\/p>\n\n\n\n<ul class=\"wp-block-list\">\n<li>Estructuras de soportaci\u00f3n<\/li>\n\n\n\n<li>L\u00edneas y tuber\u00edas de proceso<\/li>\n\n\n\n<li>Gases, vac\u00edo y aire comprimido<\/li>\n\n\n\n<li>Contraincendios<\/li>\n\n\n\n<li>Fontaner\u00eda<\/li>\n\n\n\n<li>Ventilaci\u00f3n<\/li>\n<\/ul>\n<\/div>\n\n\n\n<div class=\"wp-block-column is-vertically-aligned-center is-layout-flow wp-block-column-is-layout-flow\"><\/div>\n<\/div>\n<\/div><\/div>\n","protected":false},"excerpt":{"rendered":"<p>La fabricaci\u00f3n de equipos o componentes es una de las fases fundamentales del proceso industrial. A partir del dise\u00f1o y la selecci\u00f3n de materiales se definen los tiempos y calidades de fabricaci\u00f3n de los equipos que a su vez se integrar\u00e1n en la instalaci\u00f3n.<\/p>\n","protected":false},"author":1,"featured_media":0,"parent":11,"menu_order":3,"comment_status":"closed","ping_status":"closed","template":"","meta":{"_editorskit_title_hidden":false,"_editorskit_reading_time":0,"_editorskit_is_block_options_detached":false,"_editorskit_block_options_position":"{}","site-sidebar-layout":"default","site-content-layout":"","ast-site-content-layout":"default","site-content-style":"default","site-sidebar-style":"default","ast-global-header-display":"","ast-banner-title-visibility":"","ast-main-header-display":"","ast-hfb-above-header-display":"","ast-hfb-below-header-display":"","ast-hfb-mobile-header-display":"","site-post-title":"","ast-breadcrumbs-content":"","ast-featured-img":"","footer-sml-layout":"","ast-disable-related-posts":"","theme-transparent-header-meta":"","adv-header-id-meta":"","stick-header-meta":"","header-above-stick-meta":"","header-main-stick-meta":"","header-below-stick-meta":"","astra-migrate-meta-layouts":"set","ast-page-background-enabled":"default","ast-page-background-meta":{"desktop":{"background-color":"var(--ast-global-color-4)","background-image":"","background-repeat":"repeat","background-position":"center center","background-size":"auto","background-attachment":"scroll","background-type":"","background-media":"","overlay-type":"","overlay-color":"","overlay-opacity":"","overlay-gradient":""},"tablet":{"background-color":"","background-image":"","background-repeat":"repeat","background-position":"center center","background-size":"auto","background-attachment":"scroll","background-type":"","background-media":"","overlay-type":"","overlay-color":"","overlay-opacity":"","overlay-gradient":""},"mobile":{"background-color":"","background-image":"","background-repeat":"repeat","background-position":"center center","background-size":"auto","background-attachment":"scroll","background-type":"","background-media":"","overlay-type":"","overlay-color":"","overlay-opacity":"","overlay-gradient":""}},"ast-content-background-meta":{"desktop":{"background-color":"var(--ast-global-color-5)","background-image":"","background-repeat":"repeat","background-position":"center center","background-size":"auto","background-attachment":"scroll","background-type":"","background-media":"","overlay-type":"","overlay-color":"","overlay-opacity":"","overlay-gradient":""},"tablet":{"background-color":"var(--ast-global-color-5)","background-image":"","background-repeat":"repeat","background-position":"center center","background-size":"auto","background-attachment":"scroll","background-type":"","background-media":"","overlay-type":"","overlay-color":"","overlay-opacity":"","overlay-gradient":""},"mobile":{"background-color":"var(--ast-global-color-5)","background-image":"","background-repeat":"repeat","background-position":"center center","background-size":"auto","background-attachment":"scroll","background-type":"","background-media":"","overlay-type":"","overlay-color":"","overlay-opacity":"","overlay-gradient":""}},"footnotes":""},"class_list":["post-4080","page","type-page","status-publish","hentry"],"yoast_head":"<!-- This site is optimized with the Yoast SEO plugin v27.5 - https:\/\/yoast.com\/product\/yoast-seo-wordpress\/ -->\n<title>Fabricaci\u00f3n | ATI Sistemas<\/title>\n<meta name=\"description\" content=\"Fabricaci\u00f3n de armarios el\u00e9ctricos, aparamenta, sistemas de control, llave en mano\" \/>\n<meta name=\"robots\" content=\"index, follow, max-snippet:-1, max-image-preview:large, max-video-preview:-1\" \/>\n<link rel=\"canonical\" href=\"https:\/\/atisistemas.com\/web\/es\/servicios\/fabricacion\/\" \/>\n<meta property=\"og:locale\" content=\"es_ES\" \/>\n<meta property=\"og:type\" content=\"article\" \/>\n<meta property=\"og:title\" content=\"Fabricaci\u00f3n | ATI Sistemas\" \/>\n<meta property=\"og:description\" content=\"Fabricaci\u00f3n de armarios el\u00e9ctricos, aparamenta, sistemas de control, llave en mano\" \/>\n<meta property=\"og:url\" content=\"https:\/\/atisistemas.com\/web\/es\/servicios\/fabricacion\/\" \/>\n<meta property=\"og:site_name\" content=\"ATI Sistemas\" \/>\n<meta property=\"article:modified_time\" content=\"2024-04-22T14:37:47+00:00\" \/>\n<meta property=\"og:image\" content=\"https:\/\/atisistemas.com\/web\/wp-content\/uploads\/2023\/01\/logo-transparente.png\" \/>\n\t<meta property=\"og:image:width\" content=\"180\" \/>\n\t<meta property=\"og:image:height\" content=\"75\" \/>\n\t<meta property=\"og:image:type\" content=\"image\/png\" \/>\n<meta name=\"twitter:card\" content=\"summary_large_image\" \/>\n<meta name=\"twitter:label1\" content=\"Tiempo de lectura\" \/>\n\t<meta name=\"twitter:data1\" content=\"3 minutos\" \/>\n<script type=\"application\/ld+json\" class=\"yoast-schema-graph\">{\"@context\":\"https:\\\/\\\/schema.org\",\"@graph\":[{\"@type\":\"WebPage\",\"@id\":\"https:\\\/\\\/atisistemas.com\\\/web\\\/es\\\/servicios\\\/fabricacion\\\/\",\"url\":\"https:\\\/\\\/atisistemas.com\\\/web\\\/es\\\/servicios\\\/fabricacion\\\/\",\"name\":\"Fabricaci\u00f3n | ATI Sistemas\",\"isPartOf\":{\"@id\":\"https:\\\/\\\/atisistemas.com\\\/web\\\/#website\"},\"datePublished\":\"2024-04-07T17:57:47+00:00\",\"dateModified\":\"2024-04-22T14:37:47+00:00\",\"description\":\"Fabricaci\u00f3n de armarios el\u00e9ctricos, aparamenta, sistemas de control, llave en mano\",\"breadcrumb\":{\"@id\":\"https:\\\/\\\/atisistemas.com\\\/web\\\/es\\\/servicios\\\/fabricacion\\\/#breadcrumb\"},\"inLanguage\":\"es\",\"potentialAction\":[{\"@type\":\"ReadAction\",\"target\":[\"https:\\\/\\\/atisistemas.com\\\/web\\\/es\\\/servicios\\\/fabricacion\\\/\"]}]},{\"@type\":\"BreadcrumbList\",\"@id\":\"https:\\\/\\\/atisistemas.com\\\/web\\\/es\\\/servicios\\\/fabricacion\\\/#breadcrumb\",\"itemListElement\":[{\"@type\":\"ListItem\",\"position\":1,\"name\":\"Inicio\",\"item\":\"https:\\\/\\\/atisistemas.com\\\/web\\\/es\\\/inicio\\\/\"},{\"@type\":\"ListItem\",\"position\":2,\"name\":\"Servicios\",\"item\":\"https:\\\/\\\/atisistemas.com\\\/web\\\/es\\\/servicios\\\/\"},{\"@type\":\"ListItem\",\"position\":3,\"name\":\"Fabricaci\u00f3n\"}]},{\"@type\":\"WebSite\",\"@id\":\"https:\\\/\\\/atisistemas.com\\\/web\\\/#website\",\"url\":\"https:\\\/\\\/atisistemas.com\\\/web\\\/\",\"name\":\"ATI Sistemas\",\"description\":\"ATI Sistemas\",\"publisher\":{\"@id\":\"https:\\\/\\\/atisistemas.com\\\/web\\\/#organization\"},\"alternateName\":\"ATI\",\"potentialAction\":[{\"@type\":\"SearchAction\",\"target\":{\"@type\":\"EntryPoint\",\"urlTemplate\":\"https:\\\/\\\/atisistemas.com\\\/web\\\/?s={search_term_string}\"},\"query-input\":{\"@type\":\"PropertyValueSpecification\",\"valueRequired\":true,\"valueName\":\"search_term_string\"}}],\"inLanguage\":\"es\"},{\"@type\":\"Organization\",\"@id\":\"https:\\\/\\\/atisistemas.com\\\/web\\\/#organization\",\"name\":\"ATI Sistemas\",\"alternateName\":\"ATI\",\"url\":\"https:\\\/\\\/atisistemas.com\\\/web\\\/\",\"logo\":{\"@type\":\"ImageObject\",\"inLanguage\":\"es\",\"@id\":\"https:\\\/\\\/atisistemas.com\\\/web\\\/#\\\/schema\\\/logo\\\/image\\\/\",\"url\":\"https:\\\/\\\/atisistemas.com\\\/web\\\/wp-content\\\/uploads\\\/2023\\\/01\\\/logo-transparente.png\",\"contentUrl\":\"https:\\\/\\\/atisistemas.com\\\/web\\\/wp-content\\\/uploads\\\/2023\\\/01\\\/logo-transparente.png\",\"width\":180,\"height\":75,\"caption\":\"ATI Sistemas\"},\"image\":{\"@id\":\"https:\\\/\\\/atisistemas.com\\\/web\\\/#\\\/schema\\\/logo\\\/image\\\/\"}}]}<\/script>\n<!-- \/ Yoast SEO plugin. -->","yoast_head_json":{"title":"Fabricaci\u00f3n | ATI Sistemas","description":"Fabricaci\u00f3n de armarios el\u00e9ctricos, aparamenta, sistemas de control, llave en mano","robots":{"index":"index","follow":"follow","max-snippet":"max-snippet:-1","max-image-preview":"max-image-preview:large","max-video-preview":"max-video-preview:-1"},"canonical":"https:\/\/atisistemas.com\/web\/es\/servicios\/fabricacion\/","og_locale":"es_ES","og_type":"article","og_title":"Fabricaci\u00f3n | ATI Sistemas","og_description":"Fabricaci\u00f3n de armarios el\u00e9ctricos, aparamenta, sistemas de control, llave en mano","og_url":"https:\/\/atisistemas.com\/web\/es\/servicios\/fabricacion\/","og_site_name":"ATI Sistemas","article_modified_time":"2024-04-22T14:37:47+00:00","og_image":[{"width":180,"height":75,"url":"https:\/\/atisistemas.com\/web\/wp-content\/uploads\/2023\/01\/logo-transparente.png","type":"image\/png"}],"twitter_card":"summary_large_image","twitter_misc":{"Tiempo de lectura":"3 minutos"},"schema":{"@context":"https:\/\/schema.org","@graph":[{"@type":"WebPage","@id":"https:\/\/atisistemas.com\/web\/es\/servicios\/fabricacion\/","url":"https:\/\/atisistemas.com\/web\/es\/servicios\/fabricacion\/","name":"Fabricaci\u00f3n | ATI Sistemas","isPartOf":{"@id":"https:\/\/atisistemas.com\/web\/#website"},"datePublished":"2024-04-07T17:57:47+00:00","dateModified":"2024-04-22T14:37:47+00:00","description":"Fabricaci\u00f3n de armarios el\u00e9ctricos, aparamenta, sistemas de control, llave en mano","breadcrumb":{"@id":"https:\/\/atisistemas.com\/web\/es\/servicios\/fabricacion\/#breadcrumb"},"inLanguage":"es","potentialAction":[{"@type":"ReadAction","target":["https:\/\/atisistemas.com\/web\/es\/servicios\/fabricacion\/"]}]},{"@type":"BreadcrumbList","@id":"https:\/\/atisistemas.com\/web\/es\/servicios\/fabricacion\/#breadcrumb","itemListElement":[{"@type":"ListItem","position":1,"name":"Inicio","item":"https:\/\/atisistemas.com\/web\/es\/inicio\/"},{"@type":"ListItem","position":2,"name":"Servicios","item":"https:\/\/atisistemas.com\/web\/es\/servicios\/"},{"@type":"ListItem","position":3,"name":"Fabricaci\u00f3n"}]},{"@type":"WebSite","@id":"https:\/\/atisistemas.com\/web\/#website","url":"https:\/\/atisistemas.com\/web\/","name":"ATI Sistemas","description":"ATI Sistemas","publisher":{"@id":"https:\/\/atisistemas.com\/web\/#organization"},"alternateName":"ATI","potentialAction":[{"@type":"SearchAction","target":{"@type":"EntryPoint","urlTemplate":"https:\/\/atisistemas.com\/web\/?s={search_term_string}"},"query-input":{"@type":"PropertyValueSpecification","valueRequired":true,"valueName":"search_term_string"}}],"inLanguage":"es"},{"@type":"Organization","@id":"https:\/\/atisistemas.com\/web\/#organization","name":"ATI Sistemas","alternateName":"ATI","url":"https:\/\/atisistemas.com\/web\/","logo":{"@type":"ImageObject","inLanguage":"es","@id":"https:\/\/atisistemas.com\/web\/#\/schema\/logo\/image\/","url":"https:\/\/atisistemas.com\/web\/wp-content\/uploads\/2023\/01\/logo-transparente.png","contentUrl":"https:\/\/atisistemas.com\/web\/wp-content\/uploads\/2023\/01\/logo-transparente.png","width":180,"height":75,"caption":"ATI Sistemas"},"image":{"@id":"https:\/\/atisistemas.com\/web\/#\/schema\/logo\/image\/"}}]}},"_links":{"self":[{"href":"https:\/\/atisistemas.com\/web\/wp-json\/wp\/v2\/pages\/4080","targetHints":{"allow":["GET"]}}],"collection":[{"href":"https:\/\/atisistemas.com\/web\/wp-json\/wp\/v2\/pages"}],"about":[{"href":"https:\/\/atisistemas.com\/web\/wp-json\/wp\/v2\/types\/page"}],"author":[{"embeddable":true,"href":"https:\/\/atisistemas.com\/web\/wp-json\/wp\/v2\/users\/1"}],"replies":[{"embeddable":true,"href":"https:\/\/atisistemas.com\/web\/wp-json\/wp\/v2\/comments?post=4080"}],"version-history":[{"count":9,"href":"https:\/\/atisistemas.com\/web\/wp-json\/wp\/v2\/pages\/4080\/revisions"}],"predecessor-version":[{"id":4171,"href":"https:\/\/atisistemas.com\/web\/wp-json\/wp\/v2\/pages\/4080\/revisions\/4171"}],"up":[{"embeddable":true,"href":"https:\/\/atisistemas.com\/web\/wp-json\/wp\/v2\/pages\/11"}],"wp:attachment":[{"href":"https:\/\/atisistemas.com\/web\/wp-json\/wp\/v2\/media?parent=4080"}],"curies":[{"name":"wp","href":"https:\/\/api.w.org\/{rel}","templated":true}]}}