{"id":4379,"date":"2025-09-19T17:02:07","date_gmt":"2025-09-19T15:02:07","guid":{"rendered":"https:\/\/atisistemas.com\/web\/?page_id=4379"},"modified":"2025-12-08T15:10:35","modified_gmt":"2025-12-08T14:10:35","slug":"deteccion-de-fugas","status":"publish","type":"page","link":"https:\/\/atisistemas.com\/web\/es\/productos\/deteccion-de-fugas\/","title":{"rendered":"Detecci\u00f3n de fugas"},"content":{"rendered":"\n<div class=\"inherit-container-width wp-block-group alignwide is-layout-constrained wp-block-group-is-layout-constrained\" id=\"introduccion\">\n<figure class=\"wp-block-image aligncenter size-full\"><a href=\"https:\/\/www.permalert.com\" target=\"_blank\" rel=\" noreferrer noopener\"><img loading=\"lazy\" decoding=\"async\" width=\"300\" height=\"200\" src=\"https:\/\/atisistemas.com\/web\/wp-content\/uploads\/2025\/09\/permalert_logo.png\" alt=\"\" class=\"wp-image-4386\"\/><\/a><\/figure>\n\n\n\n<p>Cada vez en m\u00e1s instalaciones es necesaria la detecci\u00f3n de fugas de diferentes fluidos (agua, hidrocarburos, l\u00edquidos diel\u00e9ctricos), bien para la identificaci\u00f3n temprana de roturas en conducciones auxiliares que puedan provocar aver\u00edas mayores en sistemas cr\u00edticos o riesgo de contaminaci\u00f3n, o para la localizaci\u00f3n precisa de fugas en conducciones de gran recorrido en las que una peque\u00f1a fuga puede suponer un importante perjuicio.<\/p>\n\n\n\n<p>Como distribuidores para Espa\u00f1a de <a href=\"https:\/\/www.permalert.com\/\" target=\"_blank\" rel=\"noreferrer noopener\">PermAlert<\/a>, suministramos la soluci\u00f3n completa (proyectos llave en mano), desde el dise\u00f1o inicial, pasando por la instalaci\u00f3n y puesta en marcha y concluyendo con la integraci\u00f3n en BMS del sistema de detecci\u00f3n de fugas. Los sistemas que instalamos se basan en la tecnolog\u00eda TDR (Reflectometr\u00eda en Dominio de Tiempo), que destaca por ser una tecnolog\u00eda aplicable a gran variedad de l\u00edquidos (agua, hidrocarburos, diel\u00e9ctricos), a la vez que ofrece tiempos de detecci\u00f3n muy r\u00e1pidos y precisos.<\/p>\n\n\n\n<div class=\"inherit-container-width wp-block-group alignfull is-layout-constrained wp-container-core-group-is-layout-e1db180a wp-block-group-is-layout-constrained\" style=\"margin-top:0;margin-bottom:0;padding-top:var(--wp--preset--spacing--60);padding-right:var(--wp--preset--spacing--60);padding-bottom:var(--wp--preset--spacing--60);padding-left:var(--wp--preset--spacing--60)\">\n<div class=\"wp-block-columns is-layout-flex wp-container-core-columns-is-layout-28f84493 wp-block-columns-is-layout-flex\">\n<div class=\"wp-block-column is-vertically-aligned-center is-layout-flow wp-block-column-is-layout-flow\" style=\"flex-basis:33%\">\n<figure class=\"wp-block-image aligncenter size-full\"><img loading=\"lazy\" decoding=\"async\" width=\"969\" height=\"622\" src=\"https:\/\/atisistemas.com\/web\/wp-content\/uploads\/2025\/09\/TDR.png\" alt=\"TDR schema\" class=\"wp-image-4380\" srcset=\"https:\/\/atisistemas.com\/web\/wp-content\/uploads\/2025\/09\/TDR.png 969w, https:\/\/atisistemas.com\/web\/wp-content\/uploads\/2025\/09\/TDR-300x193.png 300w, https:\/\/atisistemas.com\/web\/wp-content\/uploads\/2025\/09\/TDR-768x493.png 768w\" sizes=\"auto, (max-width: 969px) 100vw, 969px\" \/><\/figure>\n<\/div>\n\n\n\n<div class=\"wp-block-column is-vertically-aligned-center is-layout-flow wp-block-column-is-layout-flow\" style=\"flex-basis:66%\">\n<h2 class=\"wp-block-heading\">Tecnolog\u00eda TDR<\/h2>\n\n\n\n<p>El sistema consta de un panel de control, cableado de interconexi\u00f3n, cableado sensor y conectores. El panel de control puede ser de pantalla t\u00e1ctil con mapas incorporados.<\/p>\n\n\n\n<p>El panel de control establece una l\u00ednea base TDR (o mapa) en el momento de la puesta en marcha del sistema. El panel de control env\u00eda constantemente se\u00f1ales por el cable sensor a trav\u00e9s del cable jumper y mide la reflexi\u00f3n de la se\u00f1al a lo largo de todo el sistema. Al detectarse una fuga, rotura o cortocircuito del cableado se activa una alarma ya que el panel recoge cambio en la se\u00f1al reflejada con respecto a la l\u00ednea base (o mapa) establecida en la puesta en marcha.<\/p>\n\n\n\n<ul class=\"wp-block-list\">\n<li>Se pueden realizar recorridos de largas distancias, configurando por secciones.<\/li>\n\n\n\n<li>Mantenimiento m\u00ednimo de componentes.<\/li>\n\n\n\n<li>En caso de rotura o mal funcionamiento del cable puede repararse in situ.<\/li>\n<\/ul>\n<\/div>\n<\/div>\n<\/div>\n<\/div>\n\n\n\n<div class=\"wp-block-cover alignfull has-parallax has-custom-content-position is-position-top-center box is-style-editorskit-shadow\" style=\"margin-top:2em;margin-bottom:2em;padding-top:0;padding-right:0;padding-bottom:0;padding-left:0\" id=\"caracteristicas\"><div class=\"wp-block-cover__image-background wp-image-4383 size-full has-parallax\" style=\"background-position:50% 50%;background-image:url(https:\/\/atisistemas.com\/web\/wp-content\/uploads\/2025\/09\/leak.webp)\"><\/div><span aria-hidden=\"true\" class=\"wp-block-cover__background has-ast-global-color-5-background-color has-background-dim-70 has-background-dim\"><\/span><div class=\"wp-block-cover__inner-container is-layout-flow wp-block-cover-is-layout-flow\">\n<div class=\"wp-block-columns is-layout-flex wp-container-core-columns-is-layout-d7d455e7 wp-block-columns-is-layout-flex\" style=\"padding-top:0;padding-right:0;padding-bottom:0;padding-left:0\">\n<div class=\"wp-block-column has-ast-global-color-3-color has-text-color has-background has-link-color wp-elements-9fe2426d37e437c3d681ac22f034e082\" style=\"background-color:#ffffffcc;padding-top:2em;padding-right:2em;padding-bottom:2em;padding-left:2em;flex-basis:60%\">\n<h2 class=\"wp-block-heading has-text-align-left has-ast-global-color-2-color has-text-color has-medium-font-size\"><br><strong>Principales caracter\u00edsticas y ventajas<\/strong><\/h2>\n\n\n\n<ul class=\"wp-block-list\">\n<li>Monitorizaci\u00f3n remota:\n<ul class=\"wp-block-list\">\n<li>Opci\u00f3n de software web<\/li>\n\n\n\n<li>Interfaz de dise\u00f1o gr\u00e1fico<\/li>\n\n\n\n<li>Notificaciones de alerta<\/li>\n\n\n\n<li>Integraci\u00f3n en BMS (ModBus RTU &amp; TCP\/IP, BACnet y modo contacto seco)<\/li>\n<\/ul>\n<\/li>\n\n\n\n<li>Detecci\u00f3n de cualquier l\u00edquido y sistema escalable\n<ul class=\"wp-block-list\">\n<li>La tecnolog\u00eda de Permalert as aplicable a todos los l\u00edquidos, no solo a los el\u00e9ctricamente conductivos<\/li>\n\n\n\n<li>Detecta agua, agua purificada, aceite mineral, combustible, l\u00edquidos diel\u00e9ctricos\u2026<\/li>\n\n\n\n<li>F\u00e1cilmente escalable para futuras ampliaciones\/expansiones y admite sensor de sonda en el mismo canal del cable original.<\/li>\n<\/ul>\n<\/li>\n\n\n\n<li>Detecci\u00f3n de fugas m\u00faltiples y de diferentes fluidos en el mismo circuito sin electr\u00f3nica adicional.<\/li>\n\n\n\n<li>Sin falsas alarmas: el sistema no es sensible al polvo y acumulaci\u00f3n de otros contaminantes, por lo que no genera falsas alarmas por detecci\u00f3n de fugas.<\/li>\n\n\n\n<li>Control industrial y certificaciones\n<ul class=\"wp-block-list\">\n<li>Panel de control certificado ATEX<\/li>\n\n\n\n<li>Marcado CE<\/li>\n\n\n\n<li>ISO 9001; ISO 14001:2005<\/li>\n\n\n\n<li>Tiempo de respuesta para hidrocarburos inferior a 30 segundos.<\/li>\n<\/ul>\n<\/li>\n<\/ul>\n<\/div>\n\n\n\n<div class=\"wp-block-column is-vertically-aligned-center is-layout-flow wp-block-column-is-layout-flow\"><\/div>\n<\/div>\n<\/div><\/div>\n\n\n\n<div class=\"wp-block-cover alignfull has-parallax has-custom-content-position is-position-top-center box is-style-editorskit-shadow\" style=\"padding-top:0;padding-right:0;padding-bottom:0;padding-left:0;min-height:100px;aspect-ratio:unset;\" id=\"aplicaciones\"><div class=\"wp-block-cover__image-background wp-image-4384 size-full has-parallax\" style=\"background-position:50% 50%;background-image:url(https:\/\/atisistemas.com\/web\/wp-content\/uploads\/2025\/09\/panel.jpg)\"><\/div><span aria-hidden=\"true\" class=\"wp-block-cover__background has-ast-global-color-5-background-color has-background-dim-70 has-background-dim\"><\/span><div class=\"wp-block-cover__inner-container is-layout-flow wp-block-cover-is-layout-flow\">\n<div class=\"wp-block-columns has-ast-global-color-2-color has-text-color is-layout-flex wp-container-core-columns-is-layout-d7d455e7 wp-block-columns-is-layout-flex\" style=\"padding-top:0;padding-right:0;padding-bottom:0;padding-left:0\">\n<div class=\"wp-block-column is-vertically-aligned-center is-layout-flow wp-block-column-is-layout-flow\"><\/div>\n\n\n\n<div class=\"wp-block-column has-background is-layout-flow wp-block-column-is-layout-flow\" style=\"background-color:#ffffffcc;padding-top:2em;padding-right:2em;padding-bottom:2em;padding-left:2em;flex-basis:60%\">\n<h2 class=\"wp-block-heading has-text-align-left has-ast-global-color-2-color has-text-color has-medium-font-size\">Aplicaciones<\/h2>\n\n\n\n<ul class=\"wp-block-list\">\n<li>Centros de datos: Detecci\u00f3n de fugas de agua para refrigeraci\u00f3n, combustibles de sistemas de generaci\u00f3n de emergencia, glicol, PG25, PG30, Direct Liquid Cooling (DLC) <a href=\"https:\/\/permalert.com\/micro-fluidwatch\/\">Direct To Chip<\/a>, Immersion Cooling\u2026<\/li>\n\n\n\n<li>Aplicaciones industriales en general: almacenamiento y refino de petr\u00f3leo, plantas qu\u00edmicas y de proceso, salas blancas, museos, aeropuertos, &#8230;<\/li>\n\n\n\n<li>Detecci\u00f3n y control de fugas en canalizaciones de paso (espacios de oficinas, laboratorios, salas cr\u00edticas, \u2026)<\/li>\n\n\n\n<li>Aviso y localizaci\u00f3n de fugas en canalizaciones de gran recorrido o de dif\u00edcil acceso: conducciones enterradas, en rack sobreelevado o patinillos.<\/li>\n\n\n\n<li>Localizaci\u00f3n de fugas en tanques de almacenamiento, por tendido perimetral o instalado bajo el propio dep\u00f3sito o cubeto.<\/li>\n<\/ul>\n<\/div>\n<\/div>\n<\/div><\/div>\n","protected":false},"excerpt":{"rendered":"<p>Cada vez en m\u00e1s instalaciones es necesaria la detecci\u00f3n de fugas de diferentes fluidos (agua, hidrocarburos, l\u00edquidos diel\u00e9ctricos), bien para la identificaci\u00f3n temprana de roturas en conducciones auxiliares que puedan provocar aver\u00edas mayores en sistemas cr\u00edticos o riesgo de contaminaci\u00f3n, o para la localizaci\u00f3n precisa de fugas en conducciones de gran recorrido en las que [&hellip;]<\/p>\n","protected":false},"author":1,"featured_media":4386,"parent":62,"menu_order":0,"comment_status":"closed","ping_status":"closed","template":"","meta":{"_editorskit_title_hidden":false,"_editorskit_reading_time":0,"_editorskit_is_block_options_detached":false,"_editorskit_block_options_position":"{}","site-sidebar-layout":"default","site-content-layout":"","ast-site-content-layout":"default","site-content-style":"default","site-sidebar-style":"default","ast-global-header-display":"","ast-banner-title-visibility":"","ast-main-header-display":"","ast-hfb-above-header-display":"","ast-hfb-below-header-display":"","ast-hfb-mobile-header-display":"","site-post-title":"","ast-breadcrumbs-content":"","ast-featured-img":"","footer-sml-layout":"","ast-disable-related-posts":"","theme-transparent-header-meta":"","adv-header-id-meta":"","stick-header-meta":"","header-above-stick-meta":"","header-main-stick-meta":"","header-below-stick-meta":"","astra-migrate-meta-layouts":"set","ast-page-background-enabled":"default","ast-page-background-meta":{"desktop":{"background-color":"var(--ast-global-color-4)","background-image":"","background-repeat":"repeat","background-position":"center center","background-size":"auto","background-attachment":"scroll","background-type":"","background-media":"","overlay-type":"","overlay-color":"","overlay-opacity":"","overlay-gradient":""},"tablet":{"background-color":"","background-image":"","background-repeat":"repeat","background-position":"center center","background-size":"auto","background-attachment":"scroll","background-type":"","background-media":"","overlay-type":"","overlay-color":"","overlay-opacity":"","overlay-gradient":""},"mobile":{"background-color":"","background-image":"","background-repeat":"repeat","background-position":"center center","background-size":"auto","background-attachment":"scroll","background-type":"","background-media":"","overlay-type":"","overlay-color":"","overlay-opacity":"","overlay-gradient":""}},"ast-content-background-meta":{"desktop":{"background-color":"var(--ast-global-color-5)","background-image":"","background-repeat":"repeat","background-position":"center center","background-size":"auto","background-attachment":"scroll","background-type":"","background-media":"","overlay-type":"","overlay-color":"","overlay-opacity":"","overlay-gradient":""},"tablet":{"background-color":"var(--ast-global-color-5)","background-image":"","background-repeat":"repeat","background-position":"center center","background-size":"auto","background-attachment":"scroll","background-type":"","background-media":"","overlay-type":"","overlay-color":"","overlay-opacity":"","overlay-gradient":""},"mobile":{"background-color":"var(--ast-global-color-5)","background-image":"","background-repeat":"repeat","background-position":"center center","background-size":"auto","background-attachment":"scroll","background-type":"","background-media":"","overlay-type":"","overlay-color":"","overlay-opacity":"","overlay-gradient":""}},"footnotes":""},"class_list":["post-4379","page","type-page","status-publish","has-post-thumbnail","hentry"],"yoast_head":"<!-- This site is optimized with the Yoast SEO plugin v27.5 - https:\/\/yoast.com\/product\/yoast-seo-wordpress\/ -->\n<title>Detecci\u00f3n de fugas | ATI Sistemas<\/title>\n<meta name=\"description\" content=\"Detecci\u00f3n de fugas de hidrocarburos y otros l\u00edquidos. Permalert.\" \/>\n<meta name=\"robots\" content=\"index, follow, max-snippet:-1, max-image-preview:large, max-video-preview:-1\" \/>\n<link rel=\"canonical\" href=\"https:\/\/atisistemas.com\/web\/es\/productos\/deteccion-de-fugas\/\" \/>\n<meta property=\"og:locale\" content=\"es_ES\" \/>\n<meta property=\"og:type\" content=\"article\" \/>\n<meta property=\"og:title\" content=\"Detecci\u00f3n de fugas | ATI Sistemas\" \/>\n<meta property=\"og:description\" content=\"Detecci\u00f3n de fugas de hidrocarburos y otros l\u00edquidos. Permalert.\" \/>\n<meta property=\"og:url\" content=\"https:\/\/atisistemas.com\/web\/es\/productos\/deteccion-de-fugas\/\" \/>\n<meta property=\"og:site_name\" content=\"ATI Sistemas\" \/>\n<meta property=\"article:modified_time\" content=\"2025-12-08T14:10:35+00:00\" \/>\n<meta property=\"og:image\" content=\"https:\/\/atisistemas.com\/web\/wp-content\/uploads\/2025\/09\/permalert_logo.png\" \/>\n\t<meta property=\"og:image:width\" content=\"300\" \/>\n\t<meta property=\"og:image:height\" content=\"200\" \/>\n\t<meta property=\"og:image:type\" content=\"image\/png\" \/>\n<meta name=\"twitter:card\" content=\"summary_large_image\" \/>\n<meta name=\"twitter:label1\" content=\"Tiempo de lectura\" \/>\n\t<meta name=\"twitter:data1\" content=\"4 minutos\" \/>\n<script type=\"application\/ld+json\" class=\"yoast-schema-graph\">{\"@context\":\"https:\\\/\\\/schema.org\",\"@graph\":[{\"@type\":\"WebPage\",\"@id\":\"https:\\\/\\\/atisistemas.com\\\/web\\\/es\\\/productos\\\/deteccion-de-fugas\\\/\",\"url\":\"https:\\\/\\\/atisistemas.com\\\/web\\\/es\\\/productos\\\/deteccion-de-fugas\\\/\",\"name\":\"Detecci\u00f3n de fugas | ATI Sistemas\",\"isPartOf\":{\"@id\":\"https:\\\/\\\/atisistemas.com\\\/web\\\/#website\"},\"primaryImageOfPage\":{\"@id\":\"https:\\\/\\\/atisistemas.com\\\/web\\\/es\\\/productos\\\/deteccion-de-fugas\\\/#primaryimage\"},\"image\":{\"@id\":\"https:\\\/\\\/atisistemas.com\\\/web\\\/es\\\/productos\\\/deteccion-de-fugas\\\/#primaryimage\"},\"thumbnailUrl\":\"https:\\\/\\\/atisistemas.com\\\/web\\\/wp-content\\\/uploads\\\/2025\\\/09\\\/permalert_logo.png\",\"datePublished\":\"2025-09-19T15:02:07+00:00\",\"dateModified\":\"2025-12-08T14:10:35+00:00\",\"description\":\"Detecci\u00f3n de fugas de hidrocarburos y otros l\u00edquidos. Permalert.\",\"breadcrumb\":{\"@id\":\"https:\\\/\\\/atisistemas.com\\\/web\\\/es\\\/productos\\\/deteccion-de-fugas\\\/#breadcrumb\"},\"inLanguage\":\"es\",\"potentialAction\":[{\"@type\":\"ReadAction\",\"target\":[\"https:\\\/\\\/atisistemas.com\\\/web\\\/es\\\/productos\\\/deteccion-de-fugas\\\/\"]}]},{\"@type\":\"ImageObject\",\"inLanguage\":\"es\",\"@id\":\"https:\\\/\\\/atisistemas.com\\\/web\\\/es\\\/productos\\\/deteccion-de-fugas\\\/#primaryimage\",\"url\":\"https:\\\/\\\/atisistemas.com\\\/web\\\/wp-content\\\/uploads\\\/2025\\\/09\\\/permalert_logo.png\",\"contentUrl\":\"https:\\\/\\\/atisistemas.com\\\/web\\\/wp-content\\\/uploads\\\/2025\\\/09\\\/permalert_logo.png\",\"width\":300,\"height\":200},{\"@type\":\"BreadcrumbList\",\"@id\":\"https:\\\/\\\/atisistemas.com\\\/web\\\/es\\\/productos\\\/deteccion-de-fugas\\\/#breadcrumb\",\"itemListElement\":[{\"@type\":\"ListItem\",\"position\":1,\"name\":\"Inicio\",\"item\":\"https:\\\/\\\/atisistemas.com\\\/web\\\/es\\\/inicio\\\/\"},{\"@type\":\"ListItem\",\"position\":2,\"name\":\"Productos\",\"item\":\"https:\\\/\\\/atisistemas.com\\\/web\\\/es\\\/productos\\\/\"},{\"@type\":\"ListItem\",\"position\":3,\"name\":\"Detecci\u00f3n de fugas\"}]},{\"@type\":\"WebSite\",\"@id\":\"https:\\\/\\\/atisistemas.com\\\/web\\\/#website\",\"url\":\"https:\\\/\\\/atisistemas.com\\\/web\\\/\",\"name\":\"ATI Sistemas\",\"description\":\"ATI Sistemas\",\"publisher\":{\"@id\":\"https:\\\/\\\/atisistemas.com\\\/web\\\/#organization\"},\"alternateName\":\"ATI\",\"potentialAction\":[{\"@type\":\"SearchAction\",\"target\":{\"@type\":\"EntryPoint\",\"urlTemplate\":\"https:\\\/\\\/atisistemas.com\\\/web\\\/?s={search_term_string}\"},\"query-input\":{\"@type\":\"PropertyValueSpecification\",\"valueRequired\":true,\"valueName\":\"search_term_string\"}}],\"inLanguage\":\"es\"},{\"@type\":\"Organization\",\"@id\":\"https:\\\/\\\/atisistemas.com\\\/web\\\/#organization\",\"name\":\"ATI Sistemas\",\"alternateName\":\"ATI\",\"url\":\"https:\\\/\\\/atisistemas.com\\\/web\\\/\",\"logo\":{\"@type\":\"ImageObject\",\"inLanguage\":\"es\",\"@id\":\"https:\\\/\\\/atisistemas.com\\\/web\\\/#\\\/schema\\\/logo\\\/image\\\/\",\"url\":\"https:\\\/\\\/atisistemas.com\\\/web\\\/wp-content\\\/uploads\\\/2023\\\/01\\\/logo-transparente.png\",\"contentUrl\":\"https:\\\/\\\/atisistemas.com\\\/web\\\/wp-content\\\/uploads\\\/2023\\\/01\\\/logo-transparente.png\",\"width\":180,\"height\":75,\"caption\":\"ATI Sistemas\"},\"image\":{\"@id\":\"https:\\\/\\\/atisistemas.com\\\/web\\\/#\\\/schema\\\/logo\\\/image\\\/\"}}]}<\/script>\n<!-- \/ Yoast SEO plugin. -->","yoast_head_json":{"title":"Detecci\u00f3n de fugas | ATI Sistemas","description":"Detecci\u00f3n de fugas de hidrocarburos y otros l\u00edquidos. Permalert.","robots":{"index":"index","follow":"follow","max-snippet":"max-snippet:-1","max-image-preview":"max-image-preview:large","max-video-preview":"max-video-preview:-1"},"canonical":"https:\/\/atisistemas.com\/web\/es\/productos\/deteccion-de-fugas\/","og_locale":"es_ES","og_type":"article","og_title":"Detecci\u00f3n de fugas | ATI Sistemas","og_description":"Detecci\u00f3n de fugas de hidrocarburos y otros l\u00edquidos. Permalert.","og_url":"https:\/\/atisistemas.com\/web\/es\/productos\/deteccion-de-fugas\/","og_site_name":"ATI Sistemas","article_modified_time":"2025-12-08T14:10:35+00:00","og_image":[{"width":300,"height":200,"url":"https:\/\/atisistemas.com\/web\/wp-content\/uploads\/2025\/09\/permalert_logo.png","type":"image\/png"}],"twitter_card":"summary_large_image","twitter_misc":{"Tiempo de lectura":"4 minutos"},"schema":{"@context":"https:\/\/schema.org","@graph":[{"@type":"WebPage","@id":"https:\/\/atisistemas.com\/web\/es\/productos\/deteccion-de-fugas\/","url":"https:\/\/atisistemas.com\/web\/es\/productos\/deteccion-de-fugas\/","name":"Detecci\u00f3n de fugas | ATI Sistemas","isPartOf":{"@id":"https:\/\/atisistemas.com\/web\/#website"},"primaryImageOfPage":{"@id":"https:\/\/atisistemas.com\/web\/es\/productos\/deteccion-de-fugas\/#primaryimage"},"image":{"@id":"https:\/\/atisistemas.com\/web\/es\/productos\/deteccion-de-fugas\/#primaryimage"},"thumbnailUrl":"https:\/\/atisistemas.com\/web\/wp-content\/uploads\/2025\/09\/permalert_logo.png","datePublished":"2025-09-19T15:02:07+00:00","dateModified":"2025-12-08T14:10:35+00:00","description":"Detecci\u00f3n de fugas de hidrocarburos y otros l\u00edquidos. Permalert.","breadcrumb":{"@id":"https:\/\/atisistemas.com\/web\/es\/productos\/deteccion-de-fugas\/#breadcrumb"},"inLanguage":"es","potentialAction":[{"@type":"ReadAction","target":["https:\/\/atisistemas.com\/web\/es\/productos\/deteccion-de-fugas\/"]}]},{"@type":"ImageObject","inLanguage":"es","@id":"https:\/\/atisistemas.com\/web\/es\/productos\/deteccion-de-fugas\/#primaryimage","url":"https:\/\/atisistemas.com\/web\/wp-content\/uploads\/2025\/09\/permalert_logo.png","contentUrl":"https:\/\/atisistemas.com\/web\/wp-content\/uploads\/2025\/09\/permalert_logo.png","width":300,"height":200},{"@type":"BreadcrumbList","@id":"https:\/\/atisistemas.com\/web\/es\/productos\/deteccion-de-fugas\/#breadcrumb","itemListElement":[{"@type":"ListItem","position":1,"name":"Inicio","item":"https:\/\/atisistemas.com\/web\/es\/inicio\/"},{"@type":"ListItem","position":2,"name":"Productos","item":"https:\/\/atisistemas.com\/web\/es\/productos\/"},{"@type":"ListItem","position":3,"name":"Detecci\u00f3n de fugas"}]},{"@type":"WebSite","@id":"https:\/\/atisistemas.com\/web\/#website","url":"https:\/\/atisistemas.com\/web\/","name":"ATI Sistemas","description":"ATI Sistemas","publisher":{"@id":"https:\/\/atisistemas.com\/web\/#organization"},"alternateName":"ATI","potentialAction":[{"@type":"SearchAction","target":{"@type":"EntryPoint","urlTemplate":"https:\/\/atisistemas.com\/web\/?s={search_term_string}"},"query-input":{"@type":"PropertyValueSpecification","valueRequired":true,"valueName":"search_term_string"}}],"inLanguage":"es"},{"@type":"Organization","@id":"https:\/\/atisistemas.com\/web\/#organization","name":"ATI Sistemas","alternateName":"ATI","url":"https:\/\/atisistemas.com\/web\/","logo":{"@type":"ImageObject","inLanguage":"es","@id":"https:\/\/atisistemas.com\/web\/#\/schema\/logo\/image\/","url":"https:\/\/atisistemas.com\/web\/wp-content\/uploads\/2023\/01\/logo-transparente.png","contentUrl":"https:\/\/atisistemas.com\/web\/wp-content\/uploads\/2023\/01\/logo-transparente.png","width":180,"height":75,"caption":"ATI Sistemas"},"image":{"@id":"https:\/\/atisistemas.com\/web\/#\/schema\/logo\/image\/"}}]}},"_links":{"self":[{"href":"https:\/\/atisistemas.com\/web\/wp-json\/wp\/v2\/pages\/4379","targetHints":{"allow":["GET"]}}],"collection":[{"href":"https:\/\/atisistemas.com\/web\/wp-json\/wp\/v2\/pages"}],"about":[{"href":"https:\/\/atisistemas.com\/web\/wp-json\/wp\/v2\/types\/page"}],"author":[{"embeddable":true,"href":"https:\/\/atisistemas.com\/web\/wp-json\/wp\/v2\/users\/1"}],"replies":[{"embeddable":true,"href":"https:\/\/atisistemas.com\/web\/wp-json\/wp\/v2\/comments?post=4379"}],"version-history":[{"count":7,"href":"https:\/\/atisistemas.com\/web\/wp-json\/wp\/v2\/pages\/4379\/revisions"}],"predecessor-version":[{"id":4392,"href":"https:\/\/atisistemas.com\/web\/wp-json\/wp\/v2\/pages\/4379\/revisions\/4392"}],"up":[{"embeddable":true,"href":"https:\/\/atisistemas.com\/web\/wp-json\/wp\/v2\/pages\/62"}],"wp:featuredmedia":[{"embeddable":true,"href":"https:\/\/atisistemas.com\/web\/wp-json\/wp\/v2\/media\/4386"}],"wp:attachment":[{"href":"https:\/\/atisistemas.com\/web\/wp-json\/wp\/v2\/media?parent=4379"}],"curies":[{"name":"wp","href":"https:\/\/api.w.org\/{rel}","templated":true}]}}