{"id":512,"date":"2023-02-03T15:04:05","date_gmt":"2023-02-03T14:04:05","guid":{"rendered":"https:\/\/atisistemas.com\/web\/?page_id=512"},"modified":"2023-03-07T23:02:33","modified_gmt":"2023-03-07T22:02:33","slug":"empleo","status":"publish","type":"page","link":"https:\/\/atisistemas.com\/web\/es\/empleo\/","title":{"rendered":"Empleo"},"content":{"rendered":"\n<div class=\"inherit-container-width wp-block-group alignwide is-layout-constrained wp-block-group-is-layout-constrained\" id=\"intruduccion\">\n<p>Nuestra misi\u00f3n es conseguir la rentabilidad y sostenibilidad de los servicios de instalaci\u00f3n y mantenimiento en el sector industrial, contribuyendo a la mejora del medio ambiente, priorizando el cumplimiento de las expectativas del cliente y proporcionando un servicio de calidad y una atenci\u00f3n excelente, un compromiso con la mejora continua y el desarrollo personal y profesional. de los empleados.<\/p>\n\n\n\n<p>Nuestro objetivo es ser la mejor alternativa disponible para aportar soluciones a los procesos industriales, desde una relaci\u00f3n cercana con el cliente, proporcionando una atenci\u00f3n personalizada, disponibilidad y desde el compromiso con la seguridad, el medio ambiente, la eficiencia energ\u00e9tica y la responsabilidad corporativa. Otro de los objetivos de la empresa es ser un buen lugar para trabajar, donde los empleados tengan la oportunidad de desarrollar su carrera profesional en un entorno positivo donde se valore la implicaci\u00f3n y el trabajo en equipo.<\/p>\n\n\n\n<p>A continuaci\u00f3n puedes consultar nuestras ofertas de empleo en curso. Si est\u00e1s interesado en alguna de ellas, lee y aseg\u00farate de comprender y aceptar nuestra <a data-ss1677358932=\"1\" href=\"https:\/\/atisistemas.com\/web\/politica-de-privacidad\/\">pol\u00edtica de privacidad<\/a> antes de optar al puesto.<\/p>\n<\/div>\n\n\n\n<div class=\"inherit-container-width wp-block-group is-layout-constrained wp-block-group-is-layout-constrained\"><ul class=\"wp-block-latest-posts__list has-dates wp-block-latest-posts\"><li><a class=\"wp-block-latest-posts__post-title\" href=\"https:\/\/atisistemas.com\/web\/es\/electricista-industrial-en-bergondo-a-coruna\/\">Electricista industrial en Bergondo (A Coru\u00f1a)<\/a><time datetime=\"2024-04-10T23:29:55+02:00\" class=\"wp-block-latest-posts__post-date\">10 de abril de 2024<\/time><\/li>\n<\/ul><\/div>\n","protected":false},"excerpt":{"rendered":"<p>Nuestra misi\u00f3n es conseguir la rentabilidad y sostenibilidad de los servicios de instalaci\u00f3n y mantenimiento en el sector industrial, contribuyendo a la mejora del medio ambiente, priorizando el cumplimiento de las expectativas del cliente y proporcionando un servicio de calidad y una atenci\u00f3n excelente, un compromiso con la mejora continua y el desarrollo personal y [&hellip;]<\/p>\n","protected":false},"author":1,"featured_media":22,"parent":0,"menu_order":0,"comment_status":"closed","ping_status":"closed","template":"","meta":{"_editorskit_title_hidden":false,"_editorskit_reading_time":1,"_editorskit_is_block_options_detached":false,"_editorskit_block_options_position":"{}","site-sidebar-layout":"default","site-content-layout":"","ast-site-content-layout":"default","site-content-style":"default","site-sidebar-style":"default","ast-global-header-display":"","ast-banner-title-visibility":"","ast-main-header-display":"","ast-hfb-above-header-display":"","ast-hfb-below-header-display":"","ast-hfb-mobile-header-display":"","site-post-title":"","ast-breadcrumbs-content":"","ast-featured-img":"","footer-sml-layout":"","ast-disable-related-posts":"","theme-transparent-header-meta":"","adv-header-id-meta":"","stick-header-meta":"","header-above-stick-meta":"","header-main-stick-meta":"","header-below-stick-meta":"","astra-migrate-meta-layouts":"default","ast-page-background-enabled":"default","ast-page-background-meta":{"desktop":{"background-color":"var(--ast-global-color-4)","background-image":"","background-repeat":"repeat","background-position":"center center","background-size":"auto","background-attachment":"scroll","background-type":"","background-media":"","overlay-type":"","overlay-color":"","overlay-opacity":"","overlay-gradient":""},"tablet":{"background-color":"","background-image":"","background-repeat":"repeat","background-position":"center center","background-size":"auto","background-attachment":"scroll","background-type":"","background-media":"","overlay-type":"","overlay-color":"","overlay-opacity":"","overlay-gradient":""},"mobile":{"background-color":"","background-image":"","background-repeat":"repeat","background-position":"center center","background-size":"auto","background-attachment":"scroll","background-type":"","background-media":"","overlay-type":"","overlay-color":"","overlay-opacity":"","overlay-gradient":""}},"ast-content-background-meta":{"desktop":{"background-color":"var(--ast-global-color-5)","background-image":"","background-repeat":"repeat","background-position":"center center","background-size":"auto","background-attachment":"scroll","background-type":"","background-media":"","overlay-type":"","overlay-color":"","overlay-opacity":"","overlay-gradient":""},"tablet":{"background-color":"var(--ast-global-color-5)","background-image":"","background-repeat":"repeat","background-position":"center center","background-size":"auto","background-attachment":"scroll","background-type":"","background-media":"","overlay-type":"","overlay-color":"","overlay-opacity":"","overlay-gradient":""},"mobile":{"background-color":"var(--ast-global-color-5)","background-image":"","background-repeat":"repeat","background-position":"center center","background-size":"auto","background-attachment":"scroll","background-type":"","background-media":"","overlay-type":"","overlay-color":"","overlay-opacity":"","overlay-gradient":""}},"footnotes":""},"class_list":["post-512","page","type-page","status-publish","has-post-thumbnail","hentry"],"yoast_head":"<!-- This site is optimized with the Yoast SEO plugin v27.5 - https:\/\/yoast.com\/product\/yoast-seo-wordpress\/ -->\n<title>Empleo | ATI Sistemas<\/title>\n<meta name=\"description\" content=\"Ofertas de empleo\" \/>\n<meta name=\"robots\" content=\"index, follow, max-snippet:-1, max-image-preview:large, max-video-preview:-1\" \/>\n<link rel=\"canonical\" href=\"https:\/\/atisistemas.com\/web\/es\/empleo\/\" \/>\n<meta property=\"og:locale\" content=\"es_ES\" \/>\n<meta property=\"og:type\" content=\"article\" \/>\n<meta property=\"og:title\" content=\"Empleo | ATI Sistemas\" \/>\n<meta property=\"og:description\" content=\"Ofertas de empleo\" \/>\n<meta property=\"og:url\" content=\"https:\/\/atisistemas.com\/web\/es\/empleo\/\" \/>\n<meta property=\"og:site_name\" content=\"ATI Sistemas\" \/>\n<meta property=\"article:modified_time\" content=\"2023-03-07T22:02:33+00:00\" \/>\n<meta property=\"og:image\" content=\"https:\/\/atisistemas.com\/web\/wp-content\/uploads\/2023\/01\/logo-transparente_cuadrado.png\" \/>\n\t<meta property=\"og:image:width\" content=\"180\" \/>\n\t<meta property=\"og:image:height\" content=\"180\" \/>\n\t<meta property=\"og:image:type\" content=\"image\/png\" \/>\n<meta name=\"twitter:card\" content=\"summary_large_image\" \/>\n<meta name=\"twitter:label1\" content=\"Tiempo de lectura\" \/>\n\t<meta name=\"twitter:data1\" content=\"1 minuto\" \/>\n<script type=\"application\/ld+json\" class=\"yoast-schema-graph\">{\"@context\":\"https:\\\/\\\/schema.org\",\"@graph\":[{\"@type\":\"WebPage\",\"@id\":\"https:\\\/\\\/atisistemas.com\\\/web\\\/es\\\/empleo\\\/\",\"url\":\"https:\\\/\\\/atisistemas.com\\\/web\\\/es\\\/empleo\\\/\",\"name\":\"Empleo | ATI Sistemas\",\"isPartOf\":{\"@id\":\"https:\\\/\\\/atisistemas.com\\\/web\\\/#website\"},\"primaryImageOfPage\":{\"@id\":\"https:\\\/\\\/atisistemas.com\\\/web\\\/es\\\/empleo\\\/#primaryimage\"},\"image\":{\"@id\":\"https:\\\/\\\/atisistemas.com\\\/web\\\/es\\\/empleo\\\/#primaryimage\"},\"thumbnailUrl\":\"https:\\\/\\\/atisistemas.com\\\/web\\\/wp-content\\\/uploads\\\/2023\\\/01\\\/logo-transparente_cuadrado.png\",\"datePublished\":\"2023-02-03T14:04:05+00:00\",\"dateModified\":\"2023-03-07T22:02:33+00:00\",\"description\":\"Ofertas de empleo\",\"breadcrumb\":{\"@id\":\"https:\\\/\\\/atisistemas.com\\\/web\\\/es\\\/empleo\\\/#breadcrumb\"},\"inLanguage\":\"es\",\"potentialAction\":[{\"@type\":\"ReadAction\",\"target\":[\"https:\\\/\\\/atisistemas.com\\\/web\\\/es\\\/empleo\\\/\"]}]},{\"@type\":\"ImageObject\",\"inLanguage\":\"es\",\"@id\":\"https:\\\/\\\/atisistemas.com\\\/web\\\/es\\\/empleo\\\/#primaryimage\",\"url\":\"https:\\\/\\\/atisistemas.com\\\/web\\\/wp-content\\\/uploads\\\/2023\\\/01\\\/logo-transparente_cuadrado.png\",\"contentUrl\":\"https:\\\/\\\/atisistemas.com\\\/web\\\/wp-content\\\/uploads\\\/2023\\\/01\\\/logo-transparente_cuadrado.png\",\"width\":180,\"height\":180,\"caption\":\"ATI Sistemas\"},{\"@type\":\"BreadcrumbList\",\"@id\":\"https:\\\/\\\/atisistemas.com\\\/web\\\/es\\\/empleo\\\/#breadcrumb\",\"itemListElement\":[{\"@type\":\"ListItem\",\"position\":1,\"name\":\"Inicio\",\"item\":\"https:\\\/\\\/atisistemas.com\\\/web\\\/es\\\/inicio\\\/\"},{\"@type\":\"ListItem\",\"position\":2,\"name\":\"Empleo\"}]},{\"@type\":\"WebSite\",\"@id\":\"https:\\\/\\\/atisistemas.com\\\/web\\\/#website\",\"url\":\"https:\\\/\\\/atisistemas.com\\\/web\\\/\",\"name\":\"ATI Sistemas\",\"description\":\"ATI Sistemas\",\"publisher\":{\"@id\":\"https:\\\/\\\/atisistemas.com\\\/web\\\/#organization\"},\"alternateName\":\"ATI\",\"potentialAction\":[{\"@type\":\"SearchAction\",\"target\":{\"@type\":\"EntryPoint\",\"urlTemplate\":\"https:\\\/\\\/atisistemas.com\\\/web\\\/?s={search_term_string}\"},\"query-input\":{\"@type\":\"PropertyValueSpecification\",\"valueRequired\":true,\"valueName\":\"search_term_string\"}}],\"inLanguage\":\"es\"},{\"@type\":\"Organization\",\"@id\":\"https:\\\/\\\/atisistemas.com\\\/web\\\/#organization\",\"name\":\"ATI Sistemas\",\"alternateName\":\"ATI\",\"url\":\"https:\\\/\\\/atisistemas.com\\\/web\\\/\",\"logo\":{\"@type\":\"ImageObject\",\"inLanguage\":\"es\",\"@id\":\"https:\\\/\\\/atisistemas.com\\\/web\\\/#\\\/schema\\\/logo\\\/image\\\/\",\"url\":\"https:\\\/\\\/atisistemas.com\\\/web\\\/wp-content\\\/uploads\\\/2023\\\/01\\\/logo-transparente.png\",\"contentUrl\":\"https:\\\/\\\/atisistemas.com\\\/web\\\/wp-content\\\/uploads\\\/2023\\\/01\\\/logo-transparente.png\",\"width\":180,\"height\":75,\"caption\":\"ATI Sistemas\"},\"image\":{\"@id\":\"https:\\\/\\\/atisistemas.com\\\/web\\\/#\\\/schema\\\/logo\\\/image\\\/\"}}]}<\/script>\n<!-- \/ Yoast SEO plugin. -->","yoast_head_json":{"title":"Empleo | ATI Sistemas","description":"Ofertas de empleo","robots":{"index":"index","follow":"follow","max-snippet":"max-snippet:-1","max-image-preview":"max-image-preview:large","max-video-preview":"max-video-preview:-1"},"canonical":"https:\/\/atisistemas.com\/web\/es\/empleo\/","og_locale":"es_ES","og_type":"article","og_title":"Empleo | ATI Sistemas","og_description":"Ofertas de empleo","og_url":"https:\/\/atisistemas.com\/web\/es\/empleo\/","og_site_name":"ATI Sistemas","article_modified_time":"2023-03-07T22:02:33+00:00","og_image":[{"width":180,"height":180,"url":"https:\/\/atisistemas.com\/web\/wp-content\/uploads\/2023\/01\/logo-transparente_cuadrado.png","type":"image\/png"}],"twitter_card":"summary_large_image","twitter_misc":{"Tiempo de lectura":"1 minuto"},"schema":{"@context":"https:\/\/schema.org","@graph":[{"@type":"WebPage","@id":"https:\/\/atisistemas.com\/web\/es\/empleo\/","url":"https:\/\/atisistemas.com\/web\/es\/empleo\/","name":"Empleo | ATI Sistemas","isPartOf":{"@id":"https:\/\/atisistemas.com\/web\/#website"},"primaryImageOfPage":{"@id":"https:\/\/atisistemas.com\/web\/es\/empleo\/#primaryimage"},"image":{"@id":"https:\/\/atisistemas.com\/web\/es\/empleo\/#primaryimage"},"thumbnailUrl":"https:\/\/atisistemas.com\/web\/wp-content\/uploads\/2023\/01\/logo-transparente_cuadrado.png","datePublished":"2023-02-03T14:04:05+00:00","dateModified":"2023-03-07T22:02:33+00:00","description":"Ofertas de empleo","breadcrumb":{"@id":"https:\/\/atisistemas.com\/web\/es\/empleo\/#breadcrumb"},"inLanguage":"es","potentialAction":[{"@type":"ReadAction","target":["https:\/\/atisistemas.com\/web\/es\/empleo\/"]}]},{"@type":"ImageObject","inLanguage":"es","@id":"https:\/\/atisistemas.com\/web\/es\/empleo\/#primaryimage","url":"https:\/\/atisistemas.com\/web\/wp-content\/uploads\/2023\/01\/logo-transparente_cuadrado.png","contentUrl":"https:\/\/atisistemas.com\/web\/wp-content\/uploads\/2023\/01\/logo-transparente_cuadrado.png","width":180,"height":180,"caption":"ATI Sistemas"},{"@type":"BreadcrumbList","@id":"https:\/\/atisistemas.com\/web\/es\/empleo\/#breadcrumb","itemListElement":[{"@type":"ListItem","position":1,"name":"Inicio","item":"https:\/\/atisistemas.com\/web\/es\/inicio\/"},{"@type":"ListItem","position":2,"name":"Empleo"}]},{"@type":"WebSite","@id":"https:\/\/atisistemas.com\/web\/#website","url":"https:\/\/atisistemas.com\/web\/","name":"ATI Sistemas","description":"ATI Sistemas","publisher":{"@id":"https:\/\/atisistemas.com\/web\/#organization"},"alternateName":"ATI","potentialAction":[{"@type":"SearchAction","target":{"@type":"EntryPoint","urlTemplate":"https:\/\/atisistemas.com\/web\/?s={search_term_string}"},"query-input":{"@type":"PropertyValueSpecification","valueRequired":true,"valueName":"search_term_string"}}],"inLanguage":"es"},{"@type":"Organization","@id":"https:\/\/atisistemas.com\/web\/#organization","name":"ATI Sistemas","alternateName":"ATI","url":"https:\/\/atisistemas.com\/web\/","logo":{"@type":"ImageObject","inLanguage":"es","@id":"https:\/\/atisistemas.com\/web\/#\/schema\/logo\/image\/","url":"https:\/\/atisistemas.com\/web\/wp-content\/uploads\/2023\/01\/logo-transparente.png","contentUrl":"https:\/\/atisistemas.com\/web\/wp-content\/uploads\/2023\/01\/logo-transparente.png","width":180,"height":75,"caption":"ATI Sistemas"},"image":{"@id":"https:\/\/atisistemas.com\/web\/#\/schema\/logo\/image\/"}}]}},"_links":{"self":[{"href":"https:\/\/atisistemas.com\/web\/wp-json\/wp\/v2\/pages\/512","targetHints":{"allow":["GET"]}}],"collection":[{"href":"https:\/\/atisistemas.com\/web\/wp-json\/wp\/v2\/pages"}],"about":[{"href":"https:\/\/atisistemas.com\/web\/wp-json\/wp\/v2\/types\/page"}],"author":[{"embeddable":true,"href":"https:\/\/atisistemas.com\/web\/wp-json\/wp\/v2\/users\/1"}],"replies":[{"embeddable":true,"href":"https:\/\/atisistemas.com\/web\/wp-json\/wp\/v2\/comments?post=512"}],"version-history":[{"count":31,"href":"https:\/\/atisistemas.com\/web\/wp-json\/wp\/v2\/pages\/512\/revisions"}],"predecessor-version":[{"id":3424,"href":"https:\/\/atisistemas.com\/web\/wp-json\/wp\/v2\/pages\/512\/revisions\/3424"}],"wp:featuredmedia":[{"embeddable":true,"href":"https:\/\/atisistemas.com\/web\/wp-json\/wp\/v2\/media\/22"}],"wp:attachment":[{"href":"https:\/\/atisistemas.com\/web\/wp-json\/wp\/v2\/media?parent=512"}],"curies":[{"name":"wp","href":"https:\/\/api.w.org\/{rel}","templated":true}]}}