{"id":52,"date":"2023-01-28T13:59:31","date_gmt":"2023-01-28T12:59:31","guid":{"rendered":"https:\/\/atisistemas.com\/web\/?page_id=52"},"modified":"2023-03-14T15:54:24","modified_gmt":"2023-03-14T14:54:24","slug":"mantenimiento-industrial","status":"publish","type":"page","link":"https:\/\/atisistemas.com\/web\/es\/servicios\/mantenimiento-industrial\/","title":{"rendered":"Mantenimiento industrial"},"content":{"rendered":"\n<div class=\"inherit-container-width wp-block-group alignwide is-layout-constrained wp-block-group-is-layout-constrained\" id=\"intruduccion\">\n<p>Ofrecer un buen servicio de mantenimiento industrial implica poder analizar el problema desde la experiencia, pero tambi\u00e9n a trav\u00e9s de una aplicaci\u00f3n pr\u00e1ctica de los conocimientos de ingenier\u00eda de varias especialidades. Esto es posible gracias a la coordinaci\u00f3n entre el personal encargado del mantenimiento con nuestro equipo de ingenier\u00eda, y lleva a reducir el riesgo de aver\u00edas y las p\u00e9rdidas por paradas de producci\u00f3n, facilitar el an\u00e1lisis y seguimiento de las instalaciones y aumentar la seguridad para los operarios que intervienen en el proceso.<\/p>\n\n\n\n<p>Tras a\u00f1os de experiencia ofreciendo servicios integrales para la industria estamos en en disposici\u00f3n de ofrecer un servicio completo y de la m\u00e1s alta calidad para el mantenimiento de plantas industriales, con especial presencia en la industria de proceso y en centros log\u00edsticos y almacenes robotizados.<\/p>\n<\/div>\n\n\n\n<div class=\"wp-block-cover alignfull has-parallax box is-style-editorskit-shadow\" style=\"padding-top:0;padding-right:0;padding-bottom:0;padding-left:0;min-height:250px;aspect-ratio:unset;\" id=\"capacidad\"><span aria-hidden=\"true\" class=\"wp-block-cover__background has-ast-global-color-5-background-color has-background-dim-70 has-background-dim\"><\/span><div role=\"img\" class=\"wp-block-cover__image-background wp-image-3915 has-parallax\" style=\"background-position:50% 50%;background-image:url(https:\/\/atisistemas.com\/web\/wp-content\/uploads\/2023\/03\/Mantenimiento-de-Almacenes-Robotizados.jpg)\"><\/div><div class=\"wp-block-cover__inner-container is-layout-flow wp-block-cover-is-layout-flow\">\n<div class=\"wp-block-columns is-layout-flex wp-container-core-columns-is-layout-d7d455e7 wp-block-columns-is-layout-flex\" style=\"padding-top:0;padding-right:0;padding-bottom:0;padding-left:0\">\n<div class=\"wp-block-column is-vertically-aligned-center is-layout-flow wp-block-column-is-layout-flow\"><\/div>\n\n\n\n<div class=\"wp-block-column has-background is-layout-flow wp-block-column-is-layout-flow\" style=\"background-color:#ffffffcc;padding-top:2em;padding-right:2em;padding-bottom:2em;padding-left:2em;flex-basis:60%\">\n<h2 class=\"has-text-align-left has-ast-global-color-2-color has-text-color has-medium-font-size wp-block-heading\">Capacidad y alcance<\/h2>\n\n\n\n<ul class=\"is-style-arrow has-ast-global-color-2-color has-text-color has-list-bullet-color wp-block-list\" style=\"--ek-bullet-color:var(--ast-global-color-0)\">\n<li>An\u00e1lisis e implantaci\u00f3n de sistemas de mantenimiento global (preventivo, predictivo, conductivo y correctivo).<\/li>\n\n\n\n<li>Gesti\u00f3n mediante GMAO<\/li>\n\n\n\n<li>Mantenimiento en todas las especialidades: electricidad, electromec\u00e1nica, climatizaci\u00f3n, fontaner\u00eda, contraincendios, &#8230;<\/li>\n\n\n\n<li>Estudios e implantaci\u00f3n de medidas de ahorro energ\u00e9tico<\/li>\n\n\n\n<li>Monitorizaci\u00f3n remota de consumos<\/li>\n<\/ul>\n<\/div>\n<\/div>\n<\/div><\/div>\n\n\n\n<div class=\"wp-block-cover alignfull has-parallax box is-style-editorskit-shadow\" style=\"padding-top:0;padding-right:0;padding-bottom:0;padding-left:0;min-height:250px;aspect-ratio:unset;\" id=\"sectores\"><span aria-hidden=\"true\" class=\"wp-block-cover__background has-ast-global-color-5-background-color has-background-dim-70 has-background-dim\"><\/span><div role=\"img\" class=\"wp-block-cover__image-background wp-image-3916 has-parallax\" style=\"background-position:50% 50%;background-image:url(https:\/\/atisistemas.com\/web\/wp-content\/uploads\/2023\/03\/maintenance_03.jpg)\"><\/div><div class=\"wp-block-cover__inner-container is-layout-flow wp-block-cover-is-layout-flow\">\n<div class=\"wp-block-columns are-vertically-aligned-top is-style-default has-ast-global-color-2-color has-text-color is-layout-flex wp-container-core-columns-is-layout-bd922346 wp-block-columns-is-layout-flex\" style=\"margin-top:0;margin-bottom:0;padding-top:0;padding-right:0;padding-bottom:0;padding-left:0\">\n<div class=\"wp-block-column is-vertically-aligned-top has-background is-layout-flow wp-block-column-is-layout-flow\" style=\"background-color:#ffffffcc;padding-top:2em;padding-right:2em;padding-bottom:2em;padding-left:2em;flex-basis:60%\">\n<h2 class=\"has-text-align-left has-ast-global-color-2-color has-text-color has-medium-font-size wp-block-heading\">Sectores<\/h2>\n\n\n\n<ul class=\"is-style-arrow has-list-bullet-color wp-block-list\" style=\"--ek-bullet-color:var(--ast-global-color-0)\">\n<li>Industria de proceso<\/li>\n\n\n\n<li>Generaci\u00f3n energ\u00e9tica (centrales hidr\u00e1ulicas, t\u00e9rmicas, solares, mixtas)<\/li>\n\n\n\n<li>Industria alimentaria<\/li>\n\n\n\n<li>Centros log\u00edsticos<\/li>\n\n\n\n<li>Aeropuertos<\/li>\n\n\n\n<li>Instalaciones terciarias y edificios de oficinas<\/li>\n<\/ul>\n<\/div>\n\n\n\n<div class=\"wp-block-column is-vertically-aligned-top is-layout-flow wp-block-column-is-layout-flow\" style=\"flex-basis:40%\"><\/div>\n<\/div>\n<\/div><\/div>\n","protected":false},"excerpt":{"rendered":"<p>Ofrecer un buen servicio de mantenimiento industrial implica poder analizar el problema desde la experiencia, pero tambi\u00e9n a trav\u00e9s de una aplicaci\u00f3n pr\u00e1ctica de los conocimientos de ingenier\u00eda de varias especialidades. Esto es posible gracias a la coordinaci\u00f3n entre el personal encargado del mantenimiento con nuestro equipo de ingenier\u00eda, y lleva a reducir el riesgo [&hellip;]<\/p>\n","protected":false},"author":1,"featured_media":0,"parent":11,"menu_order":0,"comment_status":"closed","ping_status":"closed","template":"","meta":{"_editorskit_title_hidden":false,"_editorskit_reading_time":1,"_editorskit_is_block_options_detached":false,"_editorskit_block_options_position":"{}","site-sidebar-layout":"default","site-content-layout":"","ast-site-content-layout":"default","site-content-style":"default","site-sidebar-style":"default","ast-global-header-display":"","ast-banner-title-visibility":"","ast-main-header-display":"","ast-hfb-above-header-display":"","ast-hfb-below-header-display":"","ast-hfb-mobile-header-display":"","site-post-title":"","ast-breadcrumbs-content":"","ast-featured-img":"","footer-sml-layout":"","ast-disable-related-posts":"","theme-transparent-header-meta":"","adv-header-id-meta":"","stick-header-meta":"","header-above-stick-meta":"","header-main-stick-meta":"","header-below-stick-meta":"","astra-migrate-meta-layouts":"default","ast-page-background-enabled":"default","ast-page-background-meta":{"desktop":{"background-color":"var(--ast-global-color-4)","background-image":"","background-repeat":"repeat","background-position":"center center","background-size":"auto","background-attachment":"scroll","background-type":"","background-media":"","overlay-type":"","overlay-color":"","overlay-opacity":"","overlay-gradient":""},"tablet":{"background-color":"","background-image":"","background-repeat":"repeat","background-position":"center center","background-size":"auto","background-attachment":"scroll","background-type":"","background-media":"","overlay-type":"","overlay-color":"","overlay-opacity":"","overlay-gradient":""},"mobile":{"background-color":"","background-image":"","background-repeat":"repeat","background-position":"center center","background-size":"auto","background-attachment":"scroll","background-type":"","background-media":"","overlay-type":"","overlay-color":"","overlay-opacity":"","overlay-gradient":""}},"ast-content-background-meta":{"desktop":{"background-color":"var(--ast-global-color-5)","background-image":"","background-repeat":"repeat","background-position":"center center","background-size":"auto","background-attachment":"scroll","background-type":"","background-media":"","overlay-type":"","overlay-color":"","overlay-opacity":"","overlay-gradient":""},"tablet":{"background-color":"var(--ast-global-color-5)","background-image":"","background-repeat":"repeat","background-position":"center center","background-size":"auto","background-attachment":"scroll","background-type":"","background-media":"","overlay-type":"","overlay-color":"","overlay-opacity":"","overlay-gradient":""},"mobile":{"background-color":"var(--ast-global-color-5)","background-image":"","background-repeat":"repeat","background-position":"center center","background-size":"auto","background-attachment":"scroll","background-type":"","background-media":"","overlay-type":"","overlay-color":"","overlay-opacity":"","overlay-gradient":""}},"footnotes":""},"class_list":["post-52","page","type-page","status-publish","hentry"],"yoast_head":"<!-- This site is optimized with the Yoast SEO plugin v27.4 - https:\/\/yoast.com\/product\/yoast-seo-wordpress\/ -->\n<title>Mantenimiento industrial | ATI Sistemas<\/title>\n<meta name=\"description\" content=\"Mantenimiento industrial. Industria de proceso, generaci\u00f3n, alimentaria, log\u00edstica, sector terciario.\" \/>\n<meta name=\"robots\" content=\"index, follow, max-snippet:-1, max-image-preview:large, max-video-preview:-1\" \/>\n<link rel=\"canonical\" href=\"https:\/\/atisistemas.com\/web\/es\/servicios\/mantenimiento-industrial\/\" \/>\n<meta property=\"og:locale\" content=\"es_ES\" \/>\n<meta property=\"og:type\" content=\"article\" \/>\n<meta property=\"og:title\" content=\"Mantenimiento industrial | ATI Sistemas\" \/>\n<meta property=\"og:description\" content=\"Mantenimiento industrial. Industria de proceso, generaci\u00f3n, alimentaria, log\u00edstica, sector terciario.\" \/>\n<meta property=\"og:url\" content=\"https:\/\/atisistemas.com\/web\/es\/servicios\/mantenimiento-industrial\/\" \/>\n<meta property=\"og:site_name\" content=\"ATI Sistemas\" \/>\n<meta property=\"article:modified_time\" content=\"2023-03-14T14:54:24+00:00\" \/>\n<meta property=\"og:image\" content=\"https:\/\/atisistemas.com\/web\/wp-content\/uploads\/2023\/01\/logo-transparente.png\" \/>\n\t<meta property=\"og:image:width\" content=\"180\" \/>\n\t<meta property=\"og:image:height\" content=\"75\" \/>\n\t<meta property=\"og:image:type\" content=\"image\/png\" \/>\n<meta name=\"twitter:card\" content=\"summary_large_image\" \/>\n<meta name=\"twitter:label1\" content=\"Tiempo de lectura\" \/>\n\t<meta name=\"twitter:data1\" content=\"1 minuto\" \/>\n<script type=\"application\/ld+json\" class=\"yoast-schema-graph\">{\"@context\":\"https:\\\/\\\/schema.org\",\"@graph\":[{\"@type\":\"WebPage\",\"@id\":\"https:\\\/\\\/atisistemas.com\\\/web\\\/es\\\/servicios\\\/mantenimiento-industrial\\\/\",\"url\":\"https:\\\/\\\/atisistemas.com\\\/web\\\/es\\\/servicios\\\/mantenimiento-industrial\\\/\",\"name\":\"Mantenimiento industrial | ATI Sistemas\",\"isPartOf\":{\"@id\":\"https:\\\/\\\/atisistemas.com\\\/web\\\/#website\"},\"datePublished\":\"2023-01-28T12:59:31+00:00\",\"dateModified\":\"2023-03-14T14:54:24+00:00\",\"description\":\"Mantenimiento industrial. Industria de proceso, generaci\u00f3n, alimentaria, log\u00edstica, sector terciario.\",\"breadcrumb\":{\"@id\":\"https:\\\/\\\/atisistemas.com\\\/web\\\/es\\\/servicios\\\/mantenimiento-industrial\\\/#breadcrumb\"},\"inLanguage\":\"es\",\"potentialAction\":[{\"@type\":\"ReadAction\",\"target\":[\"https:\\\/\\\/atisistemas.com\\\/web\\\/es\\\/servicios\\\/mantenimiento-industrial\\\/\"]}]},{\"@type\":\"BreadcrumbList\",\"@id\":\"https:\\\/\\\/atisistemas.com\\\/web\\\/es\\\/servicios\\\/mantenimiento-industrial\\\/#breadcrumb\",\"itemListElement\":[{\"@type\":\"ListItem\",\"position\":1,\"name\":\"Inicio\",\"item\":\"https:\\\/\\\/atisistemas.com\\\/web\\\/es\\\/inicio\\\/\"},{\"@type\":\"ListItem\",\"position\":2,\"name\":\"Servicios\",\"item\":\"https:\\\/\\\/atisistemas.com\\\/web\\\/es\\\/servicios\\\/\"},{\"@type\":\"ListItem\",\"position\":3,\"name\":\"Mantenimiento industrial\"}]},{\"@type\":\"WebSite\",\"@id\":\"https:\\\/\\\/atisistemas.com\\\/web\\\/#website\",\"url\":\"https:\\\/\\\/atisistemas.com\\\/web\\\/\",\"name\":\"ATI Sistemas\",\"description\":\"ATI Sistemas\",\"publisher\":{\"@id\":\"https:\\\/\\\/atisistemas.com\\\/web\\\/#organization\"},\"alternateName\":\"ATI\",\"potentialAction\":[{\"@type\":\"SearchAction\",\"target\":{\"@type\":\"EntryPoint\",\"urlTemplate\":\"https:\\\/\\\/atisistemas.com\\\/web\\\/?s={search_term_string}\"},\"query-input\":{\"@type\":\"PropertyValueSpecification\",\"valueRequired\":true,\"valueName\":\"search_term_string\"}}],\"inLanguage\":\"es\"},{\"@type\":\"Organization\",\"@id\":\"https:\\\/\\\/atisistemas.com\\\/web\\\/#organization\",\"name\":\"ATI Sistemas\",\"alternateName\":\"ATI\",\"url\":\"https:\\\/\\\/atisistemas.com\\\/web\\\/\",\"logo\":{\"@type\":\"ImageObject\",\"inLanguage\":\"es\",\"@id\":\"https:\\\/\\\/atisistemas.com\\\/web\\\/#\\\/schema\\\/logo\\\/image\\\/\",\"url\":\"https:\\\/\\\/atisistemas.com\\\/web\\\/wp-content\\\/uploads\\\/2023\\\/01\\\/logo-transparente.png\",\"contentUrl\":\"https:\\\/\\\/atisistemas.com\\\/web\\\/wp-content\\\/uploads\\\/2023\\\/01\\\/logo-transparente.png\",\"width\":180,\"height\":75,\"caption\":\"ATI Sistemas\"},\"image\":{\"@id\":\"https:\\\/\\\/atisistemas.com\\\/web\\\/#\\\/schema\\\/logo\\\/image\\\/\"}}]}<\/script>\n<!-- \/ Yoast SEO plugin. -->","yoast_head_json":{"title":"Mantenimiento industrial | ATI Sistemas","description":"Mantenimiento industrial. Industria de proceso, generaci\u00f3n, alimentaria, log\u00edstica, sector terciario.","robots":{"index":"index","follow":"follow","max-snippet":"max-snippet:-1","max-image-preview":"max-image-preview:large","max-video-preview":"max-video-preview:-1"},"canonical":"https:\/\/atisistemas.com\/web\/es\/servicios\/mantenimiento-industrial\/","og_locale":"es_ES","og_type":"article","og_title":"Mantenimiento industrial | ATI Sistemas","og_description":"Mantenimiento industrial. Industria de proceso, generaci\u00f3n, alimentaria, log\u00edstica, sector terciario.","og_url":"https:\/\/atisistemas.com\/web\/es\/servicios\/mantenimiento-industrial\/","og_site_name":"ATI Sistemas","article_modified_time":"2023-03-14T14:54:24+00:00","og_image":[{"width":180,"height":75,"url":"https:\/\/atisistemas.com\/web\/wp-content\/uploads\/2023\/01\/logo-transparente.png","type":"image\/png"}],"twitter_card":"summary_large_image","twitter_misc":{"Tiempo de lectura":"1 minuto"},"schema":{"@context":"https:\/\/schema.org","@graph":[{"@type":"WebPage","@id":"https:\/\/atisistemas.com\/web\/es\/servicios\/mantenimiento-industrial\/","url":"https:\/\/atisistemas.com\/web\/es\/servicios\/mantenimiento-industrial\/","name":"Mantenimiento industrial | ATI Sistemas","isPartOf":{"@id":"https:\/\/atisistemas.com\/web\/#website"},"datePublished":"2023-01-28T12:59:31+00:00","dateModified":"2023-03-14T14:54:24+00:00","description":"Mantenimiento industrial. Industria de proceso, generaci\u00f3n, alimentaria, log\u00edstica, sector terciario.","breadcrumb":{"@id":"https:\/\/atisistemas.com\/web\/es\/servicios\/mantenimiento-industrial\/#breadcrumb"},"inLanguage":"es","potentialAction":[{"@type":"ReadAction","target":["https:\/\/atisistemas.com\/web\/es\/servicios\/mantenimiento-industrial\/"]}]},{"@type":"BreadcrumbList","@id":"https:\/\/atisistemas.com\/web\/es\/servicios\/mantenimiento-industrial\/#breadcrumb","itemListElement":[{"@type":"ListItem","position":1,"name":"Inicio","item":"https:\/\/atisistemas.com\/web\/es\/inicio\/"},{"@type":"ListItem","position":2,"name":"Servicios","item":"https:\/\/atisistemas.com\/web\/es\/servicios\/"},{"@type":"ListItem","position":3,"name":"Mantenimiento industrial"}]},{"@type":"WebSite","@id":"https:\/\/atisistemas.com\/web\/#website","url":"https:\/\/atisistemas.com\/web\/","name":"ATI Sistemas","description":"ATI Sistemas","publisher":{"@id":"https:\/\/atisistemas.com\/web\/#organization"},"alternateName":"ATI","potentialAction":[{"@type":"SearchAction","target":{"@type":"EntryPoint","urlTemplate":"https:\/\/atisistemas.com\/web\/?s={search_term_string}"},"query-input":{"@type":"PropertyValueSpecification","valueRequired":true,"valueName":"search_term_string"}}],"inLanguage":"es"},{"@type":"Organization","@id":"https:\/\/atisistemas.com\/web\/#organization","name":"ATI Sistemas","alternateName":"ATI","url":"https:\/\/atisistemas.com\/web\/","logo":{"@type":"ImageObject","inLanguage":"es","@id":"https:\/\/atisistemas.com\/web\/#\/schema\/logo\/image\/","url":"https:\/\/atisistemas.com\/web\/wp-content\/uploads\/2023\/01\/logo-transparente.png","contentUrl":"https:\/\/atisistemas.com\/web\/wp-content\/uploads\/2023\/01\/logo-transparente.png","width":180,"height":75,"caption":"ATI Sistemas"},"image":{"@id":"https:\/\/atisistemas.com\/web\/#\/schema\/logo\/image\/"}}]}},"_links":{"self":[{"href":"https:\/\/atisistemas.com\/web\/wp-json\/wp\/v2\/pages\/52","targetHints":{"allow":["GET"]}}],"collection":[{"href":"https:\/\/atisistemas.com\/web\/wp-json\/wp\/v2\/pages"}],"about":[{"href":"https:\/\/atisistemas.com\/web\/wp-json\/wp\/v2\/types\/page"}],"author":[{"embeddable":true,"href":"https:\/\/atisistemas.com\/web\/wp-json\/wp\/v2\/users\/1"}],"replies":[{"embeddable":true,"href":"https:\/\/atisistemas.com\/web\/wp-json\/wp\/v2\/comments?post=52"}],"version-history":[{"count":11,"href":"https:\/\/atisistemas.com\/web\/wp-json\/wp\/v2\/pages\/52\/revisions"}],"predecessor-version":[{"id":4112,"href":"https:\/\/atisistemas.com\/web\/wp-json\/wp\/v2\/pages\/52\/revisions\/4112"}],"up":[{"embeddable":true,"href":"https:\/\/atisistemas.com\/web\/wp-json\/wp\/v2\/pages\/11"}],"wp:attachment":[{"href":"https:\/\/atisistemas.com\/web\/wp-json\/wp\/v2\/media?parent=52"}],"curies":[{"name":"wp","href":"https:\/\/api.w.org\/{rel}","templated":true}]}}