{"id":54,"date":"2023-01-28T13:59:48","date_gmt":"2023-01-28T12:59:48","guid":{"rendered":"https:\/\/atisistemas.com\/web\/?page_id=54"},"modified":"2024-04-01T19:42:08","modified_gmt":"2024-04-01T17:42:08","slug":"instrumentacion-industrial","status":"publish","type":"page","link":"https:\/\/atisistemas.com\/web\/es\/productos\/instrumentacion-industrial\/","title":{"rendered":"Instrumentaci\u00f3n industrial"},"content":{"rendered":"\n<div class=\"inherit-container-width wp-block-group alignfull is-layout-constrained wp-container-core-group-is-layout-e1db180a wp-block-group-is-layout-constrained\" style=\"margin-top:0;margin-bottom:0;padding-top:var(--wp--preset--spacing--60);padding-right:var(--wp--preset--spacing--60);padding-bottom:var(--wp--preset--spacing--60);padding-left:var(--wp--preset--spacing--60)\">\n<div class=\"wp-block-columns is-layout-flex wp-container-core-columns-is-layout-28f84493 wp-block-columns-is-layout-flex\">\n<div class=\"wp-block-column is-vertically-aligned-center is-layout-flow wp-block-column-is-layout-flow\" style=\"flex-basis:33%\">\n<figure class=\"wp-block-image aligncenter size-full\"><a href=\"https:\/\/www.emerson.com\/\" target=\"_blank\" rel=\"noreferrer noopener\"><img loading=\"lazy\" decoding=\"async\" width=\"1583\" height=\"663\" src=\"https:\/\/atisistemas.com\/web\/wp-content\/uploads\/2023\/02\/logo-emerson.jpg\" alt=\"Emerson process automation\" class=\"wp-image-1638\" srcset=\"https:\/\/atisistemas.com\/web\/wp-content\/uploads\/2023\/02\/logo-emerson.jpg 1583w, https:\/\/atisistemas.com\/web\/wp-content\/uploads\/2023\/02\/logo-emerson-300x126.jpg 300w, https:\/\/atisistemas.com\/web\/wp-content\/uploads\/2023\/02\/logo-emerson-1024x429.jpg 1024w, https:\/\/atisistemas.com\/web\/wp-content\/uploads\/2023\/02\/logo-emerson-768x322.jpg 768w, https:\/\/atisistemas.com\/web\/wp-content\/uploads\/2023\/02\/logo-emerson-1536x643.jpg 1536w\" sizes=\"auto, (max-width: 1583px) 100vw, 1583px\" \/><\/a><\/figure>\n<\/div>\n\n\n\n<div class=\"wp-block-column is-vertically-aligned-center is-layout-flow wp-block-column-is-layout-flow\" style=\"flex-basis:66%\">\n<p>La instrumentaci\u00f3n es la t\u00e9cnica de la medici\u00f3n y el control automatizados. Las aplicaciones de esta ciencia abundan en la investigaci\u00f3n moderna, la industria y la vida cotidiana. Desde los sistemas de control de los motores de los autom\u00f3viles hasta los termostatos dom\u00e9sticos, pasando por los pilotos autom\u00e1ticos de los aviones, la fabricaci\u00f3n de medicamentos, las centrales el\u00e9ctricas, el petr\u00f3leo y el gas, las refiner\u00edas, etc\u2026<\/p>\n\n\n\n<p>Suministramos instrumentos y sistemas completos de medida y control de procesos industriales, desde su dise\u00f1o e instalaci\u00f3n hasta el mantenimiento o estudios de renovaci\u00f3n de sistemas heredados.<\/p>\n\n\n\n<p>Somos distribuidores oficiales de <a aria-label=\"Emerson (opens in a new tab)\" data-ss1711992084=\"1\" href=\"https:\/\/www.emerson.com\/\" target=\"_blank\" rel=\"noreferrer noopener\" class=\"ek-link\">Emerson<\/a>, uno de los referentes mundiales en la industria.<\/p>\n<\/div>\n<\/div>\n<\/div>\n\n\n\n<div class=\"wp-block-cover alignfull has-parallax has-custom-content-position is-position-top-center box is-style-editorskit-shadow\" style=\"padding-top:0;padding-right:0;padding-bottom:0;padding-left:0;min-height:200px;aspect-ratio:unset;\" id=\"elementos_de_medida\"><span aria-hidden=\"true\" class=\"wp-block-cover__background has-ast-global-color-5-background-color has-background-dim-70 has-background-dim\"><\/span><div role=\"img\" class=\"wp-block-cover__image-background wp-image-926 has-parallax\" style=\"background-position:50% 50%;background-image:url(https:\/\/atisistemas.com\/web\/wp-content\/uploads\/2023\/02\/instrumentacion-industrial.jpg)\"><\/div><div class=\"wp-block-cover__inner-container is-layout-flow wp-block-cover-is-layout-flow\">\n<div class=\"wp-block-columns is-layout-flex wp-container-core-columns-is-layout-d7d455e7 wp-block-columns-is-layout-flex\" style=\"padding-top:0;padding-right:0;padding-bottom:0;padding-left:0\">\n<div class=\"wp-block-column has-background is-layout-flow wp-block-column-is-layout-flow\" style=\"background-color:#ffffffcc;padding-top:2em;padding-right:2em;padding-bottom:2em;padding-left:2em;flex-basis:60%\">\n<h2 class=\"wp-block-heading has-text-align-left has-ast-global-color-2-color has-text-color has-medium-font-size\">Elementos de medida<\/h2>\n\n\n\n<ul style=\"--ek-bullet-color:var(--ast-global-color-0)\" class=\"is-style-arrow has-ast-global-color-2-color has-text-color has-list-bullet-color wp-block-list\">\n<li>Presi\u00f3n: transmisores, presostatos, man\u00f3metros, &#8230;<\/li>\n\n\n\n<li>Temperatura: transmisores, termoelementos (termopares, termorrsistencias, &#8230;), term\u00f3metros, &#8230;<\/li>\n\n\n\n<li>Nivel: transmisores de radar y radar de onda guiada, de ultrasonidos, capacitivos, hidrost\u00e1ticos, indicadores, &#8230;<\/li>\n\n\n\n<li>Caudal: de presi\u00f3n diferencial, coriolis, magn\u00e9ticos, ultrs\u00f3nicos, &#8230;<\/li>\n\n\n\n<li>Composici\u00f3n: detectores de gas, de llama, analizadores de pH, cloro, ORP, &#8230;<\/li>\n<\/ul>\n<\/div>\n\n\n\n<div class=\"wp-block-column is-vertically-aligned-center is-layout-flow wp-block-column-is-layout-flow\"><\/div>\n<\/div>\n<\/div><\/div>\n\n\n\n<div class=\"wp-block-cover alignfull has-parallax has-custom-content-position is-position-top-center box is-style-editorskit-shadow\" style=\"padding-top:0;padding-right:0;padding-bottom:0;padding-left:0;min-height:50px;aspect-ratio:unset;\" id=\"elementos_de_actuacion\"><span aria-hidden=\"true\" class=\"wp-block-cover__background has-ast-global-color-5-background-color has-background-dim-70 has-background-dim\"><\/span><div role=\"img\" class=\"wp-block-cover__image-background wp-image-667 has-parallax\" style=\"background-position:50% 50%;background-image:url(https:\/\/atisistemas.com\/web\/wp-content\/uploads\/2023\/02\/servicios.jpg)\"><\/div><div class=\"wp-block-cover__inner-container is-layout-flow wp-block-cover-is-layout-flow\">\n<div class=\"wp-block-columns is-layout-flex wp-container-core-columns-is-layout-d7d455e7 wp-block-columns-is-layout-flex\" style=\"padding-top:0;padding-right:0;padding-bottom:0;padding-left:0\">\n<div class=\"wp-block-column is-vertically-aligned-center is-layout-flow wp-block-column-is-layout-flow\"><\/div>\n\n\n\n<div class=\"wp-block-column has-background is-layout-flow wp-block-column-is-layout-flow\" style=\"background-color:#ffffffcc;padding-top:2em;padding-right:2em;padding-bottom:2em;padding-left:2em;flex-basis:60%\">\n<h2 class=\"wp-block-heading has-text-align-left has-ast-global-color-2-color has-text-color has-medium-font-size\">Elementos de actuaci\u00f3n y control<\/h2>\n\n\n\n<ul style=\"--ek-bullet-color:var(--ast-global-color-0)\" class=\"is-style-arrow has-ast-global-color-2-color has-text-color has-list-bullet-color wp-block-list\">\n<li>V\u00e1lvulas de control y todo\/nada, con actuaci\u00f3n neum\u00e1tica o el\u00e9ctrica.<\/li>\n\n\n\n<li>Servomotores y motores.<\/li>\n\n\n\n<li>Rel\u00e9s programables, PLC , HMI y SCADAs<\/li>\n<\/ul>\n<\/div>\n<\/div>\n<\/div><\/div>\n","protected":false},"excerpt":{"rendered":"<p>La instrumentaci\u00f3n es la t\u00e9cnica de la medici\u00f3n y el control automatizados. Las aplicaciones de esta ciencia abundan en la investigaci\u00f3n moderna, la industria y la vida cotidiana. Desde los sistemas de control de los motores de los autom\u00f3viles hasta los termostatos dom\u00e9sticos, pasando por los pilotos autom\u00e1ticos de los aviones, la fabricaci\u00f3n de medicamentos, [&hellip;]<\/p>\n","protected":false},"author":1,"featured_media":0,"parent":62,"menu_order":0,"comment_status":"closed","ping_status":"closed","template":"","meta":{"_editorskit_title_hidden":false,"_editorskit_reading_time":0,"_editorskit_is_block_options_detached":false,"_editorskit_block_options_position":"{}","site-sidebar-layout":"default","site-content-layout":"","ast-site-content-layout":"default","site-content-style":"default","site-sidebar-style":"default","ast-global-header-display":"","ast-banner-title-visibility":"","ast-main-header-display":"","ast-hfb-above-header-display":"","ast-hfb-below-header-display":"","ast-hfb-mobile-header-display":"","site-post-title":"","ast-breadcrumbs-content":"","ast-featured-img":"","footer-sml-layout":"","ast-disable-related-posts":"","theme-transparent-header-meta":"","adv-header-id-meta":"","stick-header-meta":"","header-above-stick-meta":"","header-main-stick-meta":"","header-below-stick-meta":"","astra-migrate-meta-layouts":"set","ast-page-background-enabled":"default","ast-page-background-meta":{"desktop":{"background-color":"var(--ast-global-color-4)","background-image":"","background-repeat":"repeat","background-position":"center center","background-size":"auto","background-attachment":"scroll","background-type":"","background-media":"","overlay-type":"","overlay-color":"","overlay-opacity":"","overlay-gradient":""},"tablet":{"background-color":"","background-image":"","background-repeat":"repeat","background-position":"center center","background-size":"auto","background-attachment":"scroll","background-type":"","background-media":"","overlay-type":"","overlay-color":"","overlay-opacity":"","overlay-gradient":""},"mobile":{"background-color":"","background-image":"","background-repeat":"repeat","background-position":"center center","background-size":"auto","background-attachment":"scroll","background-type":"","background-media":"","overlay-type":"","overlay-color":"","overlay-opacity":"","overlay-gradient":""}},"ast-content-background-meta":{"desktop":{"background-color":"var(--ast-global-color-5)","background-image":"","background-repeat":"repeat","background-position":"center center","background-size":"auto","background-attachment":"scroll","background-type":"","background-media":"","overlay-type":"","overlay-color":"","overlay-opacity":"","overlay-gradient":""},"tablet":{"background-color":"var(--ast-global-color-5)","background-image":"","background-repeat":"repeat","background-position":"center center","background-size":"auto","background-attachment":"scroll","background-type":"","background-media":"","overlay-type":"","overlay-color":"","overlay-opacity":"","overlay-gradient":""},"mobile":{"background-color":"var(--ast-global-color-5)","background-image":"","background-repeat":"repeat","background-position":"center center","background-size":"auto","background-attachment":"scroll","background-type":"","background-media":"","overlay-type":"","overlay-color":"","overlay-opacity":"","overlay-gradient":""}},"footnotes":""},"class_list":["post-54","page","type-page","status-publish","hentry"],"yoast_head":"<!-- This site is optimized with the Yoast SEO plugin v27.5 - https:\/\/yoast.com\/product\/yoast-seo-wordpress\/ -->\n<title>Instrumentaci\u00f3n industrial | ATI Sistemas<\/title>\n<meta name=\"description\" content=\"Suministro de instrumentaci\u00f3n industrial. Emerson.\" \/>\n<meta name=\"robots\" content=\"index, follow, max-snippet:-1, max-image-preview:large, max-video-preview:-1\" \/>\n<link rel=\"canonical\" href=\"https:\/\/atisistemas.com\/web\/es\/productos\/instrumentacion-industrial\/\" \/>\n<meta property=\"og:locale\" content=\"es_ES\" \/>\n<meta property=\"og:type\" content=\"article\" \/>\n<meta property=\"og:title\" content=\"Instrumentaci\u00f3n industrial | ATI Sistemas\" \/>\n<meta property=\"og:description\" content=\"Suministro de instrumentaci\u00f3n industrial. Emerson.\" \/>\n<meta property=\"og:url\" content=\"https:\/\/atisistemas.com\/web\/es\/productos\/instrumentacion-industrial\/\" \/>\n<meta property=\"og:site_name\" content=\"ATI Sistemas\" \/>\n<meta property=\"article:modified_time\" content=\"2024-04-01T17:42:08+00:00\" \/>\n<meta property=\"og:image\" content=\"https:\/\/atisistemas.com\/web\/wp-content\/uploads\/2023\/02\/logo-emerson.jpg\" \/>\n<meta name=\"twitter:card\" content=\"summary_large_image\" \/>\n<script type=\"application\/ld+json\" class=\"yoast-schema-graph\">{\"@context\":\"https:\\\/\\\/schema.org\",\"@graph\":[{\"@type\":\"WebPage\",\"@id\":\"https:\\\/\\\/atisistemas.com\\\/web\\\/es\\\/productos\\\/instrumentacion-industrial\\\/\",\"url\":\"https:\\\/\\\/atisistemas.com\\\/web\\\/es\\\/productos\\\/instrumentacion-industrial\\\/\",\"name\":\"Instrumentaci\u00f3n industrial | ATI Sistemas\",\"isPartOf\":{\"@id\":\"https:\\\/\\\/atisistemas.com\\\/web\\\/#website\"},\"primaryImageOfPage\":{\"@id\":\"https:\\\/\\\/atisistemas.com\\\/web\\\/es\\\/productos\\\/instrumentacion-industrial\\\/#primaryimage\"},\"image\":{\"@id\":\"https:\\\/\\\/atisistemas.com\\\/web\\\/es\\\/productos\\\/instrumentacion-industrial\\\/#primaryimage\"},\"thumbnailUrl\":\"https:\\\/\\\/atisistemas.com\\\/web\\\/wp-content\\\/uploads\\\/2023\\\/02\\\/logo-emerson.jpg\",\"datePublished\":\"2023-01-28T12:59:48+00:00\",\"dateModified\":\"2024-04-01T17:42:08+00:00\",\"description\":\"Suministro de instrumentaci\u00f3n industrial. Emerson.\",\"breadcrumb\":{\"@id\":\"https:\\\/\\\/atisistemas.com\\\/web\\\/es\\\/productos\\\/instrumentacion-industrial\\\/#breadcrumb\"},\"inLanguage\":\"es\",\"potentialAction\":[{\"@type\":\"ReadAction\",\"target\":[\"https:\\\/\\\/atisistemas.com\\\/web\\\/es\\\/productos\\\/instrumentacion-industrial\\\/\"]}]},{\"@type\":\"ImageObject\",\"inLanguage\":\"es\",\"@id\":\"https:\\\/\\\/atisistemas.com\\\/web\\\/es\\\/productos\\\/instrumentacion-industrial\\\/#primaryimage\",\"url\":\"https:\\\/\\\/atisistemas.com\\\/web\\\/wp-content\\\/uploads\\\/2023\\\/02\\\/logo-emerson.jpg\",\"contentUrl\":\"https:\\\/\\\/atisistemas.com\\\/web\\\/wp-content\\\/uploads\\\/2023\\\/02\\\/logo-emerson.jpg\",\"width\":1583,\"height\":663,\"caption\":\"Emerson process automation\"},{\"@type\":\"BreadcrumbList\",\"@id\":\"https:\\\/\\\/atisistemas.com\\\/web\\\/es\\\/productos\\\/instrumentacion-industrial\\\/#breadcrumb\",\"itemListElement\":[{\"@type\":\"ListItem\",\"position\":1,\"name\":\"Inicio\",\"item\":\"https:\\\/\\\/atisistemas.com\\\/web\\\/es\\\/inicio\\\/\"},{\"@type\":\"ListItem\",\"position\":2,\"name\":\"Productos\",\"item\":\"https:\\\/\\\/atisistemas.com\\\/web\\\/es\\\/productos\\\/\"},{\"@type\":\"ListItem\",\"position\":3,\"name\":\"Instrumentaci\u00f3n industrial\"}]},{\"@type\":\"WebSite\",\"@id\":\"https:\\\/\\\/atisistemas.com\\\/web\\\/#website\",\"url\":\"https:\\\/\\\/atisistemas.com\\\/web\\\/\",\"name\":\"ATI Sistemas\",\"description\":\"ATI Sistemas\",\"publisher\":{\"@id\":\"https:\\\/\\\/atisistemas.com\\\/web\\\/#organization\"},\"alternateName\":\"ATI\",\"potentialAction\":[{\"@type\":\"SearchAction\",\"target\":{\"@type\":\"EntryPoint\",\"urlTemplate\":\"https:\\\/\\\/atisistemas.com\\\/web\\\/?s={search_term_string}\"},\"query-input\":{\"@type\":\"PropertyValueSpecification\",\"valueRequired\":true,\"valueName\":\"search_term_string\"}}],\"inLanguage\":\"es\"},{\"@type\":\"Organization\",\"@id\":\"https:\\\/\\\/atisistemas.com\\\/web\\\/#organization\",\"name\":\"ATI Sistemas\",\"alternateName\":\"ATI\",\"url\":\"https:\\\/\\\/atisistemas.com\\\/web\\\/\",\"logo\":{\"@type\":\"ImageObject\",\"inLanguage\":\"es\",\"@id\":\"https:\\\/\\\/atisistemas.com\\\/web\\\/#\\\/schema\\\/logo\\\/image\\\/\",\"url\":\"https:\\\/\\\/atisistemas.com\\\/web\\\/wp-content\\\/uploads\\\/2023\\\/01\\\/logo-transparente.png\",\"contentUrl\":\"https:\\\/\\\/atisistemas.com\\\/web\\\/wp-content\\\/uploads\\\/2023\\\/01\\\/logo-transparente.png\",\"width\":180,\"height\":75,\"caption\":\"ATI Sistemas\"},\"image\":{\"@id\":\"https:\\\/\\\/atisistemas.com\\\/web\\\/#\\\/schema\\\/logo\\\/image\\\/\"}}]}<\/script>\n<!-- \/ Yoast SEO plugin. -->","yoast_head_json":{"title":"Instrumentaci\u00f3n industrial | ATI Sistemas","description":"Suministro de instrumentaci\u00f3n industrial. Emerson.","robots":{"index":"index","follow":"follow","max-snippet":"max-snippet:-1","max-image-preview":"max-image-preview:large","max-video-preview":"max-video-preview:-1"},"canonical":"https:\/\/atisistemas.com\/web\/es\/productos\/instrumentacion-industrial\/","og_locale":"es_ES","og_type":"article","og_title":"Instrumentaci\u00f3n industrial | ATI Sistemas","og_description":"Suministro de instrumentaci\u00f3n industrial. Emerson.","og_url":"https:\/\/atisistemas.com\/web\/es\/productos\/instrumentacion-industrial\/","og_site_name":"ATI Sistemas","article_modified_time":"2024-04-01T17:42:08+00:00","og_image":[{"url":"https:\/\/atisistemas.com\/web\/wp-content\/uploads\/2023\/02\/logo-emerson.jpg","type":"","width":"","height":""}],"twitter_card":"summary_large_image","schema":{"@context":"https:\/\/schema.org","@graph":[{"@type":"WebPage","@id":"https:\/\/atisistemas.com\/web\/es\/productos\/instrumentacion-industrial\/","url":"https:\/\/atisistemas.com\/web\/es\/productos\/instrumentacion-industrial\/","name":"Instrumentaci\u00f3n industrial | ATI Sistemas","isPartOf":{"@id":"https:\/\/atisistemas.com\/web\/#website"},"primaryImageOfPage":{"@id":"https:\/\/atisistemas.com\/web\/es\/productos\/instrumentacion-industrial\/#primaryimage"},"image":{"@id":"https:\/\/atisistemas.com\/web\/es\/productos\/instrumentacion-industrial\/#primaryimage"},"thumbnailUrl":"https:\/\/atisistemas.com\/web\/wp-content\/uploads\/2023\/02\/logo-emerson.jpg","datePublished":"2023-01-28T12:59:48+00:00","dateModified":"2024-04-01T17:42:08+00:00","description":"Suministro de instrumentaci\u00f3n industrial. Emerson.","breadcrumb":{"@id":"https:\/\/atisistemas.com\/web\/es\/productos\/instrumentacion-industrial\/#breadcrumb"},"inLanguage":"es","potentialAction":[{"@type":"ReadAction","target":["https:\/\/atisistemas.com\/web\/es\/productos\/instrumentacion-industrial\/"]}]},{"@type":"ImageObject","inLanguage":"es","@id":"https:\/\/atisistemas.com\/web\/es\/productos\/instrumentacion-industrial\/#primaryimage","url":"https:\/\/atisistemas.com\/web\/wp-content\/uploads\/2023\/02\/logo-emerson.jpg","contentUrl":"https:\/\/atisistemas.com\/web\/wp-content\/uploads\/2023\/02\/logo-emerson.jpg","width":1583,"height":663,"caption":"Emerson process automation"},{"@type":"BreadcrumbList","@id":"https:\/\/atisistemas.com\/web\/es\/productos\/instrumentacion-industrial\/#breadcrumb","itemListElement":[{"@type":"ListItem","position":1,"name":"Inicio","item":"https:\/\/atisistemas.com\/web\/es\/inicio\/"},{"@type":"ListItem","position":2,"name":"Productos","item":"https:\/\/atisistemas.com\/web\/es\/productos\/"},{"@type":"ListItem","position":3,"name":"Instrumentaci\u00f3n industrial"}]},{"@type":"WebSite","@id":"https:\/\/atisistemas.com\/web\/#website","url":"https:\/\/atisistemas.com\/web\/","name":"ATI Sistemas","description":"ATI Sistemas","publisher":{"@id":"https:\/\/atisistemas.com\/web\/#organization"},"alternateName":"ATI","potentialAction":[{"@type":"SearchAction","target":{"@type":"EntryPoint","urlTemplate":"https:\/\/atisistemas.com\/web\/?s={search_term_string}"},"query-input":{"@type":"PropertyValueSpecification","valueRequired":true,"valueName":"search_term_string"}}],"inLanguage":"es"},{"@type":"Organization","@id":"https:\/\/atisistemas.com\/web\/#organization","name":"ATI Sistemas","alternateName":"ATI","url":"https:\/\/atisistemas.com\/web\/","logo":{"@type":"ImageObject","inLanguage":"es","@id":"https:\/\/atisistemas.com\/web\/#\/schema\/logo\/image\/","url":"https:\/\/atisistemas.com\/web\/wp-content\/uploads\/2023\/01\/logo-transparente.png","contentUrl":"https:\/\/atisistemas.com\/web\/wp-content\/uploads\/2023\/01\/logo-transparente.png","width":180,"height":75,"caption":"ATI Sistemas"},"image":{"@id":"https:\/\/atisistemas.com\/web\/#\/schema\/logo\/image\/"}}]}},"_links":{"self":[{"href":"https:\/\/atisistemas.com\/web\/wp-json\/wp\/v2\/pages\/54","targetHints":{"allow":["GET"]}}],"collection":[{"href":"https:\/\/atisistemas.com\/web\/wp-json\/wp\/v2\/pages"}],"about":[{"href":"https:\/\/atisistemas.com\/web\/wp-json\/wp\/v2\/types\/page"}],"author":[{"embeddable":true,"href":"https:\/\/atisistemas.com\/web\/wp-json\/wp\/v2\/users\/1"}],"replies":[{"embeddable":true,"href":"https:\/\/atisistemas.com\/web\/wp-json\/wp\/v2\/comments?post=54"}],"version-history":[{"count":10,"href":"https:\/\/atisistemas.com\/web\/wp-json\/wp\/v2\/pages\/54\/revisions"}],"predecessor-version":[{"id":4221,"href":"https:\/\/atisistemas.com\/web\/wp-json\/wp\/v2\/pages\/54\/revisions\/4221"}],"up":[{"embeddable":true,"href":"https:\/\/atisistemas.com\/web\/wp-json\/wp\/v2\/pages\/62"}],"wp:attachment":[{"href":"https:\/\/atisistemas.com\/web\/wp-json\/wp\/v2\/media?parent=54"}],"curies":[{"name":"wp","href":"https:\/\/api.w.org\/{rel}","templated":true}]}}