{"id":62,"date":"2023-02-20T13:29:02","date_gmt":"2023-02-20T12:29:02","guid":{"rendered":"https:\/\/atisistemas.com\/web\/?page_id=62"},"modified":"2025-12-08T15:07:36","modified_gmt":"2025-12-08T14:07:36","slug":"productos","status":"publish","type":"page","link":"https:\/\/atisistemas.com\/web\/es\/productos\/","title":{"rendered":"Productos"},"content":{"rendered":"\n<div class=\"wp-block-cover alignfull has-parallax has-custom-content-position is-position-top-center box is-style-editorskit-shadow\" style=\"padding-top:0;padding-right:0;padding-bottom:0;padding-left:0;min-height:200px;aspect-ratio:unset;\" id=\"deteccion_de_fugas\"><div class=\"wp-block-cover__image-background wp-image-4383 size-full has-parallax\" style=\"background-position:50% 50%;background-image:url(https:\/\/atisistemas.com\/web\/wp-content\/uploads\/2025\/09\/leak.webp)\"><\/div><span aria-hidden=\"true\" class=\"wp-block-cover__background has-ast-global-color-5-background-color has-background-dim-70 has-background-dim\"><\/span><div class=\"wp-block-cover__inner-container is-layout-flow wp-block-cover-is-layout-flow\">\n<div class=\"wp-block-columns is-layout-flex wp-container-core-columns-is-layout-28f84493 wp-block-columns-is-layout-flex\">\n<div class=\"wp-block-column has-background is-layout-flow wp-block-column-is-layout-flow\" style=\"background-color:#ffffffcc;padding-top:2em;padding-right:2em;padding-bottom:2em;padding-left:2em;flex-basis:60%\">\n<h2 class=\"wp-block-heading has-text-align-left has-ast-global-color-2-color has-text-color has-medium-font-size\" style=\"margin-top:1em;margin-right:1em;margin-bottom:1em;margin-left:1em\">Detecci\u00f3n de fugas<\/h2>\n\n\n\n<p class=\"has-ast-global-color-2-color has-text-color\" style=\"margin-top:1em;margin-right:1em;margin-bottom:1em;margin-left:1em\">Como distribuidores para Espa\u00f1a de&nbsp;<a href=\"https:\/\/www.permalert.com\/\" target=\"_blank\" rel=\"noreferrer noopener\">PermAlert<\/a>, suministramos la soluci\u00f3n completa (proyectos llave en mano), desde el dise\u00f1o inicial, pasando por la instalaci\u00f3n y puesta en marcha y concluyendo con la integraci\u00f3n en BMS del sistema de detecci\u00f3n de fugas. Los sistemas que instalamos se basan en la tecnolog\u00eda TDR (Reflectometr\u00eda en Dominio de Tiempo), que destaca por ser una tecnolog\u00eda aplicable a gran variedad de l\u00edquidos (agua, hidrocarburos, diel\u00e9ctricos), a la vez que ofrece tiempos de detecci\u00f3n muy r\u00e1pidos y precisos.<\/p>\n\n\n\n<div class=\"wp-block-group is-content-justification-center is-layout-flex wp-container-core-group-is-layout-ada00063 wp-block-group-is-layout-flex\" style=\"padding-top:0;padding-right:0;padding-bottom:0;padding-left:0\">\n<div class=\"wp-block-cover alignfull vermas is-style-editorskit-shadow ek-linked-block ek-linked-block-animate\" style=\"margin-top:0em;margin-bottom:0em;padding-top:0;padding-right:0;padding-bottom:0;padding-left:0;min-height:2em;aspect-ratio:unset;\"><span aria-hidden=\"true\" class=\"wp-block-cover__background has-ast-global-color-0-background-color has-background-dim-100 has-background-dim\"><\/span><div class=\"wp-block-cover__inner-container is-layout-flow wp-block-cover-is-layout-flow\">\n<p class=\"has-text-align-center has-ast-global-color-5-color has-text-color has-link-color wp-elements-f8bbc4f31e3ee052e7e3a961c9b9e616\"><i class=\"fas fa-arrow-right-long\"><\/i><\/p>\n<\/div><a href=\"https:\/\/atisistemas.com\/web\/es\/productos\/deteccion-de-fugas\/\" class=\"editorskit-block-link\" rel=\"\"><\/a><\/div>\n<\/div>\n<\/div>\n\n\n\n<div class=\"wp-block-column is-vertically-aligned-center is-layout-flow wp-block-column-is-layout-flow\"><\/div>\n<\/div>\n<\/div><\/div>\n\n\n\n<div class=\"wp-block-cover alignfull has-parallax has-custom-content-position is-position-top-center box is-style-editorskit-shadow\" style=\"padding-top:0;padding-right:0;padding-bottom:0;padding-left:0;min-height:200px;aspect-ratio:unset;\" id=\"instrumentacion_industrial\"><div class=\"wp-block-cover__image-background wp-image-861 has-parallax\" style=\"background-position:50% 50%;background-image:url(https:\/\/atisistemas.com\/web\/wp-content\/uploads\/2023\/02\/automatizacion-de-procesos.jpg)\"><\/div><span aria-hidden=\"true\" class=\"wp-block-cover__background has-ast-global-color-5-background-color has-background-dim-70 has-background-dim\"><\/span><div class=\"wp-block-cover__inner-container is-layout-flow wp-block-cover-is-layout-flow\">\n<div class=\"wp-block-columns is-layout-flex wp-container-core-columns-is-layout-28f84493 wp-block-columns-is-layout-flex\">\n<div class=\"wp-block-column is-vertically-aligned-center is-layout-flow wp-block-column-is-layout-flow\"><\/div>\n\n\n\n<div class=\"wp-block-column has-background is-layout-flow wp-block-column-is-layout-flow\" style=\"background-color:#ffffffcc;padding-top:2em;padding-right:2em;padding-bottom:2em;padding-left:2em;flex-basis:60%\">\n<h2 class=\"wp-block-heading has-text-align-left has-ast-global-color-2-color has-text-color has-medium-font-size\" style=\"margin-top:1em;margin-right:1em;margin-bottom:1em;margin-left:1em\">Instrumentaci\u00f3n industrial<\/h2>\n\n\n\n<p class=\"has-ast-global-color-2-color has-text-color\" style=\"margin-top:1em;margin-right:1em;margin-bottom:1em;margin-left:1em\">Suministramos instrumentaci\u00f3n y sistemas para medici\u00f3n y control de sistemas industriales, apoy\u00e1ndonos en nuestro departamento t\u00e9cnico para ayudar a nuestros clientes a seleccionar la mejor opci\u00f3n para su proceso.<\/p>\n\n\n\n<div class=\"wp-block-group is-content-justification-center is-layout-flex wp-container-core-group-is-layout-ada00063 wp-block-group-is-layout-flex\" style=\"padding-top:0;padding-right:0;padding-bottom:0;padding-left:0\">\n<div class=\"wp-block-cover alignfull vermas is-style-editorskit-shadow ek-linked-block ek-linked-block-animate\" style=\"margin-top:0em;margin-bottom:0em;padding-top:0;padding-right:0;padding-bottom:0;padding-left:0;min-height:2em;aspect-ratio:unset;\"><span aria-hidden=\"true\" class=\"wp-block-cover__background has-ast-global-color-0-background-color has-background-dim-100 has-background-dim\"><\/span><div class=\"wp-block-cover__inner-container is-layout-flow wp-block-cover-is-layout-flow\">\n<p class=\"has-text-align-center has-ast-global-color-5-color has-text-color has-link-color wp-elements-f8bbc4f31e3ee052e7e3a961c9b9e616\"><i class=\"fas fa-arrow-right-long\"><\/i><\/p>\n<\/div><a href=\"https:\/\/atisistemas.com\/web\/es\/productos\/instrumentacion-industrial\/\" class=\"editorskit-block-link\" rel=\"\"><\/a><\/div>\n<\/div>\n<\/div>\n<\/div>\n<\/div><\/div>\n\n\n\n<div class=\"wp-block-cover alignfull has-parallax has-custom-content-position is-position-top-center box is-style-editorskit-shadow\" style=\"padding-top:0;padding-right:0;padding-bottom:0;padding-left:0;min-height:200px;aspect-ratio:unset;\" id=\"traceado_electrico\"><div class=\"wp-block-cover__image-background wp-image-3683 has-parallax\" style=\"background-position:50% 50%;background-image:url(https:\/\/atisistemas.com\/web\/wp-content\/uploads\/2023\/03\/sw_compass.jpg)\"><\/div><span aria-hidden=\"true\" class=\"wp-block-cover__background has-ast-global-color-5-background-color has-background-dim-70 has-background-dim\"><\/span><div class=\"wp-block-cover__inner-container is-layout-flow wp-block-cover-is-layout-flow\">\n<div class=\"wp-block-columns is-layout-flex wp-container-core-columns-is-layout-28f84493 wp-block-columns-is-layout-flex\">\n<div class=\"wp-block-column has-background is-layout-flow wp-block-column-is-layout-flow\" style=\"background-color:#ffffffcc;padding-top:2em;padding-right:2em;padding-bottom:2em;padding-left:2em;flex-basis:60%\">\n<h2 class=\"wp-block-heading has-text-align-left has-ast-global-color-2-color has-text-color has-medium-font-size\" style=\"margin-top:1em;margin-right:1em;margin-bottom:1em;margin-left:1em\">Instrumentaci\u00f3n cient\u00edfica<\/h2>\n\n\n\n<p class=\"has-ast-global-color-2-color has-text-color\" style=\"margin-top:1em;margin-right:1em;margin-bottom:1em;margin-left:1em\">Somos distribuidores de instrumentaci\u00f3n para investigaci\u00f3n en f\u00edsica de altas energ\u00edas, con exclusividad para Espa\u00f1a de productos CAEN. Colaboramos con centros de investigaci\u00f3n y universidades para localizar, especificar y suministrar equipos y componentes cr\u00edticos para investigaci\u00f3n.<\/p>\n\n\n\n<div class=\"wp-block-group is-content-justification-center is-layout-flex wp-container-core-group-is-layout-ada00063 wp-block-group-is-layout-flex\" style=\"padding-top:0;padding-right:0;padding-bottom:0;padding-left:0\">\n<div class=\"wp-block-cover alignfull vermas is-style-editorskit-shadow ek-linked-block ek-linked-block-animate\" style=\"margin-top:0em;margin-bottom:0em;padding-top:0;padding-right:0;padding-bottom:0;padding-left:0;min-height:2em;aspect-ratio:unset;\"><span aria-hidden=\"true\" class=\"wp-block-cover__background has-ast-global-color-0-background-color has-background-dim-100 has-background-dim\"><\/span><div class=\"wp-block-cover__inner-container is-layout-flow wp-block-cover-is-layout-flow\">\n<p class=\"has-text-align-center has-ast-global-color-5-color has-text-color has-link-color wp-elements-f8bbc4f31e3ee052e7e3a961c9b9e616\"><i class=\"fas fa-arrow-right-long\"><\/i><\/p>\n<\/div><a href=\"https:\/\/atisistemas.com\/web\/es\/productos\/instrumentacion-cientifica\/\" class=\"editorskit-block-link\" rel=\"\"><\/a><\/div>\n<\/div>\n<\/div>\n\n\n\n<div class=\"wp-block-column is-vertically-aligned-center is-layout-flow wp-block-column-is-layout-flow\"><\/div>\n<\/div>\n<\/div><\/div>\n\n\n\n<div class=\"wp-block-cover alignfull has-parallax has-custom-content-position is-position-top-center box is-style-editorskit-shadow\" style=\"padding-top:0;padding-right:0;padding-bottom:0;padding-left:0;min-height:300px;aspect-ratio:unset;\" id=\"instrumentacion_cientifica\"><div class=\"wp-block-cover__image-background wp-image-3272 has-parallax\" style=\"background-position:50% 50%;background-image:url(https:\/\/atisistemas.com\/web\/wp-content\/uploads\/2023\/02\/traceado_electrico-1.jpg)\"><\/div><span aria-hidden=\"true\" class=\"wp-block-cover__background has-ast-global-color-5-background-color has-background-dim-70 has-background-dim\"><\/span><div class=\"wp-block-cover__inner-container is-layout-flow wp-block-cover-is-layout-flow\">\n<div class=\"wp-block-columns is-layout-flex wp-container-core-columns-is-layout-28f84493 wp-block-columns-is-layout-flex\">\n<div class=\"wp-block-column is-vertically-aligned-center is-layout-flow wp-block-column-is-layout-flow\"><\/div>\n\n\n\n<div class=\"wp-block-column has-background is-layout-flow wp-block-column-is-layout-flow\" style=\"background-color:#ffffffcc;padding-top:2em;padding-right:2em;padding-bottom:2em;padding-left:2em;flex-basis:60%\">\n<h2 class=\"wp-block-heading has-text-align-left has-ast-global-color-2-color has-text-color has-medium-font-size\" style=\"margin-top:1em;margin-right:1em;margin-bottom:1em;margin-left:1em\">Traceado el\u00e9ctrico<\/h2>\n\n\n\n<p class=\"has-ast-global-color-2-color has-text-color\" style=\"margin-top:1em;margin-right:1em;margin-bottom:1em;margin-left:1em\">La tecnolog\u00eda de traceado el\u00e9ctrico busca solucionar las necesidades de control y estabilizaci\u00f3n de temperatura, no solo en elementos de proceso como tanques o reactores, sino en componentes de trasiego como tuber\u00edas, v\u00e1lvulas o instrumentos. Destaca por ser un sistema limpio y eficaz que ha probado su coste reducido en comparaci\u00f3n a otras tecnolog\u00edas, especialmente cuando va acompa\u00f1ado de un control de tiempo y temperatura a medida.<\/p>\n\n\n\n<p class=\"has-ast-global-color-2-color has-text-color\" style=\"margin-top:1em;margin-right:1em;margin-bottom:1em;margin-left:1em\">Suministramos sistemas completos de traceado el\u00e9ctrico, desde el dise\u00f1o hasta la instalaci\u00f3n, supervisi\u00f3n y puesta en marcha, incluyendo tanto los elementos espec\u00edficos del traceado (cables, sistemas de alimentaci\u00f3n, \u2026) como los elementos de control, supervisi\u00f3n e integraci\u00f3n con los sistemas de control de planta preexistentes.<\/p>\n\n\n\n<div class=\"wp-block-group is-content-justification-center is-layout-flex wp-container-core-group-is-layout-ada00063 wp-block-group-is-layout-flex\" style=\"padding-top:0;padding-right:0;padding-bottom:0;padding-left:0\">\n<div class=\"wp-block-cover alignfull vermas is-style-editorskit-shadow ek-linked-block ek-linked-block-animate\" style=\"margin-top:0em;margin-bottom:0em;padding-top:0;padding-right:0;padding-bottom:0;padding-left:0;min-height:2em;aspect-ratio:unset;\"><span aria-hidden=\"true\" class=\"wp-block-cover__background has-ast-global-color-0-background-color has-background-dim-100 has-background-dim\"><\/span><div class=\"wp-block-cover__inner-container is-layout-flow wp-block-cover-is-layout-flow\">\n<p class=\"has-text-align-center has-ast-global-color-5-color has-text-color has-link-color wp-elements-f8bbc4f31e3ee052e7e3a961c9b9e616\"><i class=\"fas fa-arrow-right-long\"><\/i><\/p>\n<\/div><a href=\"https:\/\/atisistemas.com\/web\/es\/productos\/traceado-electrico\/\" class=\"editorskit-block-link\" rel=\"\"><\/a><\/div>\n<\/div>\n<\/div>\n<\/div>\n<\/div><\/div>\n","protected":false},"excerpt":{"rendered":"","protected":false},"author":1,"featured_media":0,"parent":0,"menu_order":0,"comment_status":"closed","ping_status":"closed","template":"","meta":{"_editorskit_title_hidden":false,"_editorskit_reading_time":2,"_editorskit_is_block_options_detached":false,"_editorskit_block_options_position":"{}","site-sidebar-layout":"default","site-content-layout":"","ast-site-content-layout":"default","site-content-style":"default","site-sidebar-style":"default","ast-global-header-display":"","ast-banner-title-visibility":"","ast-main-header-display":"","ast-hfb-above-header-display":"","ast-hfb-below-header-display":"","ast-hfb-mobile-header-display":"","site-post-title":"","ast-breadcrumbs-content":"","ast-featured-img":"","footer-sml-layout":"","ast-disable-related-posts":"","theme-transparent-header-meta":"","adv-header-id-meta":"","stick-header-meta":"","header-above-stick-meta":"","header-main-stick-meta":"","header-below-stick-meta":"","astra-migrate-meta-layouts":"set","ast-page-background-enabled":"default","ast-page-background-meta":{"desktop":{"background-color":"var(--ast-global-color-4)","background-image":"","background-repeat":"repeat","background-position":"center center","background-size":"auto","background-attachment":"scroll","background-type":"","background-media":"","overlay-type":"","overlay-color":"","overlay-opacity":"","overlay-gradient":""},"tablet":{"background-color":"","background-image":"","background-repeat":"repeat","background-position":"center center","background-size":"auto","background-attachment":"scroll","background-type":"","background-media":"","overlay-type":"","overlay-color":"","overlay-opacity":"","overlay-gradient":""},"mobile":{"background-color":"","background-image":"","background-repeat":"repeat","background-position":"center center","background-size":"auto","background-attachment":"scroll","background-type":"","background-media":"","overlay-type":"","overlay-color":"","overlay-opacity":"","overlay-gradient":""}},"ast-content-background-meta":{"desktop":{"background-color":"var(--ast-global-color-5)","background-image":"","background-repeat":"repeat","background-position":"center center","background-size":"auto","background-attachment":"scroll","background-type":"","background-media":"","overlay-type":"","overlay-color":"","overlay-opacity":"","overlay-gradient":""},"tablet":{"background-color":"var(--ast-global-color-5)","background-image":"","background-repeat":"repeat","background-position":"center center","background-size":"auto","background-attachment":"scroll","background-type":"","background-media":"","overlay-type":"","overlay-color":"","overlay-opacity":"","overlay-gradient":""},"mobile":{"background-color":"var(--ast-global-color-5)","background-image":"","background-repeat":"repeat","background-position":"center center","background-size":"auto","background-attachment":"scroll","background-type":"","background-media":"","overlay-type":"","overlay-color":"","overlay-opacity":"","overlay-gradient":""}},"footnotes":""},"class_list":["post-62","page","type-page","status-publish","hentry"],"yoast_head":"<!-- This site is optimized with the Yoast SEO plugin v27.5 - https:\/\/yoast.com\/product\/yoast-seo-wordpress\/ -->\n<title>Productos | ATI Sistemas<\/title>\n<meta name=\"description\" content=\"Suministro de instrumentaci\u00f3n industrial y para investigaci\u00f3n. Traceado el\u00e9ctrico.\" \/>\n<meta name=\"robots\" content=\"index, follow, max-snippet:-1, max-image-preview:large, max-video-preview:-1\" \/>\n<link rel=\"canonical\" href=\"https:\/\/atisistemas.com\/web\/es\/productos\/\" \/>\n<meta property=\"og:locale\" content=\"es_ES\" \/>\n<meta property=\"og:type\" content=\"article\" \/>\n<meta property=\"og:title\" content=\"Productos | ATI Sistemas\" \/>\n<meta property=\"og:description\" content=\"Suministro de instrumentaci\u00f3n industrial y para investigaci\u00f3n. Traceado el\u00e9ctrico.\" \/>\n<meta property=\"og:url\" content=\"https:\/\/atisistemas.com\/web\/es\/productos\/\" \/>\n<meta property=\"og:site_name\" content=\"ATI Sistemas\" \/>\n<meta property=\"article:modified_time\" content=\"2025-12-08T14:07:36+00:00\" \/>\n<meta property=\"og:image\" content=\"https:\/\/atisistemas.com\/web\/wp-content\/uploads\/2023\/01\/logo-transparente.png\" \/>\n\t<meta property=\"og:image:width\" content=\"180\" \/>\n\t<meta property=\"og:image:height\" content=\"75\" \/>\n\t<meta property=\"og:image:type\" content=\"image\/png\" \/>\n<meta name=\"twitter:card\" content=\"summary_large_image\" \/>\n<meta name=\"twitter:label1\" content=\"Tiempo de lectura\" \/>\n\t<meta name=\"twitter:data1\" content=\"2 minutos\" \/>\n<script type=\"application\/ld+json\" class=\"yoast-schema-graph\">{\"@context\":\"https:\\\/\\\/schema.org\",\"@graph\":[{\"@type\":\"WebPage\",\"@id\":\"https:\\\/\\\/atisistemas.com\\\/web\\\/es\\\/productos\\\/\",\"url\":\"https:\\\/\\\/atisistemas.com\\\/web\\\/es\\\/productos\\\/\",\"name\":\"Productos | ATI Sistemas\",\"isPartOf\":{\"@id\":\"https:\\\/\\\/atisistemas.com\\\/web\\\/#website\"},\"datePublished\":\"2023-02-20T12:29:02+00:00\",\"dateModified\":\"2025-12-08T14:07:36+00:00\",\"description\":\"Suministro de instrumentaci\u00f3n industrial y para investigaci\u00f3n. Traceado el\u00e9ctrico.\",\"breadcrumb\":{\"@id\":\"https:\\\/\\\/atisistemas.com\\\/web\\\/es\\\/productos\\\/#breadcrumb\"},\"inLanguage\":\"es\",\"potentialAction\":[{\"@type\":\"ReadAction\",\"target\":[\"https:\\\/\\\/atisistemas.com\\\/web\\\/es\\\/productos\\\/\"]}]},{\"@type\":\"BreadcrumbList\",\"@id\":\"https:\\\/\\\/atisistemas.com\\\/web\\\/es\\\/productos\\\/#breadcrumb\",\"itemListElement\":[{\"@type\":\"ListItem\",\"position\":1,\"name\":\"Inicio\",\"item\":\"https:\\\/\\\/atisistemas.com\\\/web\\\/es\\\/inicio\\\/\"},{\"@type\":\"ListItem\",\"position\":2,\"name\":\"Productos\"}]},{\"@type\":\"WebSite\",\"@id\":\"https:\\\/\\\/atisistemas.com\\\/web\\\/#website\",\"url\":\"https:\\\/\\\/atisistemas.com\\\/web\\\/\",\"name\":\"ATI Sistemas\",\"description\":\"ATI Sistemas\",\"publisher\":{\"@id\":\"https:\\\/\\\/atisistemas.com\\\/web\\\/#organization\"},\"alternateName\":\"ATI\",\"potentialAction\":[{\"@type\":\"SearchAction\",\"target\":{\"@type\":\"EntryPoint\",\"urlTemplate\":\"https:\\\/\\\/atisistemas.com\\\/web\\\/?s={search_term_string}\"},\"query-input\":{\"@type\":\"PropertyValueSpecification\",\"valueRequired\":true,\"valueName\":\"search_term_string\"}}],\"inLanguage\":\"es\"},{\"@type\":\"Organization\",\"@id\":\"https:\\\/\\\/atisistemas.com\\\/web\\\/#organization\",\"name\":\"ATI Sistemas\",\"alternateName\":\"ATI\",\"url\":\"https:\\\/\\\/atisistemas.com\\\/web\\\/\",\"logo\":{\"@type\":\"ImageObject\",\"inLanguage\":\"es\",\"@id\":\"https:\\\/\\\/atisistemas.com\\\/web\\\/#\\\/schema\\\/logo\\\/image\\\/\",\"url\":\"https:\\\/\\\/atisistemas.com\\\/web\\\/wp-content\\\/uploads\\\/2023\\\/01\\\/logo-transparente.png\",\"contentUrl\":\"https:\\\/\\\/atisistemas.com\\\/web\\\/wp-content\\\/uploads\\\/2023\\\/01\\\/logo-transparente.png\",\"width\":180,\"height\":75,\"caption\":\"ATI Sistemas\"},\"image\":{\"@id\":\"https:\\\/\\\/atisistemas.com\\\/web\\\/#\\\/schema\\\/logo\\\/image\\\/\"}}]}<\/script>\n<!-- \/ Yoast SEO plugin. -->","yoast_head_json":{"title":"Productos | ATI Sistemas","description":"Suministro de instrumentaci\u00f3n industrial y para investigaci\u00f3n. Traceado el\u00e9ctrico.","robots":{"index":"index","follow":"follow","max-snippet":"max-snippet:-1","max-image-preview":"max-image-preview:large","max-video-preview":"max-video-preview:-1"},"canonical":"https:\/\/atisistemas.com\/web\/es\/productos\/","og_locale":"es_ES","og_type":"article","og_title":"Productos | ATI Sistemas","og_description":"Suministro de instrumentaci\u00f3n industrial y para investigaci\u00f3n. Traceado el\u00e9ctrico.","og_url":"https:\/\/atisistemas.com\/web\/es\/productos\/","og_site_name":"ATI Sistemas","article_modified_time":"2025-12-08T14:07:36+00:00","og_image":[{"width":180,"height":75,"url":"https:\/\/atisistemas.com\/web\/wp-content\/uploads\/2023\/01\/logo-transparente.png","type":"image\/png"}],"twitter_card":"summary_large_image","twitter_misc":{"Tiempo de lectura":"2 minutos"},"schema":{"@context":"https:\/\/schema.org","@graph":[{"@type":"WebPage","@id":"https:\/\/atisistemas.com\/web\/es\/productos\/","url":"https:\/\/atisistemas.com\/web\/es\/productos\/","name":"Productos | ATI Sistemas","isPartOf":{"@id":"https:\/\/atisistemas.com\/web\/#website"},"datePublished":"2023-02-20T12:29:02+00:00","dateModified":"2025-12-08T14:07:36+00:00","description":"Suministro de instrumentaci\u00f3n industrial y para investigaci\u00f3n. Traceado el\u00e9ctrico.","breadcrumb":{"@id":"https:\/\/atisistemas.com\/web\/es\/productos\/#breadcrumb"},"inLanguage":"es","potentialAction":[{"@type":"ReadAction","target":["https:\/\/atisistemas.com\/web\/es\/productos\/"]}]},{"@type":"BreadcrumbList","@id":"https:\/\/atisistemas.com\/web\/es\/productos\/#breadcrumb","itemListElement":[{"@type":"ListItem","position":1,"name":"Inicio","item":"https:\/\/atisistemas.com\/web\/es\/inicio\/"},{"@type":"ListItem","position":2,"name":"Productos"}]},{"@type":"WebSite","@id":"https:\/\/atisistemas.com\/web\/#website","url":"https:\/\/atisistemas.com\/web\/","name":"ATI Sistemas","description":"ATI Sistemas","publisher":{"@id":"https:\/\/atisistemas.com\/web\/#organization"},"alternateName":"ATI","potentialAction":[{"@type":"SearchAction","target":{"@type":"EntryPoint","urlTemplate":"https:\/\/atisistemas.com\/web\/?s={search_term_string}"},"query-input":{"@type":"PropertyValueSpecification","valueRequired":true,"valueName":"search_term_string"}}],"inLanguage":"es"},{"@type":"Organization","@id":"https:\/\/atisistemas.com\/web\/#organization","name":"ATI Sistemas","alternateName":"ATI","url":"https:\/\/atisistemas.com\/web\/","logo":{"@type":"ImageObject","inLanguage":"es","@id":"https:\/\/atisistemas.com\/web\/#\/schema\/logo\/image\/","url":"https:\/\/atisistemas.com\/web\/wp-content\/uploads\/2023\/01\/logo-transparente.png","contentUrl":"https:\/\/atisistemas.com\/web\/wp-content\/uploads\/2023\/01\/logo-transparente.png","width":180,"height":75,"caption":"ATI Sistemas"},"image":{"@id":"https:\/\/atisistemas.com\/web\/#\/schema\/logo\/image\/"}}]}},"_links":{"self":[{"href":"https:\/\/atisistemas.com\/web\/wp-json\/wp\/v2\/pages\/62","targetHints":{"allow":["GET"]}}],"collection":[{"href":"https:\/\/atisistemas.com\/web\/wp-json\/wp\/v2\/pages"}],"about":[{"href":"https:\/\/atisistemas.com\/web\/wp-json\/wp\/v2\/types\/page"}],"author":[{"embeddable":true,"href":"https:\/\/atisistemas.com\/web\/wp-json\/wp\/v2\/users\/1"}],"replies":[{"embeddable":true,"href":"https:\/\/atisistemas.com\/web\/wp-json\/wp\/v2\/comments?post=62"}],"version-history":[{"count":72,"href":"https:\/\/atisistemas.com\/web\/wp-json\/wp\/v2\/pages\/62\/revisions"}],"predecessor-version":[{"id":4404,"href":"https:\/\/atisistemas.com\/web\/wp-json\/wp\/v2\/pages\/62\/revisions\/4404"}],"wp:attachment":[{"href":"https:\/\/atisistemas.com\/web\/wp-json\/wp\/v2\/media?parent=62"}],"curies":[{"name":"wp","href":"https:\/\/api.w.org\/{rel}","templated":true}]}}